{"id":99,"date":"2018-03-30T23:15:15","date_gmt":"2018-03-30T21:15:15","guid":{"rendered":"http:\/\/149.156.151.90\/~nszzpk\/?page_id=99"},"modified":"2025-11-20T13:29:24","modified_gmt":"2025-11-20T12:29:24","slug":"komisja-rewizyjna","status":"publish","type":"page","link":"https:\/\/solidarnosc.pk.edu.pl\/?page_id=99","title":{"rendered":"Komisja Rewizyjna"},"content":{"rendered":"<h3 style=\"text-align: center;\"><b><span style=\"font-family: Arial; font-size: x-large;\">Komisja Rewizyjna<\/span><\/b><\/h3>\n<p>&nbsp;<\/p>\n<p>&nbsp;<\/p>\n<h4><span style=\"color: #ff0000;\">kadencja 2023 &#8211; 2028<\/span><\/h4>\n<p><span style=\"color: #0000ff;\"><em><strong>Cz\u0142onkowie:<\/strong><\/em><\/span><\/p>\n<p>\u015aliwa Karolina<\/p>\n<p>\u015aliwi\u0144ska Joanna<\/p>\n<p>Wdowiarz- Bilska Matylda<\/p>\n<h4><span style=\"color: #ff0000;\">kadencja 2018 &#8211; 2022<\/span><\/h4>\n<p>Przewodnicz\u0105cy Komisji Rewizyjnej:<\/p>\n<p>El\u017cbieta Chrzanowska<\/p>\n<p><em><strong><span style=\"color: #0000ff;\">Cz\u0142onkowie:<\/span><\/strong><\/em><\/p>\n<p>Iwona Dyba,&nbsp;Gra\u017cyna Jastrz\u0119bska<\/p>\n<h4><span style=\"color: #ff0000;\">kadencja 2014 &#8211; 2018<\/span><\/h4>\n<p>Przewodnicz\u0105cy Komisji Rewizyjnej:<\/p>\n<p>dr in\u017c. Andrzej Potocki<\/p>\n<p><em><strong><span style=\"color: #0000ff;\">Cz\u0142onkowie:<\/span><\/strong><\/em><\/p>\n<p>mgr in\u017c. Maria Brygier,&nbsp;dr in\u017c. Marek Pi\u0105tkowski,&nbsp;dr Ewa Sadowska<\/p>\n<h4><span style=\"color: #ff0000;\">kadencja 2010 &#8211; 2014<\/span><\/h4>\n<p>Przewodnicz\u0105cy Komisji Rewizyjnej:<\/p>\n<p>dr in\u017c. Andrzej Potocki<\/p>\n<p><em><strong><span style=\"color: #0000ff;\">Cz\u0142onkowie:<\/span><\/strong><\/em><\/p>\n<p>mgr in\u017c. Maria Brygier,&nbsp;dr in\u017c. Mieczys\u0142aw Chmura,&nbsp;dr Ewa Sadowska<\/p>\n<h4><span style=\"color: #ff0000;\">kadencja 2006 &#8211; 2010<\/span><\/h4>\n<p>Przewodnicz\u0105cy Komisji Rewizyjnej:<\/p>\n<p>in\u017c. Barbara Giba\u0142a (do 03. 03. 2008)<\/p>\n<p><em><strong><span style=\"color: #0000ff;\">Cz\u0142onkowie:<\/span><\/strong><\/em><\/p>\n<p>mgr in\u017c. Maria Brygier,&nbsp;dr in\u017c.&nbsp;Mieczys\u0142aw Chmura,&nbsp;dr in\u017c. Andrzej Potocki,&nbsp;dr in\u017c. Pawe\u0142 Schramm<\/p>\n<h4><span style=\"color: #ff0000;\">kadencja 2002 &#8211; 2006<\/span><\/h4>\n<p>Przewodnicz\u0105cy Komisji Rewizyjnej:<\/p>\n<p>dr Czes\u0142aw Wilczy\u0144ski<\/p>\n<p><em><strong><span style=\"color: #0000ff;\">Cz\u0142onkowie:<\/span><\/strong><\/em><\/p>\n<p>in\u017c. Barbara Giba\u0142a,&nbsp;dr in\u017c. Barbara Ratomska,&nbsp;mgr Maria Reich,&nbsp;dr Andrzej W\u00f3jtowicz<\/p>\n<h4><span style=\"color: #ff0000;\">kadencja 1998 &#8211; 2002<\/span><\/h4>\n<p>Przewodnicz\u0105cy Komisji Rewizyjnej:<\/p>\n<p>mgr in\u017c. arch. Jan R\u0105czy<\/p>\n<p><em><strong><span style=\"color: #0000ff;\">Cz\u0142onkowie:<\/span><\/strong><\/em><\/p>\n<p>in\u017c. Barbara Giba\u0142a,dr Zdzis\u0142aw Milian,&nbsp;dr in\u017c. Jolanta Polaczek,&nbsp;dr in\u017c. Krzysztof Stypu\u0142a<\/p>\n","protected":false},"excerpt":{"rendered":"<p>Komisja Rewizyjna &nbsp; &nbsp; kadencja 2023 &#8211; 2028 Cz\u0142onkowie: \u015aliwa Karolina \u015aliwi\u0144ska Joanna Wdowiarz- Bilska &hellip;<\/p>\n","protected":false},"author":1,"featured_media":0,"parent":0,"menu_order":0,"comment_status":"closed","ping_status":"closed","template":"","meta":{"ngg_post_thumbnail":0,"_mc_calendar":[],"footnotes":""},"class_list":["post-99","page","type-page","status-publish","hentry"],"_links":{"self":[{"href":"https:\/\/solidarnosc.pk.edu.pl\/index.php?rest_route=\/wp\/v2\/pages\/99","targetHints":{"allow":["GET"]}}],"collection":[{"href":"https:\/\/solidarnosc.pk.edu.pl\/index.php?rest_route=\/wp\/v2\/pages"}],"about":[{"href":"https:\/\/solidarnosc.pk.edu.pl\/index.php?rest_route=\/wp\/v2\/types\/page"}],"author":[{"embeddable":true,"href":"https:\/\/solidarnosc.pk.edu.pl\/index.php?rest_route=\/wp\/v2\/users\/1"}],"replies":[{"embeddable":true,"href":"https:\/\/solidarnosc.pk.edu.pl\/index.php?rest_route=%2Fwp%2Fv2%2Fcomments&post=99"}],"version-history":[{"count":7,"href":"https:\/\/solidarnosc.pk.edu.pl\/index.php?rest_route=\/wp\/v2\/pages\/99\/revisions"}],"predecessor-version":[{"id":5100,"href":"https:\/\/solidarnosc.pk.edu.pl\/index.php?rest_route=\/wp\/v2\/pages\/99\/revisions\/5100"}],"wp:attachment":[{"href":"https:\/\/solidarnosc.pk.edu.pl\/index.php?rest_route=%2Fwp%2Fv2%2Fmedia&parent=99"}],"curies":[{"name":"wp","href":"https:\/\/api.w.org\/{rel}","templated":true}]}}