{"id":978,"date":"2019-10-24T14:36:57","date_gmt":"2019-10-24T12:36:57","guid":{"rendered":"http:\/\/solidarnosc.pk.edu.pl\/?page_id=978"},"modified":"2019-10-24T15:11:26","modified_gmt":"2019-10-24T13:11:26","slug":"37-pielgrzymka-ludzi-pracy-czestochowa-2019","status":"publish","type":"page","link":"https:\/\/solidarnosc.pk.edu.pl\/?page_id=978","title":{"rendered":"37 Pielgrzymka Ludzi Pracy &#8211; Cz\u0119stochowa 2019"},"content":{"rendered":"\n<p>15 wrze\u015bnia 2019 roku odby\u0142a si\u0119 37 Pielgrzymka Ludzi Pracy.<\/p>\n\n\n\nngg_shortcode_0_placeholder\n","protected":false},"excerpt":{"rendered":"<p>15 wrze\u015bnia 2019 roku odby\u0142a si\u0119 37 Pielgrzymka Ludzi Pracy.<\/p>\n","protected":false},"author":1,"featured_media":0,"parent":0,"menu_order":0,"comment_status":"closed","ping_status":"closed","template":"","meta":{"ngg_post_thumbnail":0,"_mc_calendar":[],"footnotes":""},"class_list":["post-978","page","type-page","status-publish","hentry"],"_links":{"self":[{"href":"https:\/\/solidarnosc.pk.edu.pl\/index.php?rest_route=\/wp\/v2\/pages\/978","targetHints":{"allow":["GET"]}}],"collection":[{"href":"https:\/\/solidarnosc.pk.edu.pl\/index.php?rest_route=\/wp\/v2\/pages"}],"about":[{"href":"https:\/\/solidarnosc.pk.edu.pl\/index.php?rest_route=\/wp\/v2\/types\/page"}],"author":[{"embeddable":true,"href":"https:\/\/solidarnosc.pk.edu.pl\/index.php?rest_route=\/wp\/v2\/users\/1"}],"replies":[{"embeddable":true,"href":"https:\/\/solidarnosc.pk.edu.pl\/index.php?rest_route=%2Fwp%2Fv2%2Fcomments&post=978"}],"version-history":[{"count":7,"href":"https:\/\/solidarnosc.pk.edu.pl\/index.php?rest_route=\/wp\/v2\/pages\/978\/revisions"}],"predecessor-version":[{"id":1018,"href":"https:\/\/solidarnosc.pk.edu.pl\/index.php?rest_route=\/wp\/v2\/pages\/978\/revisions\/1018"}],"wp:attachment":[{"href":"https:\/\/solidarnosc.pk.edu.pl\/index.php?rest_route=%2Fwp%2Fv2%2Fmedia&parent=978"}],"curies":[{"name":"wp","href":"https:\/\/api.w.org\/{rel}","templated":true}]}}