{"id":93,"date":"2018-03-30T23:14:07","date_gmt":"2018-03-30T21:14:07","guid":{"rendered":"http:\/\/149.156.151.90\/~nszzpk\/?page_id=93"},"modified":"2026-01-13T16:07:49","modified_gmt":"2026-01-13T15:07:49","slug":"prezydium-kz","status":"publish","type":"page","link":"https:\/\/solidarnosc.pk.edu.pl\/?page_id=93","title":{"rendered":"Prezydium KZ"},"content":{"rendered":"<h3 style=\"text-align: center;\">Prezydium Komisji Zak\u0142adowej<\/h3>\n<h4><span style=\"color: #ff0000;\"><strong>kadencja 2023 &#8211; 2028<\/strong><\/span><\/h4>\n<p><span style=\"color: #0000ff;\"><em><strong>Przewodnicz\u0105cy:<\/strong><\/em><\/span><br \/>\ndr in\u017c. Jacek Wojs<\/p>\n<p><span style=\"color: #0000ff;\"><em><strong>Wiceprzewodnicz\u0105cy:<\/strong><\/em><\/span><br \/>\ndr&nbsp; hab. Krystyna Romaniak prof. PK, dr hab. in\u017c. Marek Pi\u0105tkowski prof. PK<\/p>\n<p><span style=\"color: #0000ff;\"><em><strong>Cz\u0142onkowie:<\/strong><\/em><\/span><br \/>\ndr in\u017c. Ryszard Mas\u0142owski, Leszek Szcz\u0119\u015bniak, in\u017c. Janusz Szlachta, dr in.z arch. El\u017cbieta Waszczyszyn prof. PK, dr in\u017c. Marek Kowalski, dr in\u017c. Krzysztof G\u0142\u00f3d, dr in\u017c. S\u0142awomir B\u0105k<\/p>\n<h4><span style=\"color: #ff0000;\"><strong>kadencja 2018 &#8211; 2022<\/strong><\/span><\/h4>\n<p><em><strong><span style=\"color: #0000ff;\">Przewodnicz\u0105cy:<\/span><\/strong><\/em><br \/>\ndr in\u017c. Jacek Wojs<\/p>\n<p><span style=\"color: #0000ff;\"><em><strong>Wiceprzewodnicz\u0105cy:<\/strong><\/em><\/span><br \/>\ndr hab. Krystyna Romaniak prof. PK,&nbsp;dr in\u017c. Marek Pi\u0105tkowski<\/p>\n<p><em><strong><span style=\"color: #0000ff;\">Cz\u0142onkowie:<\/span><\/strong><\/em><br \/>\nin\u017c. Marek Bielczyk,&nbsp;dr in\u017c. Wies\u0142aw Jakubas,&nbsp;mgr in\u017c. Krzysztof Lis,&nbsp;dr in\u017c. Ryszard Mas\u0142owski,&nbsp;lic. Beata Nawrot<br \/>\nRyszard Wolny<\/p>\n<h4><span style=\"color: #ff0000;\"><strong>kadencja 2014 &#8211; 2018<\/strong><\/span><\/h4>\n<p><span style=\"color: #0000ff;\"><em><strong>Przewodnicz\u0105cy:<\/strong><\/em><\/span><br \/>\ndr in\u017c. Janusz Zaj\u0119cki<\/p>\n<p><em><strong><span style=\"color: #0000ff;\">Wiceprzewodnicz\u0105cy:<\/span><\/strong><\/em><br \/>\ndr hab. Krystyna Romaniak,&nbsp;in\u017c. Marek Bielczyk<br \/>\n<span style=\"color: #0000ff;\"><em><strong>Cz\u0142onkowie:<\/strong><\/em><\/span><br \/>\ndr in\u017c. Wies\u0142aw Jakubas,&nbsp;mgr in\u017c. Krzysztof Lis,&nbsp;lic. Beata Nawrot,&nbsp;mgr in\u017c. Stanis\u0142aw Stru\u015b,&nbsp;in\u017c. Janusz Szlachta,&nbsp;dr in\u017c. Jacek Wojs<\/p>\n<h4><span style=\"color: #ff0000;\">kadencja 2010 &#8211; 2014<\/span><\/h4>\n<p><em><strong><span style=\"color: #0000ff;\">Przewodnicz\u0105cy:<\/span><\/strong><\/em><br \/>\ndr in\u017c. Janusz Zaj\u0119cki<br \/>\n<em><strong><span style=\"color: #0000ff;\">Wiceprzewodnicz\u0105cy:<\/span><\/strong><\/em><br \/>\ndr in\u017c. El\u017cbieta Chrzanowska,&nbsp;in\u017c. Marek Bielczyk<br \/>\n<span style=\"color: #0000ff;\"><em><strong>Cz\u0142onkowie:<\/strong><\/em><\/span><br \/>\ndr in\u017c. Wies\u0142aw Jakubas,&nbsp;lic. Beata Nawrot,&nbsp;mgr in\u017c. Marta Niemiec,&nbsp;dr Krystyna Romaniak,&nbsp;in\u017c. Janusz Szlachta,&nbsp;dr in\u017c. Jacek Wojs<\/p>\n<h4><span style=\"color: #ff0000;\">kadencja 2006 &#8211; 2010<\/span><\/h4>\n<p><span style=\"color: #0000ff;\"><strong><em>Przewodnicz\u0105cy:<\/em><\/strong><\/span><br \/>\ndr in\u017c. Janusz Zaj\u0119cki<br \/>\n<strong><em><span style=\"color: #0000ff;\">Wiceprzewodnicz\u0105cy:<\/span><\/em><\/strong><br \/>\ndr in\u017c. El\u017cbieta Chrzanowska,&nbsp;in\u017c. Marek Bielczyk<br \/>\n<em><strong><span style=\"color: #0000ff;\">Cz\u0142onkowie:<\/span><\/strong><\/em><br \/>\ndr in\u017c. Wies\u0142aw Jakubas,&nbsp;Beata Nawrot,&nbsp;mgr in\u017c. Marta Niemiec,&nbsp;dr Krystyna Romaniak,&nbsp;in\u017c. Janusz Szlachta,&nbsp;mgr in\u017c. Jacek Wojs<\/p>\n<h4><span style=\"color: #ff0000;\">kadencja 2002 &#8211; 2006<\/span><\/h4>\n<p><span style=\"color: #0000ff;\"><em><strong>Przewodnicz\u0105cy:<\/strong><\/em><\/span><br \/>\ndr in\u017c. Janusz Zaj\u0119cki<br \/>\n<span style=\"color: #0000ff;\"><em><strong>Wiceprzewodnicz\u0105cy:<\/strong><\/em><\/span><br \/>\ndr in\u017c. El\u017cbieta Chrzanowska,&nbsp;in\u017c. Marek Bielczyk<br \/>\n<em><strong><span style=\"color: #0000ff;\">Cz\u0142onkowie:<\/span><\/strong><\/em><br \/>\ndr in\u017c. Ma\u0142gorzata Duraj,&nbsp;dr in\u017c. Wies\u0142aw Jakubas,&nbsp;Beata Nawrot,&nbsp;mgr in\u017c. Marta Niemiec,&nbsp;dr Ewa Janina Sadowska,&nbsp;dr hab. in\u017c. arch. El\u017cbieta W\u0119c\u0142awowicz-Bilska prof. PK,&nbsp;mgr in\u017c. Jacek Wojs<\/p>\n<h4><span style=\"color: #ff0000;\">kadencja 1998 &#8211; 2002<\/span><\/h4>\n<p><span style=\"color: #0000ff;\"><em><strong>Przewodnicz\u0105cy:<\/strong><\/em><\/span><br \/>\ndr in\u017c. Janusz Zaj\u0119cki<br \/>\n<span style=\"color: #0000ff;\"><em><strong>Wiceprzewodnicz\u0105cy:<\/strong><\/em><\/span><br \/>\ndr in\u017c. El\u017cbieta Chrzanowska,&nbsp;dr hab. Ludwik Byszewski,&nbsp;dr Czes\u0142aw Wilczy\u0144ski<br \/>\n<em><strong><span style=\"color: #0000ff;\">Cz\u0142onkowie:<\/span><\/strong><\/em><br \/>\nin\u017c. Marek Bielczyk,&nbsp;dr in\u017c. Marian Miko\u0142ajek,&nbsp;Beata Nawrot,&nbsp;mgr in\u017c. Marta Niemiec,&nbsp;mgr in\u017c. Agnieszka Sadowska,&nbsp;dr hab. in\u017c. arch. El\u017cbieta W\u0119c\u0142awowicz &#8211; Bilska prof. PK<\/p>\n","protected":false},"excerpt":{"rendered":"<p>Prezydium Komisji Zak\u0142adowej kadencja 2023 &#8211; 2028 Przewodnicz\u0105cy: dr in\u017c. Jacek Wojs Wiceprzewodnicz\u0105cy: dr&nbsp; hab. &hellip;<\/p>\n","protected":false},"author":1,"featured_media":0,"parent":0,"menu_order":0,"comment_status":"closed","ping_status":"closed","template":"","meta":{"ngg_post_thumbnail":0,"_mc_calendar":[],"footnotes":""},"class_list":["post-93","page","type-page","status-publish","hentry"],"_links":{"self":[{"href":"https:\/\/solidarnosc.pk.edu.pl\/index.php?rest_route=\/wp\/v2\/pages\/93","targetHints":{"allow":["GET"]}}],"collection":[{"href":"https:\/\/solidarnosc.pk.edu.pl\/index.php?rest_route=\/wp\/v2\/pages"}],"about":[{"href":"https:\/\/solidarnosc.pk.edu.pl\/index.php?rest_route=\/wp\/v2\/types\/page"}],"author":[{"embeddable":true,"href":"https:\/\/solidarnosc.pk.edu.pl\/index.php?rest_route=\/wp\/v2\/users\/1"}],"replies":[{"embeddable":true,"href":"https:\/\/solidarnosc.pk.edu.pl\/index.php?rest_route=%2Fwp%2Fv2%2Fcomments&post=93"}],"version-history":[{"count":11,"href":"https:\/\/solidarnosc.pk.edu.pl\/index.php?rest_route=\/wp\/v2\/pages\/93\/revisions"}],"predecessor-version":[{"id":5143,"href":"https:\/\/solidarnosc.pk.edu.pl\/index.php?rest_route=\/wp\/v2\/pages\/93\/revisions\/5143"}],"wp:attachment":[{"href":"https:\/\/solidarnosc.pk.edu.pl\/index.php?rest_route=%2Fwp%2Fv2%2Fmedia&parent=93"}],"curies":[{"name":"wp","href":"https:\/\/api.w.org\/{rel}","templated":true}]}}