{"id":90,"date":"2018-03-30T23:13:41","date_gmt":"2018-03-30T21:13:41","guid":{"rendered":"http:\/\/149.156.151.90\/~nszzpk\/?page_id=90"},"modified":"2024-04-17T12:59:24","modified_gmt":"2024-04-17T10:59:24","slug":"komisja-zakladowa","status":"publish","type":"page","link":"https:\/\/solidarnosc.pk.edu.pl\/?page_id=90","title":{"rendered":"KOMISJA ZAK\u0141ADOWA"},"content":{"rendered":"<h3 style=\"text-align: center;\"><strong>Komisja Zak\u0142adowa<\/strong><\/h3>\n<p>&nbsp;<\/p>\n<p>&nbsp;<\/p>\n<h4><span style=\"color: #ff0000;\"><strong>kadencja 2023 &#8211; 2028<\/strong><\/span><\/h4>\n<p><strong><em><span style=\"color: #0000ff;\">Przewodnicz\u0105cy Komisji Zak\u0142adowej NSZZ &#8222;Solidarno\u015b\u0107&#8221; PK:<\/span> <\/em><\/strong><\/p>\n<p>Jacek Wojs<\/p>\n<p>B\u0105k S\u0142awomir, Bielczyk Marek, Branicka El\u017cbieta, Dorota Dariusz, Gil Stanis\u0142aw, G\u0142\u00f3d Krzysztof, Gyurkovich Mateusz, Kisielewski Piotr, Koro\u0144ski Jan, Kowalski Marek, Kulig Anna, Kuzora Tomasz, Mas\u0142owski Ryszard, Osak Andrzej, Partyka Andrzej, Pi\u0105tkowski Marek, Pr\u0105cik Micha\u0142, Romaniak Krystyna, Stru\u015b Stanis\u0142aw, Szcz\u0119\u015bniak Leszek, Szlachta Janusz, Waszczyszyn El\u017cbieta<\/p>\n<h4><strong><span style=\"color: #ff0000;\">kadencja 2018 &#8211; 2022<\/span><\/strong><\/h4>\n<p style=\"text-align: left;\"><strong><span style=\"color: #0000ff;\"><em>Przewodnicz\u0105cy Komisji Zak\u0142adowej NSZZ &#8222;Solidarno\u015b\u0107&#8221; PK: <\/em><\/span><\/strong><\/p>\n<p style=\"text-align: left;\">&nbsp; Jacek Wojs<\/p>\n<p style=\"text-align: left;\"><span style=\"color: #0000ff;\"><strong><em>Cz\u0142onkowie Komisji Zak\u0142adowej&nbsp;<\/em><em>NSZZ &#8222;Solidarno\u015b\u0107&#8221; PK:<\/em><\/strong><\/span><\/p>\n<p style=\"text-align: left;\">Jaros\u0142aw Bajer,&nbsp;Marek Bielczyk,&nbsp;Katarzyna Fabijanowska,&nbsp;Stanis\u0142aw Gil,&nbsp;Wies\u0142aw Jakubas,&nbsp;Marcin Jonak,&nbsp;Piotr Kisielewski,&nbsp;Tomasz Kuzora,&nbsp;Krzysztof Lis,&nbsp;Ryszard Mas\u0142owski,&nbsp;Estera Michnowska,&nbsp;Beata Nawrot, Andrzej Partyka,&nbsp;Marek Pi\u0105tkowski,&nbsp;Micha\u0142 Pr\u0105cik,&nbsp;Krystyna Romaniak,&nbsp;Stanis\u0142aw Stru\u015b,&nbsp;Janusz Szlachta,&nbsp;El\u017cbieta Waszczyszyn,&nbsp;Ryszard Wolny,&nbsp;Ma\u0142gorzata Zaj\u0119cka,&nbsp;Janusz Zaj\u0119cki<\/p>\n<p style=\"text-align: left;\">&nbsp;<\/p>\n<h4 style=\"text-align: left;\"><span style=\"color: #ff0000;\">kadencja 2014 &#8211; 2018<\/span><\/h4>\n<p style=\"text-align: left;\"><strong><span style=\"color: #0000ff;\"><em>Przewodnicz\u0105cy Komisji Zak\u0142adowej:<\/em><\/span><\/strong><\/p>\n<p style=\"text-align: left;\">dr in\u017c. Janusz Zaj\u0119cki<\/p>\n<p style=\"text-align: left;\"><strong><span style=\"color: #0000ff;\"><em>Cz\u0142onkowie Komisji Zak\u0142adowej:<\/em><\/span><\/strong><\/p>\n<p style=\"text-align: left;\">in\u017c. Marek Bielczyk,&nbsp;dr in\u017c. El\u017cbieta Chrzanowska,&nbsp;dr in\u017c. Stanis\u0142aw Gil,&nbsp;mgr Danuta Jab\u0142o\u0144ska,&nbsp;dr in\u017c. Wies\u0142aw Jakubas,&nbsp;dr in\u017c. Marcin Jonak,&nbsp;dr in\u017c. Piotr Kisielewski,&nbsp;dr Jan Koro\u0144ski,&nbsp;mgr in\u017c. Krzysztof Lis,&nbsp;dr in\u017c. Ryszard Mas\u0142owski,&nbsp;lic. Beata Nawrot,&nbsp;mgr in\u017c. Marta Niemiec,&nbsp;mgr Andrzej Partyka,&nbsp;dr in\u017c. arch. Marcin Petelenz,&nbsp;dr in\u017c. Jolanta Polaczek,&nbsp;dr in\u017c. Micha\u0142 Pr\u0105cik,&nbsp;Alicja Radzikowska-Kerc,&nbsp;dr hab. Krystyna Romaniak,&nbsp;mgr Edward S\u0142awi\u0144ski,&nbsp;mgr in\u017c. Stanis\u0142aw Stru\u015b,&nbsp;in\u017c. Janusz Szlachta,&nbsp;dr in\u017c. Jacek Wojs<\/p>\n<p style=\"text-align: left;\">&nbsp;<\/p>\n<h4 style=\"text-align: left;\"><strong><span style=\"color: #ff0000;\">kadencja 2010 &#8211; 2014<\/span><\/strong><\/h4>\n<p style=\"text-align: left;\"><strong><span style=\"color: #0000ff;\"><em>Przewodnicz\u0105cy Komisji Zak\u0142adowej:<\/em><\/span><\/strong><\/p>\n<p style=\"text-align: left;\">dr in\u017c. Janusz Zaj\u0119cki<\/p>\n<p style=\"text-align: left;\"><strong><span style=\"color: #0000ff;\"><em>Cz\u0142onkowie Komisij Zak\u0142adowej:<\/em><\/span><\/strong><\/p>\n<p style=\"text-align: left;\">in\u017c. Marek Bielczyk,&nbsp;dr in\u017c. El\u017cbieta Chrzanowska,&nbsp;dr in\u017c. Stanis\u0142aw Gil,&nbsp;dr in\u017c. arch. Katarzyna Hodor,&nbsp;mgr Danuta Jab\u0142o\u0144ska,&nbsp;dr in\u017c. Wies\u0142aw Jakubas,&nbsp;mgr in\u017c. Krzysztof Lis,&nbsp;dr Antoni Marci\u0144ski,&nbsp;dr in\u017c. Ryszard Mas\u0142owski,&nbsp;lic. Beata Nawrot,&nbsp;mgr in\u017c. Marta Niemiec,&nbsp;mgr Andrzej Partyka,&nbsp;dr in\u017c. Jolanta Polaczek,&nbsp;dr in\u017c. Micha\u0142 Pr\u0105cik,&nbsp;Alicja Radzikowska-Kerc,&nbsp;dr Krystyna Romaniak,&nbsp;dr in\u017c. Jacek Skowron,&nbsp;mgr Edward S\u0142awi\u0144ski,&nbsp;mgr in\u017c. Stanis\u0142aw Stru\u015b,&nbsp;in\u017c. Janusz Szlachta,&nbsp;dr in\u017c. Jacek Wojs,&nbsp;dr Bronis\u0142aw Zaj\u0105czkowski<\/p>\n<p style=\"text-align: left;\">&nbsp;<\/p>\n<h4 style=\"text-align: left;\"><strong><span style=\"color: #ff0000;\">kadencja 2006 &#8211; 2010<\/span><\/strong><\/h4>\n<p style=\"text-align: left;\"><strong><span style=\"color: #0000ff;\"><em>Przewodnicz\u0105cy Komisji Zak\u0142adowej:<\/em><\/span><\/strong><\/p>\n<p style=\"text-align: left;\">dr in\u017c. Janusz Zaj\u0119cki<\/p>\n<p style=\"text-align: left;\"><strong><span style=\"color: #0000ff;\"><em>Cz\u0142onkowie Komisij Zak\u0142adowej:<\/em><\/span><\/strong><\/p>\n<p style=\"text-align: left;\">in\u017c. Marek Bielczykdr in\u017c. El\u017cbieta Chrzanowska,&nbsp;dr in\u017c. Stanis\u0142aw Gil,&nbsp;dr in\u017c. Wies\u0142aw Jakubas,&nbsp;dr in\u017c. arch. Anna Kantarek,&nbsp;mgr in\u017c. Krzysztof Lis,&nbsp;mgr Anna Madej,&nbsp;dr Antoni Marci\u0144ski,&nbsp;dr in\u017c. Ryszard Mas\u0142owski,&nbsp;dr in\u017c. Zdzis\u0142aw Milian,&nbsp;Beata Nawrot,&nbsp;mgr in\u017c. Marta Niemiec,&nbsp;mgr in\u017c. Jan Ortyl,&nbsp;dr in\u017c. Jolanta Polaczek,&nbsp;dr in\u017c. Micha\u0142 Pr\u0105cik,&nbsp;dr Krystyna Romaniak,&nbsp;mgr in\u017c. Stefan Sarna,&nbsp;dr in\u017c. Jacek Skowron,&nbsp;mgr Edward S\u0142awi\u0144ski,&nbsp;mgr in\u017c. Stanis\u0142aw Stru\u015b,&nbsp;mgr Bo\u017cena Suchanek,&nbsp;in\u017c. Janusz Szlachta,&nbsp;mgr in\u017c. Jacek Wojs<\/p>\n<p style=\"text-align: left;\">&nbsp;<\/p>\n<h4 style=\"text-align: left;\"><span style=\"color: #ff0000;\">kadencja 2002 &#8211; 2006<\/span><\/h4>\n<p style=\"text-align: left;\"><strong><em><span style=\"color: #0000ff;\">Przewodnicz\u0105cy Komisji Zak\u0142adowej:<\/span><\/em><\/strong><\/p>\n<p style=\"text-align: left;\">dr in\u017c. Janusz Zaj\u0119cki<\/p>\n<p style=\"text-align: left;\"><strong><em><span style=\"color: #0000ff;\">Cz\u0142onkowie Komisij Zak\u0142adowej:<\/span><\/em><\/strong><\/p>\n<p style=\"text-align: left;\">in\u017c. Marek Bielczykdr in\u017c. El\u017cbieta Chrzanowska,&nbsp;dr in\u017c. Ma\u0142gorzata Duraj,&nbsp;dr in\u017c. Wies\u0142aw Jakubas,&nbsp;mgr in\u017c. Adam Jarz\u0105bek,&nbsp;mgr in\u017c. arch. Anna Kantarek,&nbsp;dr in\u017c. Jerzy Stanis\u0142aw Kowalski,&nbsp;mgr Anna Madej,&nbsp;dr Antoni Marci\u0144ski,&nbsp;dr in\u017c. Ryszard Mas\u0142owski,&nbsp;dr in\u017c. Zdzis\u0142aw Milian,&nbsp;Beata Nawrot,&nbsp;mgr in\u017c. Marta Niemiec,&nbsp;mgr in\u017c. Jan Ortyl,&nbsp;dr in\u017c. Jolanta Polaczek,&nbsp;Alicja Radzikowska-Kerc,&nbsp;dr Krystyna Romaniak,&nbsp;dr Ewa Janina Sadowska,&nbsp;mgr in\u017c. Stefan Sarna,&nbsp;dr in\u017c. Jacek Skowron,&nbsp;mgr Edward S\u0142awi\u0144ski,&nbsp;mgr Bo\u017cena Suchanek,&nbsp;dr in\u017c. Tadeusz Tatara,&nbsp;dr hab. in\u017c. arch. El\u017cbieta W\u0119c\u0142awowicz-Bilska prof. PK,&nbsp;mgr in\u017c. Jacek Wojs,&nbsp;dr Anna W\u00f3jtowicz&nbsp;<\/p>\n<p style=\"text-align: left;\">&nbsp;<\/p>\n<h4 style=\"text-align: left;\"><strong><span style=\"color: #ff0000;\">kadencja 1998 &#8211; 2002<\/span><\/strong><\/h4>\n<p style=\"text-align: left;\"><strong><em><span style=\"color: #0000ff;\">Przewodnicz\u0105cy Komisji Zak\u0142adowej:<\/span><\/em><\/strong><\/p>\n<p style=\"text-align: left;\">dr in\u017c. Janusz Zaj\u0119cki<\/p>\n<p style=\"text-align: left;\"><strong><span style=\"color: #0000ff;\"><em>Cz\u0142onkowie Komisij Zak\u0142adowej:<\/em><\/span><\/strong><\/p>\n<p style=\"text-align: left;\">in\u017c. Marek Bielczyk,&nbsp;dr hab. Ludwik Byszewski,&nbsp;dr in\u017c. El\u017cbieta Chrzanowska,&nbsp;dr in\u017c. arch. Ewa Heczko &#8211; Hy\u0142owa,&nbsp;dr in\u017c. Wies\u0142aw Jakubas,&nbsp;mgr in\u017c. Adam Jarz\u0105bek,&nbsp;dr Wanda Kowalska,&nbsp;in\u017c. Krystyna Kozie\u0144,&nbsp;mgr in\u017c. Krzysztof Lis,&nbsp;mgr Anna Madej,&nbsp;mgr in\u017c. Marian Miko\u0142ajek,&nbsp;Beata Nawrot,&nbsp;mgr in\u017c. Marta Niemiec,&nbsp;mgr in\u017c. Jan Ortyl,&nbsp;tech. ekon. Alicja Radzikowska &#8211; Kerc,&nbsp;mgr Krystyna Romaniak,&nbsp;dr fil. Ewa Sadowska,&nbsp;dr in\u017c. Agnieszka Sadowska,&nbsp;dr in\u017c. Jacek Skowron,&nbsp;mgr Edward S\u0142awi\u0144ski,&nbsp;mgr Danuta Smereka,&nbsp;dr hab.&nbsp; in\u017c. arch.El\u017cbieta W\u0119c\u0142awowicz &#8211; Bilska prof. PK,&nbsp;dr Czes\u0142aw Wilczy\u0144ski,&nbsp;dr in\u017c. Hanna Witkowska,&nbsp;mgr in\u017c. Jacek Wojs,&nbsp;dr Anna W\u00f3jtowicz<\/p>\n","protected":false},"excerpt":{"rendered":"<p>Komisja Zak\u0142adowa &nbsp; &nbsp; kadencja 2023 &#8211; 2028 Przewodnicz\u0105cy Komisji Zak\u0142adowej NSZZ &#8222;Solidarno\u015b\u0107&#8221; PK: Jacek &hellip;<\/p>\n","protected":false},"author":1,"featured_media":0,"parent":0,"menu_order":0,"comment_status":"closed","ping_status":"closed","template":"","meta":{"ngg_post_thumbnail":0,"_mc_calendar":[],"footnotes":""},"class_list":["post-90","page","type-page","status-publish","hentry"],"_links":{"self":[{"href":"https:\/\/solidarnosc.pk.edu.pl\/index.php?rest_route=\/wp\/v2\/pages\/90","targetHints":{"allow":["GET"]}}],"collection":[{"href":"https:\/\/solidarnosc.pk.edu.pl\/index.php?rest_route=\/wp\/v2\/pages"}],"about":[{"href":"https:\/\/solidarnosc.pk.edu.pl\/index.php?rest_route=\/wp\/v2\/types\/page"}],"author":[{"embeddable":true,"href":"https:\/\/solidarnosc.pk.edu.pl\/index.php?rest_route=\/wp\/v2\/users\/1"}],"replies":[{"embeddable":true,"href":"https:\/\/solidarnosc.pk.edu.pl\/index.php?rest_route=%2Fwp%2Fv2%2Fcomments&post=90"}],"version-history":[{"count":7,"href":"https:\/\/solidarnosc.pk.edu.pl\/index.php?rest_route=\/wp\/v2\/pages\/90\/revisions"}],"predecessor-version":[{"id":3669,"href":"https:\/\/solidarnosc.pk.edu.pl\/index.php?rest_route=\/wp\/v2\/pages\/90\/revisions\/3669"}],"wp:attachment":[{"href":"https:\/\/solidarnosc.pk.edu.pl\/index.php?rest_route=%2Fwp%2Fv2%2Fmedia&parent=90"}],"curies":[{"name":"wp","href":"https:\/\/api.w.org\/{rel}","templated":true}]}}