{"id":718,"date":"2018-12-17T12:51:42","date_gmt":"2018-12-17T11:51:42","guid":{"rendered":"http:\/\/solidarnosc.pk.edu.pl\/?page_id=718"},"modified":"2018-12-17T13:09:23","modified_gmt":"2018-12-17T12:09:23","slug":"13-grudnia-2018-msza-rocznicowa-na-wawelu","status":"publish","type":"page","link":"https:\/\/solidarnosc.pk.edu.pl\/?page_id=718","title":{"rendered":"13 grudnia 2018 &#8211; Msza rocznicowa na Wawelu"},"content":{"rendered":"<p>13 grudnia 2018 r. odby\u0142a si\u0119 uroczysta Msza \u015aw. rocznicowa na Wawelu z okazji wprowadzenia w 1981 roku stanu wojennego. Eucharystii przewodniczy\u0142 metropolita krakowski abp Marek J\u0119draszewski a koncelebrowali j\u0105 duszpasterze \u201eSolidarno\u015bci\u201d z ca\u0142ej Ma\u0142opolski.<\/p>\n<p>\u2013 13 grudnia 1981 roku dosz\u0142o do owej tragicznej nocy, ale te\u017c niemal od razu pokaza\u0142 si\u0119 stra\u017cnik naszych zmaga\u0144 o wolno\u015b\u0107 \u2013 w spos\u00f3b symboliczny na oknie apartament\u00f3w papieskich rozb\u0142ys\u0142o \u015bwiate\u0142ko szczeg\u00f3lnej pami\u0119ci, kt\u00f3re sta\u0142o si\u0119 wzorem dla innych nie tylko w Polsce. W imi\u0119 solidarno\u015bci z \u201eSolidarno\u015bci\u0105\u201d w Polsce. Tyle ludzi, tak\u017ce wielkich tego \u015bwiata, id\u0105c za Janem Paw\u0142em II, chcia\u0142o pami\u0119ta\u0107 \u2013 przypomnia\u0142 w swej homilii abp J\u0119draszewski.<\/p>\n<p>\u201e 13 grudnia 1981 roku by\u0142 jednym z najczarniejszych dni w powojennych dziejach Polski. By\u0142 dniem, w kt\u00f3rym komunistyczna w\u0142adza wyst\u0105pi\u0142a przeciwko polskiemu Narodowi, a r\u0119koma milicjant\u00f3w i wojskowych, funkcjonariuszy i wsp\u00f3\u0142pracownik\u00f3w systemu \u2013 z\u0142ama\u0142a \u017cycie wielu osobom. (\u2026) Ofiarami represji stanu wojennego by\u0142y setki tysi\u0119cy Polak\u00f3w. Totalitarna w\u0142adza z rozmys\u0142em uderza\u0142a w spo\u0142ecze\u0144stwo \u2013 dziel\u0105c je i zastraszaj\u0105c. Gn\u0119bi\u0142a ludzi dla kt\u00f3rych nadrz\u0119dnym celem by\u0142a walka o wolno\u015b\u0107 i wyrwanie si\u0119 ze szpon\u00f3w zbrodniczej dyktatury. Bohaterowie tamtego czasu, cz\u0119sto do dzi\u015b pozostaj\u0105 anonimowi Przeciwstawiali si\u0119 opresyjnemu aparatowi pa\u0144stwa, p\u0142ac\u0105c za to niejednokrotnie wysok\u0105 cen\u0119. Cen\u0119 nie tylko zdrowia i szcz\u0119\u015bcia rodzinnego ale tak\u017ce kariery i mo\u017cliwo\u015bci utrzymania rodziny. Ich po\u015bwi\u0119cenie na zawsze zapisa\u0142o si\u0119 na kartach polskiej historii i w naszej pami\u0119ci. Sk\u0142adam dzi\u015b ho\u0142d wszystkim Ofiarom stanu Wojennego. Cze\u015b\u0107 ich pami\u0119ci! &#8211; napisa\u0142a Premier Beata Szyd\u0142o w li\u015bcie do uczestnik\u00f3w uroczysto\u015bci rocznicowych, odczytanym przez Wojewod\u0119 Ma\u0142opolskiego Piotra \u0106wika.<\/p>\n<p style=\"text-align: right;\"><a href=\"http:\/\/solidarnosc.krakow.pl\/?q=node\/1593\">czytaj wi\u0119cej<\/a><\/p>\n<p style=\"text-align: right;\">&nbsp;<\/p>\nngg_shortcode_0_placeholder\n<p>&nbsp;<\/p>\n<p>&nbsp;<\/p>\n<p style=\"text-align: right;\">\u017br\u00f3d\u0142o: solidarnosc.krakow.pl<\/p>\n","protected":false},"excerpt":{"rendered":"<p>13 grudnia 2018 r. odby\u0142a si\u0119 uroczysta Msza \u015aw. rocznicowa na Wawelu z okazji wprowadzenia &hellip;<\/p>\n","protected":false},"author":1,"featured_media":0,"parent":0,"menu_order":0,"comment_status":"closed","ping_status":"closed","template":"","meta":{"ngg_post_thumbnail":0,"_mc_calendar":[],"footnotes":""},"class_list":["post-718","page","type-page","status-publish","hentry"],"_links":{"self":[{"href":"https:\/\/solidarnosc.pk.edu.pl\/index.php?rest_route=\/wp\/v2\/pages\/718","targetHints":{"allow":["GET"]}}],"collection":[{"href":"https:\/\/solidarnosc.pk.edu.pl\/index.php?rest_route=\/wp\/v2\/pages"}],"about":[{"href":"https:\/\/solidarnosc.pk.edu.pl\/index.php?rest_route=\/wp\/v2\/types\/page"}],"author":[{"embeddable":true,"href":"https:\/\/solidarnosc.pk.edu.pl\/index.php?rest_route=\/wp\/v2\/users\/1"}],"replies":[{"embeddable":true,"href":"https:\/\/solidarnosc.pk.edu.pl\/index.php?rest_route=%2Fwp%2Fv2%2Fcomments&post=718"}],"version-history":[{"count":6,"href":"https:\/\/solidarnosc.pk.edu.pl\/index.php?rest_route=\/wp\/v2\/pages\/718\/revisions"}],"predecessor-version":[{"id":731,"href":"https:\/\/solidarnosc.pk.edu.pl\/index.php?rest_route=\/wp\/v2\/pages\/718\/revisions\/731"}],"wp:attachment":[{"href":"https:\/\/solidarnosc.pk.edu.pl\/index.php?rest_route=%2Fwp%2Fv2%2Fmedia&parent=718"}],"curies":[{"name":"wp","href":"https:\/\/api.w.org\/{rel}","templated":true}]}}