{"id":687,"date":"2018-12-17T09:59:22","date_gmt":"2018-12-17T08:59:22","guid":{"rendered":"http:\/\/solidarnosc.pk.edu.pl\/?page_id=687"},"modified":"2018-12-17T12:41:47","modified_gmt":"2018-12-17T11:41:47","slug":"spotkanie-oplatkowe-2018","status":"publish","type":"page","link":"https:\/\/solidarnosc.pk.edu.pl\/?page_id=687","title":{"rendered":"Spotkanie op\u0142atkowe 2018"},"content":{"rendered":"<p>13 grudnia 2018 r. odby\u0142o si\u0119 spotkanie op\u0142atkowe NSZZ Solidarno\u015b\u0107 PK w Galerii GIL.<\/p>\nngg_shortcode_0_placeholder\n","protected":false},"excerpt":{"rendered":"<p>13 grudnia 2018 r. odby\u0142o si\u0119 spotkanie op\u0142atkowe NSZZ Solidarno\u015b\u0107 PK w Galerii GIL.<\/p>\n","protected":false},"author":1,"featured_media":0,"parent":0,"menu_order":0,"comment_status":"closed","ping_status":"closed","template":"","meta":{"ngg_post_thumbnail":0,"_mc_calendar":[],"footnotes":""},"class_list":["post-687","page","type-page","status-publish","hentry"],"_links":{"self":[{"href":"https:\/\/solidarnosc.pk.edu.pl\/index.php?rest_route=\/wp\/v2\/pages\/687","targetHints":{"allow":["GET"]}}],"collection":[{"href":"https:\/\/solidarnosc.pk.edu.pl\/index.php?rest_route=\/wp\/v2\/pages"}],"about":[{"href":"https:\/\/solidarnosc.pk.edu.pl\/index.php?rest_route=\/wp\/v2\/types\/page"}],"author":[{"embeddable":true,"href":"https:\/\/solidarnosc.pk.edu.pl\/index.php?rest_route=\/wp\/v2\/users\/1"}],"replies":[{"embeddable":true,"href":"https:\/\/solidarnosc.pk.edu.pl\/index.php?rest_route=%2Fwp%2Fv2%2Fcomments&post=687"}],"version-history":[{"count":10,"href":"https:\/\/solidarnosc.pk.edu.pl\/index.php?rest_route=\/wp\/v2\/pages\/687\/revisions"}],"predecessor-version":[{"id":717,"href":"https:\/\/solidarnosc.pk.edu.pl\/index.php?rest_route=\/wp\/v2\/pages\/687\/revisions\/717"}],"wp:attachment":[{"href":"https:\/\/solidarnosc.pk.edu.pl\/index.php?rest_route=%2Fwp%2Fv2%2Fmedia&parent=687"}],"curies":[{"name":"wp","href":"https:\/\/api.w.org\/{rel}","templated":true}]}}