{"id":652,"date":"2018-10-22T21:00:22","date_gmt":"2018-10-22T19:00:22","guid":{"rendered":"http:\/\/solidarnosc.pk.edu.pl\/?page_id=652"},"modified":"2024-12-18T09:30:13","modified_gmt":"2024-12-18T08:30:13","slug":"36pielgrzymkasp","status":"publish","type":"page","link":"https:\/\/solidarnosc.pk.edu.pl\/?page_id=652","title":{"rendered":"36 Pielgrzymka \u015awiata Pracy"},"content":{"rendered":"<p>\u015awi\u0119tej pami\u0119ci ksi\u0105dz Jerzy Popie\u0142uszko w 1982 roku zorganizowa\u0142 I pielgrzymk\u0119 \u015awiata Pracy na Jasn\u0105 G\u00f3r\u0119. Po jego m\u0119cze\u0144skiej \u015bmierci pielgrzymki s\u0105 kontynuowane&#8230;<\/p>\nngg_shortcode_0_placeholder\n","protected":false},"excerpt":{"rendered":"<p>\u015awi\u0119tej pami\u0119ci ksi\u0105dz Jerzy Popie\u0142uszko w 1982 roku zorganizowa\u0142 I pielgrzymk\u0119 \u015awiata Pracy na Jasn\u0105 &hellip;<\/p>\n","protected":false},"author":1,"featured_media":0,"parent":0,"menu_order":0,"comment_status":"closed","ping_status":"closed","template":"","meta":{"ngg_post_thumbnail":0,"_mc_calendar":[],"footnotes":""},"class_list":["post-652","page","type-page","status-publish","hentry"],"_links":{"self":[{"href":"https:\/\/solidarnosc.pk.edu.pl\/index.php?rest_route=\/wp\/v2\/pages\/652","targetHints":{"allow":["GET"]}}],"collection":[{"href":"https:\/\/solidarnosc.pk.edu.pl\/index.php?rest_route=\/wp\/v2\/pages"}],"about":[{"href":"https:\/\/solidarnosc.pk.edu.pl\/index.php?rest_route=\/wp\/v2\/types\/page"}],"author":[{"embeddable":true,"href":"https:\/\/solidarnosc.pk.edu.pl\/index.php?rest_route=\/wp\/v2\/users\/1"}],"replies":[{"embeddable":true,"href":"https:\/\/solidarnosc.pk.edu.pl\/index.php?rest_route=%2Fwp%2Fv2%2Fcomments&post=652"}],"version-history":[{"count":7,"href":"https:\/\/solidarnosc.pk.edu.pl\/index.php?rest_route=\/wp\/v2\/pages\/652\/revisions"}],"predecessor-version":[{"id":4427,"href":"https:\/\/solidarnosc.pk.edu.pl\/index.php?rest_route=\/wp\/v2\/pages\/652\/revisions\/4427"}],"wp:attachment":[{"href":"https:\/\/solidarnosc.pk.edu.pl\/index.php?rest_route=%2Fwp%2Fv2%2Fmedia&parent=652"}],"curies":[{"name":"wp","href":"https:\/\/api.w.org\/{rel}","templated":true}]}}