{"id":3759,"date":"2024-06-04T13:08:13","date_gmt":"2024-06-04T11:08:13","guid":{"rendered":"https:\/\/solidarnosc.pk.edu.pl\/?page_id=3759"},"modified":"2024-06-18T10:34:52","modified_gmt":"2024-06-18T08:34:52","slug":"dzien-dziecka-na-pk","status":"publish","type":"page","link":"https:\/\/solidarnosc.pk.edu.pl\/?page_id=3759","title":{"rendered":"Dzie\u0144 Dziecka na PK"},"content":{"rendered":"<p>3 czerwca w Galerii GIL odby\u0142 si\u0119 Dzie\u0144 Dziecka. Blisko 120 prac zosta\u0142o zaprezentowanych w galerii. JM Rektor Politechniki Krakowskiej rozdawa\u0142 upominki uczestnikom konkursu pt: <strong>POLIbudowanie.<\/strong><\/p>\n<p>Zapraszamy do galerii zdj\u0119\u0107.<\/p>\nngg_shortcode_0_placeholder\n","protected":false},"excerpt":{"rendered":"<p>3 czerwca w Galerii GIL odby\u0142 si\u0119 Dzie\u0144 Dziecka. Blisko 120 prac zosta\u0142o zaprezentowanych w &hellip;<\/p>\n","protected":false},"author":1,"featured_media":0,"parent":0,"menu_order":0,"comment_status":"closed","ping_status":"closed","template":"","meta":{"ngg_post_thumbnail":0,"_mc_calendar":[],"footnotes":""},"class_list":["post-3759","page","type-page","status-publish","hentry"],"_links":{"self":[{"href":"https:\/\/solidarnosc.pk.edu.pl\/index.php?rest_route=\/wp\/v2\/pages\/3759","targetHints":{"allow":["GET"]}}],"collection":[{"href":"https:\/\/solidarnosc.pk.edu.pl\/index.php?rest_route=\/wp\/v2\/pages"}],"about":[{"href":"https:\/\/solidarnosc.pk.edu.pl\/index.php?rest_route=\/wp\/v2\/types\/page"}],"author":[{"embeddable":true,"href":"https:\/\/solidarnosc.pk.edu.pl\/index.php?rest_route=\/wp\/v2\/users\/1"}],"replies":[{"embeddable":true,"href":"https:\/\/solidarnosc.pk.edu.pl\/index.php?rest_route=%2Fwp%2Fv2%2Fcomments&post=3759"}],"version-history":[{"count":4,"href":"https:\/\/solidarnosc.pk.edu.pl\/index.php?rest_route=\/wp\/v2\/pages\/3759\/revisions"}],"predecessor-version":[{"id":3885,"href":"https:\/\/solidarnosc.pk.edu.pl\/index.php?rest_route=\/wp\/v2\/pages\/3759\/revisions\/3885"}],"wp:attachment":[{"href":"https:\/\/solidarnosc.pk.edu.pl\/index.php?rest_route=%2Fwp%2Fv2%2Fmedia&parent=3759"}],"curies":[{"name":"wp","href":"https:\/\/api.w.org\/{rel}","templated":true}]}}