{"id":3710,"date":"2024-06-04T12:41:07","date_gmt":"2024-06-04T10:41:07","guid":{"rendered":"https:\/\/solidarnosc.pk.edu.pl\/?page_id=3710"},"modified":"2024-06-04T12:48:38","modified_gmt":"2024-06-04T10:48:38","slug":"xviii-spacer-sladami-jana-pawla-ii","status":"publish","type":"page","link":"https:\/\/solidarnosc.pk.edu.pl\/?page_id=3710","title":{"rendered":"XVIII spacer \u015bladami Jana Paw\u0142a II"},"content":{"rendered":"<p><em>Jak zwykle 1 maja po raz XVIII Wiosenny Spacer G\u00f3rski \u015aladami \u015aw. Jana Paw\u0142a Wielkiego.<\/em><br \/>\n<em>Dla SOLIDARNO\u015aCI POLITECHNIKI KRAKOWSKIEJ i Przyjaci\u00f3\u0142.<\/em><br \/>\n<em>W tym roku Biecz i Binarowa, no i POGODA. <\/em><\/p>\nngg_shortcode_0_placeholder\n","protected":false},"excerpt":{"rendered":"<p>Jak zwykle 1 maja po raz XVIII Wiosenny Spacer G\u00f3rski \u015aladami \u015aw. Jana Paw\u0142a Wielkiego. &hellip;<\/p>\n","protected":false},"author":1,"featured_media":0,"parent":0,"menu_order":0,"comment_status":"closed","ping_status":"closed","template":"","meta":{"ngg_post_thumbnail":0,"_mc_calendar":[],"footnotes":""},"class_list":["post-3710","page","type-page","status-publish","hentry"],"_links":{"self":[{"href":"https:\/\/solidarnosc.pk.edu.pl\/index.php?rest_route=\/wp\/v2\/pages\/3710","targetHints":{"allow":["GET"]}}],"collection":[{"href":"https:\/\/solidarnosc.pk.edu.pl\/index.php?rest_route=\/wp\/v2\/pages"}],"about":[{"href":"https:\/\/solidarnosc.pk.edu.pl\/index.php?rest_route=\/wp\/v2\/types\/page"}],"author":[{"embeddable":true,"href":"https:\/\/solidarnosc.pk.edu.pl\/index.php?rest_route=\/wp\/v2\/users\/1"}],"replies":[{"embeddable":true,"href":"https:\/\/solidarnosc.pk.edu.pl\/index.php?rest_route=%2Fwp%2Fv2%2Fcomments&post=3710"}],"version-history":[{"count":1,"href":"https:\/\/solidarnosc.pk.edu.pl\/index.php?rest_route=\/wp\/v2\/pages\/3710\/revisions"}],"predecessor-version":[{"id":3755,"href":"https:\/\/solidarnosc.pk.edu.pl\/index.php?rest_route=\/wp\/v2\/pages\/3710\/revisions\/3755"}],"wp:attachment":[{"href":"https:\/\/solidarnosc.pk.edu.pl\/index.php?rest_route=%2Fwp%2Fv2%2Fmedia&parent=3710"}],"curies":[{"name":"wp","href":"https:\/\/api.w.org\/{rel}","templated":true}]}}