{"id":3617,"date":"2024-03-26T14:50:16","date_gmt":"2024-03-26T13:50:16","guid":{"rendered":"https:\/\/solidarnosc.pk.edu.pl\/?page_id=3617"},"modified":"2024-03-27T12:08:04","modified_gmt":"2024-03-27T11:08:04","slug":"i-rocznica-smierci-rektora-pk","status":"publish","type":"page","link":"https:\/\/solidarnosc.pk.edu.pl\/?page_id=3617","title":{"rendered":"I rocznica \u015bmierci Rektora PK"},"content":{"rendered":"<p style=\"text-align: center;\">22 marca 2024 roku &#8211; In Memoriam. Msza \u015bwi\u0119ta w rocznic\u0119 \u015bmierci JM Rektora prof. Andrzeja Bia\u0142kiewicza, Bazylika \u015bw. Floriana<\/p>\n<p>&nbsp;<\/p>\n<p>&nbsp;<\/p>\n<p style=\"text-align: center;\">Fotografie: Jacek Wojs<\/p>\nngg_shortcode_0_placeholder\n","protected":false},"excerpt":{"rendered":"<p>22 marca 2024 roku &#8211; In Memoriam. Msza \u015bwi\u0119ta w rocznic\u0119 \u015bmierci JM Rektora prof. &hellip;<\/p>\n","protected":false},"author":1,"featured_media":0,"parent":0,"menu_order":0,"comment_status":"closed","ping_status":"closed","template":"","meta":{"ngg_post_thumbnail":0,"_mc_calendar":[],"footnotes":""},"class_list":["post-3617","page","type-page","status-publish","hentry"],"_links":{"self":[{"href":"https:\/\/solidarnosc.pk.edu.pl\/index.php?rest_route=\/wp\/v2\/pages\/3617","targetHints":{"allow":["GET"]}}],"collection":[{"href":"https:\/\/solidarnosc.pk.edu.pl\/index.php?rest_route=\/wp\/v2\/pages"}],"about":[{"href":"https:\/\/solidarnosc.pk.edu.pl\/index.php?rest_route=\/wp\/v2\/types\/page"}],"author":[{"embeddable":true,"href":"https:\/\/solidarnosc.pk.edu.pl\/index.php?rest_route=\/wp\/v2\/users\/1"}],"replies":[{"embeddable":true,"href":"https:\/\/solidarnosc.pk.edu.pl\/index.php?rest_route=%2Fwp%2Fv2%2Fcomments&post=3617"}],"version-history":[{"count":5,"href":"https:\/\/solidarnosc.pk.edu.pl\/index.php?rest_route=\/wp\/v2\/pages\/3617\/revisions"}],"predecessor-version":[{"id":3624,"href":"https:\/\/solidarnosc.pk.edu.pl\/index.php?rest_route=\/wp\/v2\/pages\/3617\/revisions\/3624"}],"wp:attachment":[{"href":"https:\/\/solidarnosc.pk.edu.pl\/index.php?rest_route=%2Fwp%2Fv2%2Fmedia&parent=3617"}],"curies":[{"name":"wp","href":"https:\/\/api.w.org\/{rel}","templated":true}]}}