{"id":3047,"date":"2023-05-02T21:51:11","date_gmt":"2023-05-02T19:51:11","guid":{"rendered":"http:\/\/solidarnosc.pk.edu.pl\/?page_id=3047"},"modified":"2023-05-03T22:05:45","modified_gmt":"2023-05-03T20:05:45","slug":"xvii-spacer-sladami-sw-j-p-ii-przemysl","status":"publish","type":"page","link":"https:\/\/solidarnosc.pk.edu.pl\/?page_id=3047","title":{"rendered":"XVII spacer \u015bladami \u015aw. J.P. II &#8211; Przemy\u015bl"},"content":{"rendered":"<p><strong><em>1 maja 2023 roku prawie 50 uczestnik\u00f3w wzi\u0119\u0142o udzia\u0142 w XVII Wiosennym Spacerze \u015bladami \u015aw. Jana Paw\u0142a II po Arboretum w Bolestraszycach i nast\u0119pnie po Przemy\u015blu. Dzie\u0144 by\u0142 pi\u0119kny, a nastroje s\u0142oneczne. W autokarze \u017cartowali\u015bmy, poznawali\u015bmy histori\u0119 wspania\u0142ego miasta i \u015bpiewali\u015bmy piosenki.<\/em><\/strong><\/p>\n<p><img loading=\"lazy\" decoding=\"async\" class=\"aligncenter  wp-image-3113\" src=\"http:\/\/solidarnosc.pk.edu.pl\/wp-content\/uploads\/2023\/05\/1683050977673-768x1024.jpg\" alt=\"Bolestraszyce\" width=\"316\" height=\"421\" srcset=\"https:\/\/solidarnosc.pk.edu.pl\/wp-content\/uploads\/2023\/05\/1683050977673-768x1023.jpg 768w, https:\/\/solidarnosc.pk.edu.pl\/wp-content\/uploads\/2023\/05\/1683050977673-225x300.jpg 225w, https:\/\/solidarnosc.pk.edu.pl\/wp-content\/uploads\/2023\/05\/1683050977673-1153x1536.jpg 1153w, https:\/\/solidarnosc.pk.edu.pl\/wp-content\/uploads\/2023\/05\/1683050977673-150x200.jpg 150w, https:\/\/solidarnosc.pk.edu.pl\/wp-content\/uploads\/2023\/05\/1683050977673.jpg 1200w\" sizes=\"auto, (max-width: 316px) 100vw, 316px\" \/><\/p>\n<h4><b>Bolestraszyce<\/b> \u2013 <a title=\"Wie\u015b\" href=\"https:\/\/pl.wikipedia.org\/wiki\/Wie%C5%9B\">wie\u015b<\/a> w <a title=\"Polska\" href=\"https:\/\/pl.wikipedia.org\/wiki\/Polska\">Polsce<\/a> po\u0142o\u017cona w <a title=\"Wojew\u00f3dztwo podkarpackie\" href=\"https:\/\/pl.wikipedia.org\/wiki\/Wojew%C3%B3dztwo_podkarpackie\">wojew\u00f3dztwie podkarpackim<\/a>, w <a title=\"Powiat przemyski\" href=\"https:\/\/pl.wikipedia.org\/wiki\/Powiat_przemyski\">powiecie przemyskim<\/a>, w <a title=\"\u017burawica (gmina)\" href=\"https:\/\/pl.wikipedia.org\/wiki\/%C5%BBurawica_(gmina)\">gminie \u017burawica<\/a><sup id=\"cite_ref-roz_4-0\" class=\"reference\"><a href=\"https:\/\/pl.wikipedia.org\/wiki\/Bolestraszyce#cite_note-roz-4\">[4]<\/a><\/sup><sup id=\"cite_ref-teryt_3-1\" class=\"reference\"><a href=\"https:\/\/pl.wikipedia.org\/wiki\/Bolestraszyce#cite_note-teryt-3\">[3]<\/a><\/sup>.<\/h4>\n<p>Wie\u015b, po\u0142o\u017cona w <a class=\"new\" title=\"Powiat przemyski (I Rzeczpospolita) (strona nie istnieje)\" href=\"https:\/\/pl.wikipedia.org\/w\/index.php?title=Powiat_przemyski_(I_Rzeczpospolita)&amp;action=edit&amp;redlink=1\">powiecie przemyskim<\/a>, by\u0142a w\u0142asno\u015bci\u0105 Stefana Duczymi\u0144skiego, Krzysztofa Tomasza Drohojowskiego i Aleksandra Dymitra Drohojowskiego, zosta\u0142a spustoszona w czasie <a title=\"Wojna polsko-turecka (1672\u20131676)\" href=\"https:\/\/pl.wikipedia.org\/wiki\/Wojna_polsko-turecka_(1672%E2%80%931676)\">najazdu tatarskiego w 1672 roku<\/a><sup id=\"cite_ref-5\" class=\"reference\"><a href=\"https:\/\/pl.wikipedia.org\/wiki\/Bolestraszyce#cite_note-5\">[5]<\/a><\/sup>.<\/p>\n<p>W latach 1954-1959 wie\u015b nale\u017ca\u0142a i by\u0142a siedzib\u0105 w\u0142adz gromady <a title=\"Bolestraszyce (gromada)\" href=\"https:\/\/pl.wikipedia.org\/wiki\/Bolestraszyce_(gromada)\">Bolestraszyce<\/a>, po jej zniesieniu w gromadzie <a title=\"\u017burawica (gromada)\" href=\"https:\/\/pl.wikipedia.org\/wiki\/%C5%BBurawica_(gromada)\">\u017burawica<\/a>. <a title=\"Podzia\u0142 administracyjny Polski (1975\u20131998)\" href=\"https:\/\/pl.wikipedia.org\/wiki\/Podzia%C5%82_administracyjny_Polski_(1975%E2%80%931998)\">W latach 1975\u20131998<\/a> miejscowo\u015b\u0107 administracyjnie nale\u017ca\u0142a do <a title=\"Wojew\u00f3dztwo przemyskie\" href=\"https:\/\/pl.wikipedia.org\/wiki\/Wojew%C3%B3dztwo_przemyskie\">wojew\u00f3dztwa przemyskiego<\/a>.&nbsp;&nbsp;&nbsp;&nbsp; <a href=\"https:\/\/pl.wikipedia.org\/wiki\/Bolestraszyce\" target=\"_blank\" rel=\"noopener\"><em>wiecej<\/em><\/a><\/p>\n<p><img loading=\"lazy\" decoding=\"async\" class=\"aligncenter wp-image-3093\" src=\"http:\/\/solidarnosc.pk.edu.pl\/wp-content\/uploads\/2023\/05\/1683050977555_1023x768.jpg\" alt=\"\" width=\"574\" height=\"431\" srcset=\"https:\/\/solidarnosc.pk.edu.pl\/wp-content\/uploads\/2023\/05\/1683050977555_1023x768.jpg 1023w, https:\/\/solidarnosc.pk.edu.pl\/wp-content\/uploads\/2023\/05\/1683050977555_1023x768-300x225.jpg 300w, https:\/\/solidarnosc.pk.edu.pl\/wp-content\/uploads\/2023\/05\/1683050977555_1023x768-768x577.jpg 768w, https:\/\/solidarnosc.pk.edu.pl\/wp-content\/uploads\/2023\/05\/1683050977555_1023x768-265x200.jpg 265w\" sizes=\"auto, (max-width: 574px) 100vw, 574px\" \/><\/p>\n<h4><b>Przemy\u015bl<\/b> (<a title=\"\u0141acina\" href=\"https:\/\/pl.wikipedia.org\/wiki\/%C5%81acina\">\u0142ac.<\/a>&nbsp;<em lang=\"la\">Premislia<\/em>, <a title=\"J\u0119zyk ukrai\u0144ski\" href=\"https:\/\/pl.wikipedia.org\/wiki\/J%C4%99zyk_ukrai%C5%84ski\">ukr.<\/a>&nbsp;<span lang=\"uk\">\u041f\u0435\u0440\u0435\u043c\u0438\u0448\u043b\u044c<\/span>, <a title=\"Jidysz\" href=\"https:\/\/pl.wikipedia.org\/wiki\/Jidysz\">jid.<\/a>&nbsp;<span lang=\"yi\">\u200f\u05e4\u05e9\u05e2\u05de\u05d9\u05e9\u05dc\u200e<\/span>) \u2013 <a title=\"Miasto na prawach powiatu\" href=\"https:\/\/pl.wikipedia.org\/wiki\/Miasto_na_prawach_powiatu\">miasto na prawach powiatu<\/a> w po\u0142udniowo-wschodniej <a title=\"Polska\" href=\"https:\/\/pl.wikipedia.org\/wiki\/Polska\">Polsce<\/a>, w <a title=\"Wojew\u00f3dztwo podkarpackie\" href=\"https:\/\/pl.wikipedia.org\/wiki\/Wojew%C3%B3dztwo_podkarpackie\">wojew\u00f3dztwie podkarpackim<\/a>, po\u0142o\u017cone nad <a title=\"San\" href=\"https:\/\/pl.wikipedia.org\/wiki\/San\">Sanem<\/a> przy uj\u015bciu <a title=\"Wiar\" href=\"https:\/\/pl.wikipedia.org\/wiki\/Wiar\">Wiaru<\/a>. Siedziba <a title=\"Powiat przemyski\" href=\"https:\/\/pl.wikipedia.org\/wiki\/Powiat_przemyski\">powiatu przemyskiego<\/a> oraz <a title=\"Przemy\u015bl (gmina wiejska)\" href=\"https:\/\/pl.wikipedia.org\/wiki\/Przemy%C5%9Bl_(gmina_wiejska)\">gminy wiejskiej Przemy\u015bl<\/a>.<\/h4>\n<p>Wed\u0142ug danych <a title=\"G\u0142\u00f3wny Urz\u0105d Statystyczny\" href=\"https:\/\/pl.wikipedia.org\/wiki\/G%C5%82%C3%B3wny_Urz%C4%85d_Statystyczny\">GUS<\/a> z 31 grudnia 2020 roku, Przemy\u015bl liczy\u0142 59 779 mieszka\u0144c\u00f3w<sup id=\"cite_ref-2\" class=\"reference\"><a href=\"https:\/\/pl.wikipedia.org\/wiki\/Przemy%C5%9Bl#cite_note-2\">[2]<\/a><\/sup>.<\/p>\n<p>Przemy\u015bl by\u0142 <a title=\"Miasto kr\u00f3lewskie\" href=\"https:\/\/pl.wikipedia.org\/wiki\/Miasto_kr%C3%B3lewskie\">miastem kr\u00f3lewskim<\/a> I Rzeczypospolitej i stolic\u0105 <a title=\"Ziemia przemyska\" href=\"https:\/\/pl.wikipedia.org\/wiki\/Ziemia_przemyska\">ziemi przemyskiej<\/a> wchodz\u0105cej w sk\u0142ad <a title=\"Wojew\u00f3dztwo ruskie\" href=\"https:\/\/pl.wikipedia.org\/wiki\/Wojew%C3%B3dztwo_ruskie\">wojew\u00f3dztwa ruskiego<\/a>. By\u0142 miastem sto\u0142ecznym starostwa przemyskiego w drugiej po\u0142owie XVI wieku<sup id=\"cite_ref-3\" class=\"reference\"><a href=\"https:\/\/pl.wikipedia.org\/wiki\/Przemy%C5%9Bl#cite_note-3\">[3]<\/a><\/sup>. W czasach <a title=\"Rzeczpospolita Obojga Narod\u00f3w\" href=\"https:\/\/pl.wikipedia.org\/wiki\/Rzeczpospolita_Obojga_Narod%C3%B3w\">Rzeczypospolitej Obojga Narod\u00f3w<\/a> w Przemy\u015blu mie\u015bci\u0142a si\u0119 kasa szafarzy podatk\u00f3w dla Rusi<sup id=\"cite_ref-4\" class=\"reference\"><a href=\"https:\/\/pl.wikipedia.org\/wiki\/Przemy%C5%9Bl#cite_note-4\">[4]<\/a><\/sup>. Po odzyskaniu niepodleg\u0142o\u015bci przez Polsk\u0119 od 23 grudnia 1920<sup id=\"cite_ref-5\" class=\"reference\"><a href=\"https:\/\/pl.wikipedia.org\/wiki\/Przemy%C5%9Bl#cite_note-5\">[5]<\/a><\/sup> do 18 sierpnia 1945 znajdowa\u0142 si\u0119 na terenie <a title=\"Wojew\u00f3dztwo lwowskie\" href=\"https:\/\/pl.wikipedia.org\/wiki\/Wojew%C3%B3dztwo_lwowskie\">wojew\u00f3dztwa lwowskiego<\/a><sup id=\"cite_ref-6\" class=\"reference\"><a href=\"https:\/\/pl.wikipedia.org\/wiki\/Przemy%C5%9Bl#cite_note-6\">[6]<\/a><\/sup>. Od 1945 do 1974 wchodzi\u0142 w sk\u0142ad wojew\u00f3dztwa rzeszowskiego. <a title=\"Podzia\u0142 administracyjny Polski (1975\u20131998)\" href=\"https:\/\/pl.wikipedia.org\/wiki\/Podzia%C5%82_administracyjny_Polski_(1975%E2%80%931998)\">W latach 1975\u20131998<\/a> siedziba w\u0142adz <a title=\"Wojew\u00f3dztwo przemyskie\" href=\"https:\/\/pl.wikipedia.org\/wiki\/Wojew%C3%B3dztwo_przemyskie\">wojew\u00f3dztwa przemyskiego<\/a>. Przemy\u015bl to znacz\u0105cy w\u0119ze\u0142 komunikacyjny \u2013 przej\u015bcie graniczne z <a title=\"Ukraina\" href=\"https:\/\/pl.wikipedia.org\/wiki\/Ukraina\">Ukrain\u0105<\/a> w <a title=\"Medyka\" href=\"https:\/\/pl.wikipedia.org\/wiki\/Medyka\">Medyce<\/a>, du\u017ca, graniczna stacja kolejowa (<a title=\"Przemy\u015bl G\u0142\u00f3wny\" href=\"https:\/\/pl.wikipedia.org\/wiki\/Przemy%C5%9Bl_G%C5%82%C3%B3wny\">Przemy\u015bl G\u0142\u00f3wny<\/a>). Miasto jest siedzib\u0105 kilku instytucji o znaczeniu ponadlokalnym: <a title=\"Wojew\u00f3dzki konserwator zabytk\u00f3w\" href=\"https:\/\/pl.wikipedia.org\/wiki\/Wojew%C3%B3dzki_konserwator_zabytk%C3%B3w\">podkarpackiego wojew\u00f3dzkiego konserwatora zabytk\u00f3w<\/a>, urz\u0119du celno-skarbowego, <a title=\"Bieszczadzki Oddzia\u0142 Stra\u017cy Granicznej\" href=\"https:\/\/pl.wikipedia.org\/wiki\/Bieszczadzki_Oddzia%C5%82_Stra%C5%BCy_Granicznej\">Bieszczadzkiego Oddzia\u0142u Stra\u017cy Granicznej<\/a>, <a title=\"Archiwum pa\u0144stwowe\" href=\"https:\/\/pl.wikipedia.org\/wiki\/Archiwum_pa%C5%84stwowe\">archiwum pa\u0144stwowego<\/a> i <a title=\"Wojew\u00f3dzki o\u015brodek ruchu drogowego\" href=\"https:\/\/pl.wikipedia.org\/wiki\/Wojew%C3%B3dzki_o%C5%9Brodek_ruchu_drogowego\">Wojew\u00f3dzkiego O\u015brodka Ruchu Drogowego<\/a>.&nbsp;&nbsp;&nbsp; <a href=\"https:\/\/pl.wikipedia.org\/wiki\/Przemy%C5%9Bl\" target=\"_blank\" rel=\"noopener\">wi\u0119cej<\/a><\/p>\n<p>&nbsp;<\/p>\n<p>&nbsp;<\/p>\nngg_shortcode_0_placeholder\n","protected":false},"excerpt":{"rendered":"<p>1 maja 2023 roku prawie 50 uczestnik\u00f3w wzi\u0119\u0142o udzia\u0142 w XVII Wiosennym Spacerze \u015bladami \u015aw. &hellip;<\/p>\n","protected":false},"author":1,"featured_media":3082,"parent":0,"menu_order":0,"comment_status":"closed","ping_status":"closed","template":"","meta":{"ngg_post_thumbnail":0,"_mc_calendar":[],"footnotes":""},"class_list":["post-3047","page","type-page","status-publish","has-post-thumbnail","hentry"],"_links":{"self":[{"href":"https:\/\/solidarnosc.pk.edu.pl\/index.php?rest_route=\/wp\/v2\/pages\/3047","targetHints":{"allow":["GET"]}}],"collection":[{"href":"https:\/\/solidarnosc.pk.edu.pl\/index.php?rest_route=\/wp\/v2\/pages"}],"about":[{"href":"https:\/\/solidarnosc.pk.edu.pl\/index.php?rest_route=\/wp\/v2\/types\/page"}],"author":[{"embeddable":true,"href":"https:\/\/solidarnosc.pk.edu.pl\/index.php?rest_route=\/wp\/v2\/users\/1"}],"replies":[{"embeddable":true,"href":"https:\/\/solidarnosc.pk.edu.pl\/index.php?rest_route=%2Fwp%2Fv2%2Fcomments&post=3047"}],"version-history":[{"count":8,"href":"https:\/\/solidarnosc.pk.edu.pl\/index.php?rest_route=\/wp\/v2\/pages\/3047\/revisions"}],"predecessor-version":[{"id":3117,"href":"https:\/\/solidarnosc.pk.edu.pl\/index.php?rest_route=\/wp\/v2\/pages\/3047\/revisions\/3117"}],"wp:featuredmedia":[{"embeddable":true,"href":"https:\/\/solidarnosc.pk.edu.pl\/index.php?rest_route=\/wp\/v2\/media\/3082"}],"wp:attachment":[{"href":"https:\/\/solidarnosc.pk.edu.pl\/index.php?rest_route=%2Fwp%2Fv2%2Fmedia&parent=3047"}],"curies":[{"name":"wp","href":"https:\/\/api.w.org\/{rel}","templated":true}]}}