{"id":2569,"date":"2023-03-15T23:08:28","date_gmt":"2023-03-15T22:08:28","guid":{"rendered":"http:\/\/solidarnosc.pk.edu.pl\/?page_id=2569"},"modified":"2023-03-16T08:46:03","modified_gmt":"2023-03-16T07:46:03","slug":"walne-zebranie-delegatow-nszz-solidarnosc-pk-w-2023r","status":"publish","type":"page","link":"https:\/\/solidarnosc.pk.edu.pl\/?page_id=2569","title":{"rendered":"Walne zebranie delegat\u00f3w NSZZ Solidarno\u015b\u0107 PK w 2023r."},"content":{"rendered":"<h4><strong><em>14 marca 2023 r. odby\u0142o si\u0119 Zak\u0142adowe Walne Zebranie Delegat\u00f3w NSZZ SOLIDARNO\u015a\u0106 Politechniki Krakowskiej. Zebranie zaszczycili swoj\u0105 obecno\u015bci\u0105 Przewodnicz\u0105cy Zarz\u0105du Regionu Ma\u0142opolska NSZZ Solidarno\u015b\u0107 Adam Lach, Pan Prorektor Tomasz Kapecki, Pani Kanclerz Sylwia Momot- Luzara, Prezes ZNP w PK Witold Trzaska.<\/em><\/strong><\/h4>\n<h4><em>Po przedstawieniu Sprawozdania Komisji Zak\u0142adowej z mijaj\u0105cej kadencji 2018 \u2013 2023, i udzieleniu jednog\u0142o\u015bnie przez Delegat\u00f3w absolutorium ust\u0119puj\u0105cym w\u0142adzom, w g\u0142osowaniu tajnym, wybrano jednog\u0142o\u015bnie przewodnicz\u0105cym kol. Jacka Wojsa.<\/em><\/h4>\n<p>&nbsp;<\/p>\n<p style=\"text-align: center;\">Galeria Jan Zych<\/p>\nngg_shortcode_0_placeholder\n<p style=\"text-align: center;\">Galeria Jacek Wojs<\/p>\nngg_shortcode_1_placeholder\n","protected":false},"excerpt":{"rendered":"<p>14 marca 2023 r. odby\u0142o si\u0119 Zak\u0142adowe Walne Zebranie Delegat\u00f3w NSZZ SOLIDARNO\u015a\u0106 Politechniki Krakowskiej. Zebranie &hellip;<\/p>\n","protected":false},"author":1,"featured_media":0,"parent":0,"menu_order":0,"comment_status":"closed","ping_status":"closed","template":"","meta":{"ngg_post_thumbnail":0,"_mc_calendar":[],"footnotes":""},"class_list":["post-2569","page","type-page","status-publish","hentry"],"_links":{"self":[{"href":"https:\/\/solidarnosc.pk.edu.pl\/index.php?rest_route=\/wp\/v2\/pages\/2569","targetHints":{"allow":["GET"]}}],"collection":[{"href":"https:\/\/solidarnosc.pk.edu.pl\/index.php?rest_route=\/wp\/v2\/pages"}],"about":[{"href":"https:\/\/solidarnosc.pk.edu.pl\/index.php?rest_route=\/wp\/v2\/types\/page"}],"author":[{"embeddable":true,"href":"https:\/\/solidarnosc.pk.edu.pl\/index.php?rest_route=\/wp\/v2\/users\/1"}],"replies":[{"embeddable":true,"href":"https:\/\/solidarnosc.pk.edu.pl\/index.php?rest_route=%2Fwp%2Fv2%2Fcomments&post=2569"}],"version-history":[{"count":6,"href":"https:\/\/solidarnosc.pk.edu.pl\/index.php?rest_route=\/wp\/v2\/pages\/2569\/revisions"}],"predecessor-version":[{"id":2768,"href":"https:\/\/solidarnosc.pk.edu.pl\/index.php?rest_route=\/wp\/v2\/pages\/2569\/revisions\/2768"}],"wp:attachment":[{"href":"https:\/\/solidarnosc.pk.edu.pl\/index.php?rest_route=%2Fwp%2Fv2%2Fmedia&parent=2569"}],"curies":[{"name":"wp","href":"https:\/\/api.w.org\/{rel}","templated":true}]}}