{"id":2393,"date":"2023-01-04T09:39:47","date_gmt":"2023-01-04T08:39:47","guid":{"rendered":"http:\/\/solidarnosc.pk.edu.pl\/?page_id=2393"},"modified":"2023-01-04T14:42:34","modified_gmt":"2023-01-04T13:42:34","slug":"pogrzeb-ewy-weclawowicz-bilskiej","status":"publish","type":"page","link":"https:\/\/solidarnosc.pk.edu.pl\/?page_id=2393","title":{"rendered":"Pogrzeb El\u017cbiety W\u0119c\u0142awowicz-Bilskiej"},"content":{"rendered":"<p>We wtorek 3.01.2023 roku odby\u0142 si\u0119 pogrzeb prof. dr hab.in\u017c. arch. El\u017cbiety W\u0119c\u0142awowicz-Bilskiej na cmentarzu w Borku Fa\u0142\u0119ckim. Zapraszamy do galerii.<\/p>\nngg_shortcode_0_placeholder\n","protected":false},"excerpt":{"rendered":"<p>We wtorek 3.01.2023 roku odby\u0142 si\u0119 pogrzeb prof. dr hab.in\u017c. arch. El\u017cbiety W\u0119c\u0142awowicz-Bilskiej na cmentarzu &hellip;<\/p>\n","protected":false},"author":1,"featured_media":0,"parent":0,"menu_order":0,"comment_status":"closed","ping_status":"closed","template":"","meta":{"ngg_post_thumbnail":0,"_mc_calendar":[],"footnotes":""},"class_list":["post-2393","page","type-page","status-publish","hentry"],"_links":{"self":[{"href":"https:\/\/solidarnosc.pk.edu.pl\/index.php?rest_route=\/wp\/v2\/pages\/2393","targetHints":{"allow":["GET"]}}],"collection":[{"href":"https:\/\/solidarnosc.pk.edu.pl\/index.php?rest_route=\/wp\/v2\/pages"}],"about":[{"href":"https:\/\/solidarnosc.pk.edu.pl\/index.php?rest_route=\/wp\/v2\/types\/page"}],"author":[{"embeddable":true,"href":"https:\/\/solidarnosc.pk.edu.pl\/index.php?rest_route=\/wp\/v2\/users\/1"}],"replies":[{"embeddable":true,"href":"https:\/\/solidarnosc.pk.edu.pl\/index.php?rest_route=%2Fwp%2Fv2%2Fcomments&post=2393"}],"version-history":[{"count":2,"href":"https:\/\/solidarnosc.pk.edu.pl\/index.php?rest_route=\/wp\/v2\/pages\/2393\/revisions"}],"predecessor-version":[{"id":2445,"href":"https:\/\/solidarnosc.pk.edu.pl\/index.php?rest_route=\/wp\/v2\/pages\/2393\/revisions\/2445"}],"wp:attachment":[{"href":"https:\/\/solidarnosc.pk.edu.pl\/index.php?rest_route=%2Fwp%2Fv2%2Fmedia&parent=2393"}],"curies":[{"name":"wp","href":"https:\/\/api.w.org\/{rel}","templated":true}]}}