{"id":2080,"date":"2022-06-13T13:30:15","date_gmt":"2022-06-13T11:30:15","guid":{"rendered":"http:\/\/solidarnosc.pk.edu.pl\/?page_id=2080"},"modified":"2023-04-18T21:15:26","modified_gmt":"2023-04-18T19:15:26","slug":"wazne","status":"publish","type":"page","link":"https:\/\/solidarnosc.pk.edu.pl\/?page_id=2080","title":{"rendered":"WA\u017bNE"},"content":{"rendered":"\r\n<h3 class=\"wp-block-heading\">Szanowni Pa\u0144stwo,<\/h3>\r\n<p><strong>Zak\u0142adowe Walne Zebranie Delegat\u00f3w NSZZ \u201eSolidarno\u015b\u0107\u201d <\/strong><strong>w dniu 14 marca 2023 r. uchwali\u0142o now\u0105(ni\u017csz\u0105) sk\u0142adk\u0119 zwi\u0105zkow\u0105 dla emeryt\u00f3w w wysoko\u015bci 4 z\u0142 miesi\u0119cznie, niezale\u017cnie od dochod\u00f3w. Regulacja ta wchodzi w \u017cycie od po\u0142owy marca 2023 r. &nbsp;<\/strong><\/p>\r\n<p>Sk\u0142adki mo\u017cna wp\u0142aca\u0107 na konto bankowe Komisji Zak\u0142adowej NSZZ \u201eSolidarno\u015b\u0107\u201d Politechniki Krakowskiej<\/p>\r\n<h4>49 1240 4533 1111 0000 5424 2438<\/h4>\r\n<p>lub bezpo\u015brednio w Sekretariacie Solidarno\u015bci PK<\/p>\r\n<p>w budynku WIEiK p. 102.<\/p>\r\n<h4>&nbsp;<\/h4>\r\n<h4><strong>27 lutego 2023 roku zosta\u0142o podpisane porozumienie pomi\u0119dzy Rektorem Politechniki Krakowskiej a Komisj\u0105 Zak\u0142adow\u0105 NSZZ Solidarno\u015b\u0107 oraz Rad\u0105 Uczelnian\u0105 ZNP w PK w sprawie podwy\u017cek wynagrodze\u0144 dla Pracownik\u00f3w Uczelni.<\/strong><\/h4>\r\n<h4><a href=\"http:\/\/solidarnosc.pk.edu.pl\/?p=2489\" target=\"_blank\" rel=\"noopener\">wi\u0119cej<\/a><\/h4>\r\n<h3>&nbsp;<\/h3>\r\n<h3 style=\"text-align: center;\"><span style=\"color: #226c94;\"><strong><em>Szanowni Pa\u0144stwo!<\/em><\/strong><\/span><\/h3>\r\n<h3 style=\"text-align: center;\"><span style=\"color: #226c94;\"><strong><em>Pragn\u0119 poinformowa\u0107 o aktualnych korzy\u015bciach, jakie mo\u017cemy, jako zwi\u0105zkowcy Solidarno\u015bci czerpa\u0107 z naszej przynale\u017cno\u015bci do NSZZ Solidarno\u015b\u0107 PK.<\/em><\/strong><\/span><\/h3>\r\n<h4>&nbsp;<\/h4>\r\n<h4><strong>Kilkana\u015bcie groszy ta\u0144sze paliwo \u2013 wi\u0119cej informacji:<\/strong><\/h4>\r\n<p><a href=\"http:\/\/solidarnosc.krakow.pl\/rabaty-na-stacjach-lotos-dla-czlonkow-solidarnosci\/\">http:\/\/solidarnosc.krakow.pl\/rabaty-na-stacjach-lotos-dla-czlonkow-solidarnosci\/<\/a><\/p>\r\n<h4><strong>&nbsp;<\/strong><\/h4>\r\n<h4><strong>Ta\u0144sze ubezpieczenia PZU, korzystna obs\u0142uga bankowa PeKaO SA \u2013 wi\u0119cej informacji: <\/strong><\/h4>\r\n<p>&nbsp;<a href=\"http:\/\/solidarnosc.krakow.pl\/pzu-i-bank-pekao-sa\/\">http:\/\/solidarnosc.krakow.pl\/pzu-i-bank-pekao-sa\/<\/a><\/p>\r\n<p>&nbsp;<\/p>\r\n<h4><strong>Ze wzgl\u0119du na bardzo du\u017ce zainteresowanie ofert\u0105 jak i wiele pr\u00f3\u015bb Cz\u0142onk\u00f3w Zwi\u0105zku Regionu Ma\u0142opolskiego NSZZ &#8222;Solidarno\u015b\u0107&#8221; przed\u0142u\u017cono&nbsp; promocj\u0119 &#8211; 70% na rodzinny wypoczynek w Holiday Park&amp;Resort do dnia 30.06.2022.<\/strong><\/h4>\r\n<p><a href=\"https:\/\/bit.ly\/solidarnosc-malopolska\">https:\/\/bit.ly\/solidarnosc-malopolska<\/a><\/p>\r\n<h4>&nbsp;<\/h4>\r\n<h4><strong>Du\u017ce zni\u017cki na pobyty w o\u015brodkach wypoczynkowych i wczasowych \u2013 wi\u0119cej informacji:<\/strong><\/h4>\r\n<p><a href=\"http:\/\/solidarnosc.krakow.pl\/benefity\/\">http:\/\/solidarnosc.krakow.pl\/benefity\/<\/a><\/p>\r\n<p><a href=\"https:\/\/bit.ly\/solidarnosc-malopolska\">https:\/\/bit.ly\/solidarnosc-malopolska<\/a><\/p>\r\n<h4>&nbsp;<\/h4>\r\n<h4><strong>Oferta&nbsp; do parku rozrywki&nbsp; Energylandia \u2013 wi\u0119cej informacji:<\/strong><\/h4>\r\n<p><a href=\"http:\/\/solidarnosc.krakow.pl\/energylandia-specjalna-oferta-dla-czlonkow-nszz-solidarnosc\/\">http:\/\/solidarnosc.krakow.pl\/energylandia-specjalna-oferta-dla-czlonkow-nszz-solidarnosc\/<\/a><\/p>\r\n<h4>&nbsp;<\/h4>\r\n<h4><strong>Oferta do parku rozrywki LEGENDIA \u2013 wi\u0119cej informacji:<\/strong><\/h4>\r\n<p><a href=\"http:\/\/solidarnosc.krakow.pl\/legendia\/\">http:\/\/solidarnosc.krakow.pl\/legendia\/<\/a><\/p>\r\n<h4>&nbsp;<\/h4>\r\n<h4><strong>Przypominam o fakcie, \u017ce do wszystkich tych korzy\u015bci konieczna jest elektroniczna legitymacja naszego zwi\u0105zku, kt\u00f3r\u0105 \u0142atwo wyrobi\u0107 wype\u0142niaj\u0105c deklaracj\u0119: <\/strong><\/h4>\r\n<p><a href=\"http:\/\/solidarnosc.krakow.pl\/elektroniczna-legitymacja-czlonkowska-elc\/\">http:\/\/solidarnosc.krakow.pl\/elektroniczna-legitymacja-czlonkowska-elc\/<\/a><\/p>\r\n<p>&nbsp;<\/p>\r\n<p><em>i przynosz\u0105c j\u0105 do siedziby naszej organizacji ; WIEiK pok.102.<\/em><\/p>\r\n<p><em>Przypominam tak\u017ce o mo\u017cliwo\u015bci korzystania z bezp\u0142atnych prawnych porad pracowniczych.<\/em><\/p>\r\n<p><em>Serdecznie pozdrawiam, \u017cycz\u0105c pogodnych wakacji, zdrowia i pokoju.<\/em><\/p>\r\n<p style=\"text-align: right;\"><em><strong>Jacek Wojs<\/strong><\/em><\/p>\r\n<h4 style=\"text-align: center;\">________________________________________________________<\/h4>\r\n<h4>Komisja Zak\u0142adowa NSZZ&nbsp; \u201eSolidarno\u015b\u0107 \u201e PK na posiedzeniu w dniu 23 listopada 2021 roku podj\u0119\u0142a&nbsp; decyzj\u0119 o podwy\u017cszeniu kwot wyp\u0142acanych zasi\u0142k\u00f3w statutowych :<\/h4>\r\n<p>&nbsp;<\/p>\r\n<ul>\r\n<li><em> Urodzenie dziecka&nbsp;&nbsp;&nbsp;&nbsp;&nbsp; \u2013&nbsp;&nbsp; z 400 z\u0142&nbsp; podwy\u017cszono&nbsp; na&nbsp; 700 z\u0142otych, <\/em><\/li>\r\n<li><em>\u015amier\u0107 Cz\u0142onka Zwi\u0105zku &#8211;&nbsp;&nbsp; z 600 z\u0142. podwy\u017cszono na&nbsp; 900 z\u0142otych, <\/em><\/li>\r\n<li><em>\u015amier\u0107 cz\u0142onka rodziny&nbsp;&nbsp;&nbsp; &#8211;&nbsp; z 300 z\u0142. podwy\u017cszono na&nbsp;&nbsp; 450 z\u0142otych.<\/em><\/li>\r\n<\/ul>\r\n<h4 style=\"text-align: center;\">________________________________________________________<\/h4>\r\n<h4><em><strong>A mo\u017ce chcesz<\/strong> p\u0142aci\u0107 kilkana\u015bcie groszy mniej za ka\u017cdy litr paliwa na stacji benzynowej?<\/em><br><br><em><strong>A mo\u017ce chcesz<\/strong> mie\u0107 zni\u017cki do 30% na wczasy pobytowe i wycieczki ?<\/em><br><br><em><strong>A mo\u017ce chcesz<\/strong> p\u0142aci\u0107 ni\u017csze ubezpieczenie, za mieszkanie, samoch\u00f3d, zdrowie itp. ?<\/em><br><br><em><strong>A mo\u017ce chcesz<\/strong> mie\u0107 darmowe porady prawne ?<\/em><br><br>Spytaj jak uzyska\u0107 karty rabatowe, zni\u017cki i rabaty dla zwi\u0105zkowc\u00f3w <strong>w&nbsp;Solidarno\u015bci Politechniki Krakowskiej<\/strong>, tel. 20-16 , pok. 102 WIEiK.<\/h4>\r\n\r\n\r\n\r\n\r\n\r\n<p>&nbsp;<\/p>\r\n\r\n\r\n\r\n<p>&nbsp;<\/p>\r\n\r\n\r\n\r\n<h4>&nbsp;<\/h4>\r\n","protected":false},"excerpt":{"rendered":"<p>Szanowni Pa\u0144stwo, Zak\u0142adowe Walne Zebranie Delegat\u00f3w NSZZ \u201eSolidarno\u015b\u0107\u201d w dniu 14 marca 2023 r. uchwali\u0142o &hellip;<\/p>\n","protected":false},"author":1,"featured_media":0,"parent":0,"menu_order":0,"comment_status":"closed","ping_status":"closed","template":"","meta":{"ngg_post_thumbnail":0,"_mc_calendar":[],"footnotes":""},"class_list":["post-2080","page","type-page","status-publish","hentry"],"_links":{"self":[{"href":"https:\/\/solidarnosc.pk.edu.pl\/index.php?rest_route=\/wp\/v2\/pages\/2080","targetHints":{"allow":["GET"]}}],"collection":[{"href":"https:\/\/solidarnosc.pk.edu.pl\/index.php?rest_route=\/wp\/v2\/pages"}],"about":[{"href":"https:\/\/solidarnosc.pk.edu.pl\/index.php?rest_route=\/wp\/v2\/types\/page"}],"author":[{"embeddable":true,"href":"https:\/\/solidarnosc.pk.edu.pl\/index.php?rest_route=\/wp\/v2\/users\/1"}],"replies":[{"embeddable":true,"href":"https:\/\/solidarnosc.pk.edu.pl\/index.php?rest_route=%2Fwp%2Fv2%2Fcomments&post=2080"}],"version-history":[{"count":27,"href":"https:\/\/solidarnosc.pk.edu.pl\/index.php?rest_route=\/wp\/v2\/pages\/2080\/revisions"}],"predecessor-version":[{"id":3044,"href":"https:\/\/solidarnosc.pk.edu.pl\/index.php?rest_route=\/wp\/v2\/pages\/2080\/revisions\/3044"}],"wp:attachment":[{"href":"https:\/\/solidarnosc.pk.edu.pl\/index.php?rest_route=%2Fwp%2Fv2%2Fmedia&parent=2080"}],"curies":[{"name":"wp","href":"https:\/\/api.w.org\/{rel}","templated":true}]}}