{"id":2039,"date":"2022-05-09T11:43:56","date_gmt":"2022-05-09T09:43:56","guid":{"rendered":"http:\/\/solidarnosc.pk.edu.pl\/?page_id=2039"},"modified":"2022-05-09T11:56:50","modified_gmt":"2022-05-09T09:56:50","slug":"pielgrzymka-na-skalke-2022","status":"publish","type":"page","link":"https:\/\/solidarnosc.pk.edu.pl\/?page_id=2039","title":{"rendered":"Pielgrzymka na Ska\u0142k\u0119 2022"},"content":{"rendered":"<p>8 kwietnia 2022 ro&nbsp; odby\u0142a si\u0119 coroczna Pielgrzymka z Wawelu na Ska\u0142k\u0119.<\/p>\n<p>&nbsp;<\/p>\n<h3>HISTORIA:<\/h3>\n<p><strong>Pierwsza pielgrzymka z katedry wawelskiej na Ska\u0142k\u0119 odby\u0142a si\u0119 8 maja 1254 roku.<\/strong><\/p>\n<p>\u015awi\u0119ty Stanis\u0142aw, g\u0142\u00f3wny patron Polski, by\u0142 krakowskim biskupem. Zgin\u0105\u0142 \u015bmierci\u0105 m\u0119cze\u0144sk\u0105 z rozkazu monarchy Boles\u0142awa \u015amia\u0142ego w 1079 roku, w roma\u0144skim ko\u015bciele na Ska\u0142ce. W 1253 roku papie\u017c Innocenty IV og\u0142osi\u0142 biskupa Stanis\u0142awa \u015bwi\u0119tym Ko\u015bcio\u0142a katolickiego. Pierwsza pielgrzymka z katedry wawelskiej, gdzie znajduje si\u0119 gr\u00f3b \u015bwi\u0119tego, na Ska\u0142k\u0119 \u2013 do miejsca jego \u015bmierci \u2013 odby\u0142a si\u0119 8 maja 1254 roku.<\/p>\n<p>Obecnie w procesji niesione s\u0105 relikwie \u015bwi\u0119tych i b\u0142ogos\u0142awionych archidiecezji krakowskiej \u2013 \u015bw. Stanis\u0142awa, \u015bw. Brata Alberta, \u015bw. Faustyny, \u015bw. Jacka, \u015bw. Floriana. Bior\u0105 w niej udzia\u0142 przedstawiciele duchowie\u0144stwa, wy\u017cszych uczelni, radnych, bractw oraz delegacje w strojach ludowych z r\u00f3\u017cnych zak\u0105tk\u00f3w Ma\u0142opolski i liczni wierni z Krakowa i okolic. Wymarszowi procesji z Wawelu towarzyszy g\u0142os dzwonu Zygmunta, kt\u00f3ry \u201eodzywa si\u0119\u201d jedynie w znacz\u0105cych dla kraju i Krakowa momentach.<\/p>\n<p>Pielgrzymk\u0119 na Ska\u0142k\u0119 odbywali te\u017c tradycyjnie polscy kr\u00f3lowie w przeddzie\u0144 koronacji \u2013 akt ten traktowano jako form\u0119 ekspiacji za \u015bmier\u0107 \u015bw. Stanis\u0142awa z rozkazu, a jak chc\u0105 niekt\u00f3re \u017ar\u00f3d\u0142a \u2013 z r\u0119ki Boles\u0142awa \u015amia\u0142ego.<\/p>\n<p>&nbsp;<\/p>\n<div class=\"article-more\" style=\"text-align: right;\"><a href=\"http:\/\/www.diecezja.pl\" target=\"_blank\" rel=\"noopener\"> <span class=\"label\">\u0179r\u00f3d\u0142o: www.diecezja.pl<\/span> <\/a><\/div>\n<div>Zapraszamy na fotogaleri\u0119.<\/div>\n<div>&nbsp;<\/div>\nngg_shortcode_0_placeholder\n","protected":false},"excerpt":{"rendered":"<p>8 kwietnia 2022 ro&nbsp; odby\u0142a si\u0119 coroczna Pielgrzymka z Wawelu na Ska\u0142k\u0119. &nbsp; HISTORIA: Pierwsza &hellip;<\/p>\n","protected":false},"author":1,"featured_media":0,"parent":0,"menu_order":0,"comment_status":"closed","ping_status":"closed","template":"","meta":{"ngg_post_thumbnail":0,"_mc_calendar":[],"footnotes":""},"class_list":["post-2039","page","type-page","status-publish","hentry"],"_links":{"self":[{"href":"https:\/\/solidarnosc.pk.edu.pl\/index.php?rest_route=\/wp\/v2\/pages\/2039","targetHints":{"allow":["GET"]}}],"collection":[{"href":"https:\/\/solidarnosc.pk.edu.pl\/index.php?rest_route=\/wp\/v2\/pages"}],"about":[{"href":"https:\/\/solidarnosc.pk.edu.pl\/index.php?rest_route=\/wp\/v2\/types\/page"}],"author":[{"embeddable":true,"href":"https:\/\/solidarnosc.pk.edu.pl\/index.php?rest_route=\/wp\/v2\/users\/1"}],"replies":[{"embeddable":true,"href":"https:\/\/solidarnosc.pk.edu.pl\/index.php?rest_route=%2Fwp%2Fv2%2Fcomments&post=2039"}],"version-history":[{"count":2,"href":"https:\/\/solidarnosc.pk.edu.pl\/index.php?rest_route=\/wp\/v2\/pages\/2039\/revisions"}],"predecessor-version":[{"id":2046,"href":"https:\/\/solidarnosc.pk.edu.pl\/index.php?rest_route=\/wp\/v2\/pages\/2039\/revisions\/2046"}],"wp:attachment":[{"href":"https:\/\/solidarnosc.pk.edu.pl\/index.php?rest_route=%2Fwp%2Fv2%2Fmedia&parent=2039"}],"curies":[{"name":"wp","href":"https:\/\/api.w.org\/{rel}","templated":true}]}}