{"id":202,"date":"2018-04-06T12:46:13","date_gmt":"2018-04-06T10:46:13","guid":{"rendered":"http:\/\/149.156.151.90\/~nszzpk\/?page_id=202"},"modified":"2019-03-21T12:51:10","modified_gmt":"2019-03-21T11:51:10","slug":"ordynacja-wyborcza-2","status":"publish","type":"page","link":"https:\/\/solidarnosc.pk.edu.pl\/?page_id=202","title":{"rendered":"Ordynacja Wyborcza"},"content":{"rendered":"<h3 style=\"text-align: center;\" align=\"center\"><span style=\"font-family: Arial; color: #0000ff;\">ORDYNACJA WYBORCZA<br \/>\nNSZZ &#8222;Solidarno\u015b\u0107&#8221; w Politechnice Krakowskiej<br \/>\nUchwalona przez ZWZD 31.03.1998r,<br \/>\nz poprawkami przyj\u0119tymi przez ZWZD 28.03.2006r.<\/span><\/h3>\n<h3 align=\"center\"><span style=\"color: #ff0000;\">oraz z poprawkami przyj\u0119tymi przez ZWZD 23.03.2018r.<\/span><\/h3>\n<h4>&nbsp;<\/h4>\n<h4 style=\"text-align: center;\"><strong>Rozdzia\u0142 I. Zakres stosowania<\/strong><\/h4>\n<h4 style=\"font-weight: 400; text-align: center;\">\u00a71<\/h4>\n<h4 style=\"font-weight: 400;\">Ordynacja dotyczy wybor\u00f3w:<\/h4>\n<ul>\n<li>&#8211; zarz\u0105du ko\u0142a i jego przewodnicz\u0105cego,<\/li>\n<li>&#8211; delegat\u00f3w na Zak\u0142adowe Walne Zebranie Delegat\u00f3w (ZWZD),<\/li>\n<li>&#8211; Komisji Zak\u0142adowej i jej przewodnicz\u0105cego,<\/li>\n<li>&#8211; Zak\u0142adowej Komisji Rewizyjnej (ZKR),<\/li>\n<li>&#8211; delegat\u00f3w na Regionalne Walne Zebranie Delegat\u00f3w.<\/li>\n<li>&#8211; delegat\u00f3w na walne zebranie Krajowej Sekcji Nauki<\/li>\n<\/ul>\n<h4 style=\"font-weight: 400; text-align: center;\"><strong>Rozdzia\u0142 II. Zasady og\u00f3lne<\/strong><\/h4>\n<h4 style=\"font-weight: 400; text-align: center;\">\u00a72<\/h4>\n<h4 style=\"font-weight: 400;\">Ordynacja oparta jest na postanowieniach Statutu NSZZ \u201eSolidarno\u015b\u0107&#8221; oraz na Ordynacji Wyborczej NSZZ &#8222;Solidarno\u015b\u0107&#8221;.<\/h4>\n<p style=\"font-weight: 400;\">W\u0142adze zwi\u0105zkowe wszystkich szczebli pochodz\u0105 z wybor\u00f3w.<\/p>\n<h4 style=\"font-weight: 400;\">Wybory odbywaj\u0105 si\u0119 na nast\u0119puj\u0105cych zasadach:<\/h4>\n<ul style=\"font-weight: 400;\">\n<li>kandydatem mo\u017ce by\u0107 osoba uprawniona do g\u0142osowania na zebraniu dokonuj\u0105cym wybor\u00f3w oraz, w wyborach na ZWZD, ten cz\u0142onek Organizacji Zak\u0142adowej, kt\u00f3ry mo\u017ce wykaza\u0107 si\u0119 co najmniej pi\u0119cioletnim nieprzerwanym okresem przynale\u017cno\u015bci do Zwi\u0105zku bezpo\u015brednio poprzedzaj\u0105cym wyb\u00f3r (jednak\u017ce bez uwzgl\u0119dnienia przerw przynale\u017cno\u015bci do Zwi\u0105zku spowodowanych niemo\u017cliwo\u015bci\u0105 nale\u017cenia do NSZZ &#8222;Solidarno\u015b\u0107&#8221; wynikaj\u0105cych z prawa powszechnego) i uzyska pisemne poparcie przez co najmniej 25% delegat\u00f3w na ZWZD.<\/li>\n<li>nie ogranicza si\u0119 liczby kandydat\u00f3w,<\/li>\n<li>g\u0142osuje si\u0119 na poszczeg\u00f3lnych kandydat\u00f3w,<\/li>\n<li>g\u0142osowanie jest tajne,<\/li>\n<li>przewodnicz\u0105cego wybiera bezpo\u015brednio walne zebranie organizacji danego szczebla,<\/li>\n<li>funkcji zwi\u0105zkowych nie mo\u017cna \u0142\u0105czy\u0107 z funkcjami okre\u015blonymi w \u00a7 12 Ordynacji Wyborczej NSZZ &#8222;Solidarno\u015b\u0107&#8221;. Stanowiska kierownicze w&nbsp;Politechnice Krakowskiej okre\u015blone s\u0105 w \u00a7 4 niniejszej ordynacji,<\/li>\n<li>odwo\u0142anie cz\u0142onka w\u0142adz zwi\u0105zkowych odbywa si\u0119 na takich samych zasadach jak wyb\u00f3r,delegaci wybierani s\u0105 na okres jednej kadencji.<\/li>\n<\/ul>\n<h4 style=\"font-weight: 400; text-align: center;\">&nbsp;\u00a73<\/h4>\n<h4 style=\"font-weight: 400;\">Kandydat\u00f3w zg\u0142asza si\u0119 na zebraniach wyborczych odpowiednich szczebli za pomoc\u0105 ustnego, uzasadnionego wniosku, nie ogranicza si\u0119 liczby kandydat\u00f3w. Mo\u017cna zg\u0142osi\u0107 nieobecnego kandydata, przedstawiaj\u0105c jego pisemn\u0105 zgod\u0119.<\/h4>\n<h4 style=\"font-weight: 400; text-align: center;\">\u00a74<\/h4>\n<h4 style=\"font-weight: 400;\">Funkcji zwi\u0105zkowych pochodz\u0105cych z wyboru nie mo\u017cna \u0142\u0105czy\u0107 ze stanowiskiem rektora, prorektora, dziekana, dyrektora instytutu, dyrektora administracyjnego, kwestora, radcy prawnego uczelni.<\/h4>\n<h4 style=\"font-weight: 400;\">Funkcji przewodnicz\u0105cego i cz\u0142onka zarz\u0105du ko\u0142a nie mo\u017cna \u0142\u0105czy\u0107 z pe\u0142nieniem funkcji kierowniczych w jednostce organizacyjnej w kt\u00f3rej dzia\u0142a ko\u0142o.<\/h4>\n<h4 style=\"font-weight: 400; text-align: center;\">\u00a75<\/h4>\n<h4 style=\"font-weight: 400;\">Wybory na wszystkich szczeblach s\u0105 wa\u017cne, je\u017celi w nich uczestniczy co najmniej 50% cz\u0142onk\u00f3w lub delegat\u00f3w uprawnionych do g\u0142osowania.<\/h4>\n<h4 style=\"font-weight: 400; text-align: center;\"><strong>ROZDZIA\u0141 III. Wyb\u00f3r zarz\u0105du ko\u0142a i jego przewodnicz\u0105cego<\/strong><\/h4>\n<h4 style=\"font-weight: 400; text-align: center;\">\u00a76<\/h4>\n<h4 style=\"font-weight: 400;\">Przewodnicz\u0105cego ko\u0142a i jego zast\u0119pc\u00f3w oraz ewentualnie dalszych cz\u0142onk\u00f3w zarz\u0105du ko\u0142a wybieraj\u0105 cz\u0142onkowie Zwi\u0105zku w obecno\u015bci przedstawiciela KZ. Wyb\u00f3r na przewodnicz\u0105cego ko\u0142a jest r\u00f3wnoczesnym wyborem na delegata ZWZD.<\/h4>\n<h4 style=\"font-weight: 400; text-align: center;\"><strong>ROZDZIA\u0141 IV. Wyb\u00f3r delegat\u00f3w na Zak\u0142adowe Walne Zebranie Delegat\u00f3w (ZWZD)<\/strong><\/h4>\n<h4 style=\"font-weight: 400; text-align: center;\">\u00a77<\/h4>\n<h4 style=\"font-weight: 400;\">Delegaci poszczeg\u00f3lnych k\u00f3\u0142 na ZWZD wybierani s\u0105 w ten spos\u00f3b, aby na 10 cz\u0142onk\u00f3w przypada\u0142 1 delegat, to jest:<\/h4>\n<p><strong>do 14 cz\u0142onk\u00f3w 1 delegat<\/strong><\/p>\n<p><strong>15 &#8211; 24 cz\u0142onk\u00f3w 2 delegat\u00f3w<\/strong><\/p>\n<p><strong>25 &#8211; 34 cz\u0142onk\u00f3w 3 delegat\u00f3w itd.<\/strong><\/p>\n<h4 style=\"font-weight: 400;\">Przewodnicz\u0105cy jest wliczony w liczb\u0119 delegat\u00f3w. Wszyscy cz\u0142onkowie zarz\u0105du k\u00f3\u0142 mog\u0105 kandydowa\u0107 na delegat\u00f3w.<\/h4>\n<h4 style=\"text-align: center;\"><strong><span style=\"color: #ff0000;\">\u00a77&#8242;<\/span><\/strong><\/h4>\n<p><strong><span style=\"color: #ff0000;\">W g\u0142osowaniu jawnym 23.03.2018 r. podj\u0119to decyzj\u0119 o zmianie ordynacji wyborczej. Przyj\u0119to, \u017ce 1 delegat <\/span><span style=\"color: #ff0000;\">przypada na 7 cz\u0142onk\u00f3w ko\u0142a, kolejny kandydat na 8 &#8211; 14 cz\u0142onk\u00f3w ko\u0142a.<\/span><\/strong><\/p>\n<h4 style=\"font-weight: 400; text-align: center;\">\u00a78<\/h4>\n<h4 style=\"font-weight: 400;\">Wyboru delegat\u00f3w dokonuje si\u0119 na zebraniach wyborczych ko\u0142a, mandat delegata trwa do ko\u0144ca kadencji Komisji Zak\u0142adowej. Mandat traci wa\u017cno\u015b\u0107 w przypadku: gdy delegat przesta\u0142 by\u0107 cz\u0142onkiem Zwi\u0105zku, rezygnacji delegata z mandatu, niewa\u017cno\u015bci wyboru, odwo\u0142ania przez wyborc\u00f3w, utraty prawa wybieralno\u015bci. Wakuj\u0105ce mandaty obsadza si\u0119 w drodze wybor\u00f3w uzupe\u0142niaj\u0105cych.<\/h4>\n<h4 style=\"font-weight: 400; text-align: center;\"><strong>ROZDZIA\u0141 V. Wyb\u00f3r przewodnicz\u0105cego Komisji Zak\u0142adowej<\/strong><\/h4>\n<h4 style=\"font-weight: 400; text-align: center;\">\u00a79<\/h4>\n<h4 style=\"font-weight: 400;\">Przewodnicz\u0105cego wybiera si\u0119 na ZWZD spo\u015br\u00f3d wybranych delegat\u00f3w oraz spo\u015br\u00f3d tych cz\u0142onk\u00f3w Organizacji Zak\u0142adowej, kt\u00f3rzy mog\u0105 wykaza\u0107 si\u0119 co najmniej pi\u0119cioletnim nieprzerwanym okresem przynale\u017cno\u015bci do Zwi\u0105zku bezpo\u015brednio poprzedzaj\u0105cym wyb\u00f3r (jednak\u017ce bez uwzgl\u0119dnienia przerw przynale\u017cno\u015bci do Zwi\u0105zku spowodowanych niemo\u017cliwo\u015bci\u0105 nale\u017cenia do NSZZ &#8222;Solidarno\u015b\u0107&#8221; wynikaj\u0105cych z prawa powszechnego) i&nbsp;uzyskaj\u0105 pisemne poparcie przez co najmniej 25% delegat\u00f3w na ZWZD. Wyb\u00f3r ten przeprowadzony jest w pierwszej kolejno\u015bci. W przypadku zwolnienia mandatu przewodnicz\u0105cego wybory przeprowadza si\u0119 w terminie jednego miesi\u0105ca od zwolnienia mandatu.<\/h4>\n<h4 style=\"font-weight: 400; text-align: center;\"><strong>ROZDZIA\u0141 VI. Wyb\u00f3r cz\u0142onk\u00f3w Komisji Zak\u0142adowej<\/strong><\/h4>\n<h4 style=\"font-weight: 400; text-align: center;\">\u00a710<\/h4>\n<h4 style=\"font-weight: 400;\">Liczebno\u015b\u0107 KZ na dan\u0105 kadencj\u0119 uchwala ZWZD<\/h4>\n<h4 style=\"font-weight: 400;\">W sk\u0142ad Komisji Zak\u0142adowej wchodz\u0105:<\/h4>\n<ol style=\"font-weight: 400;\">\n<li><strong>przewodnicz\u0105cy KZ,<\/strong><\/li>\n<li><strong>osoby wybrane z grona delegat\u00f3w oraz spo\u015br\u00f3d tych cz\u0142onk\u00f3w Organizacji Zak\u0142adowej, kt\u00f3rzy mog\u0105 wykaza\u0107 si\u0119 co najmniej pi\u0119cioletnim nieprzerwanym okresem przynale\u017cno\u015bci do Zwi\u0105zku bezpo\u015brednio poprzedzaj\u0105cym wyb\u00f3r (jednak\u017ce bez uwzgl\u0119dnienia przerw przynale\u017cno\u015bci do Zwi\u0105zku spowodowanych niemo\u017cliwo\u015bci\u0105 nale\u017cenia do NSZZ ?Solidarno\u015b\u0107? wynikaj\u0105cych z prawa powszechnego) i uzyskaj\u0105 pisemne poparcie przez co najmniej 25% delegat\u00f3w na ZWZD.<\/strong><\/li>\n<\/ol>\n<h4 style=\"font-weight: 400; text-align: center;\">\u00a711<\/h4>\n<h4 style=\"font-weight: 400;\">Przed ka\u017cdym zwyczajnym ZWZD nale\u017cy zaktualizowa\u0107 stan delegat\u00f3w, stosownie do aktualnej jego liczebno\u015bci.<\/h4>\n<h4 style=\"font-weight: 400; text-align: center;\">\u00a712<\/h4>\n<h4 style=\"font-weight: 400;\">W przypadku zwolnienia mandatu cz\u0142onka KZ wybor\u00f3w dokonuje si\u0119 na nast\u0119pnym zwyczajnym ZWZD.<\/h4>\n<h4 style=\"font-weight: 400; text-align: center;\"><strong>ROZDZIA\u0141 VII. Wyb\u00f3r Komisji Rewizyjnej<\/strong><\/h4>\n<h4 style=\"font-weight: 400; text-align: center;\">\u00a713<\/h4>\n<h4 style=\"font-weight: 400;\">Wyboru Komisji Rewizyjnej dokonuje ZWZD spo\u015br\u00f3d swego sk\u0142adu oraz spo\u015br\u00f3d tych cz\u0142onk\u00f3w Organizacji Zak\u0142adowej, kt\u00f3rzy mog\u0105 wykaza\u0107 si\u0119 co najmniej pi\u0119cioletnim nieprzerwanym okresem przynale\u017cno\u015bci do Zwi\u0105zku bezpo\u015brednio poprzedzaj\u0105cym wyb\u00f3r (jednak\u017ce bez uwzgl\u0119dnienia przerw przynale\u017cno\u015bci do Zwi\u0105zku spowodowanych niemo\u017cliwo\u015bci\u0105 nale\u017cenia do NSZZ &#8222;Solidarno\u015b\u0107&#8221; wynikaj\u0105cych z prawa powszechnego) i&nbsp;uzyskaj\u0105 pisemne poparcie przez co najmniej 25% delegat\u00f3w na ZWZD.<\/h4>\n<h4 style=\"font-weight: 400;\">Liczebno\u015b\u0107 ZKR na dan\u0105 kadencj\u0119 uchwala ZWZD<\/h4>\n<h4 style=\"font-weight: 400; text-align: center;\">\u00a714<\/h4>\n<h4 style=\"font-weight: 400;\">Cz\u0142onkowie ZKR nie mog\u0105 pe\u0142ni\u0107 innych funkcji zwi\u0105zkowych na szczeblu zak\u0142adu, nie dotyczy to sprawowania mandatu delegata na ZWZD , delegata na WZD regionu lub delegata do KSN.<\/h4>\n<h4 style=\"font-weight: 400; text-align: center;\">\u00a715<\/h4>\n<h4 style=\"font-weight: 400;\">Przewodnicz\u0105cego ZKR wybieraj\u0105 jej cz\u0142onkowie spo\u015br\u00f3d sk\u0142adu ZKR.<\/h4>\n<h4 style=\"font-weight: 400; text-align: center;\"><strong>ROZDZIA\u0141 VIII. Wyb\u00f3r Prezydium Komisji Zak\u0142adowej<\/strong><\/h4>\n<h4 style=\"font-weight: 400; text-align: center;\">\u00a716<\/h4>\n<h4 style=\"font-weight: 400;\">ZWZD podejmuje decyzj\u0119 o powo\u0142aniu spo\u015br\u00f3d cz\u0142onk\u00f3w Komisji Zak\u0142adowej prezydium KZ w g\u0142osowaniu jawnym. ZWZD upowa\u017cnia Komisj\u0119 Zak\u0142adow\u0105 do ustalenia liczby cz\u0142on\u00f3w prezydium.<\/h4>\n<h4 style=\"font-weight: 400; text-align: center;\">\u00a717<\/h4>\n<h4 style=\"font-weight: 400;\">Komisja Zak\u0142adowa wybiera ze swojego grona Prezydium oraz zatwierdza jego liczebno\u015b\u0107 i&nbsp;struktur\u0119. Struktur\u0119 i kandydat\u00f3w na cz\u0142onk\u00f3w prezydium wraz z jednoczesnym okre\u015bleniem dla poszczeg\u00f3lnych kandydat\u00f3w wyodr\u0119bnionych funkcji proponuje Przewodnicz\u0105cy KZ. Komisja Zak\u0142adowa, w g\u0142osowaniu tajnym, wybiera prezydium zwyk\u0142\u0105 wi\u0119kszo\u015bci\u0105 g\u0142os\u00f3w.<\/h4>\n<h4 style=\"font-weight: 400; text-align: center;\"><strong>ROZDZIA\u0141 IX. Wyb\u00f3r delegat\u00f3w na Walne Zebranie Delegat\u00f3w Regionu<\/strong><\/h4>\n<h4 style=\"font-weight: 400; text-align: center;\">\u00a718<\/h4>\n<h4 style=\"font-weight: 400;\">Liczb\u0119 delegat\u00f3w na Walne Zebranie Delegat\u00f3w Regionu okre\u015bla Zarz\u0105d Regionu, zgodnie z tym ZWZD wybiera delegat\u00f3w w wyborach tajnych.<\/h4>\n<h4 style=\"font-weight: 400; text-align: center;\"><strong>ROZDZIA\u0141 X. Przebieg zebra\u0144 wyborczych<\/strong><\/h4>\n<h4 style=\"font-weight: 400; text-align: center;\">\u00a719<\/h4>\n<h4 style=\"font-weight: 400;\">Komisja Zak\u0142adowa celem zorganizowania wybor\u00f3w powo\u0142uje Zak\u0142adow\u0105 Komisj\u0119 Wyborcz\u0105.<\/h4>\n<h4 style=\"font-weight: 400; text-align: center;\">\u00a720<\/h4>\n<h4 style=\"font-weight: 400;\">Zak\u0142adowa Komisja Wyborcza ustala kalendarz wyborczy, przygotowuje wybory od strony organizacyjno programowej, prowadzi nadz\u00f3r nad wyborami w ko\u0142ach, prowadzi rejestr delegat\u00f3w, wydaje i rejestruje mandaty delegat\u00f3w na ZWZD. Komisja Wyborcza rozwi\u0105zuje si\u0119 po z\u0142o\u017ceniu ZWZD sprawozdania z dokonanych czynno\u015bci.<\/h4>\n<h4 style=\"font-weight: 400; text-align: center;\">\u00a721<\/h4>\n<h4 style=\"font-weight: 400;\">Zebranie wyborcze otwiera Przewodnicz\u0105cy KZ przedstawiaj\u0105c porz\u0105dek zebrania.<\/h4>\n<h4 style=\"font-weight: 400; text-align: center;\">\u00a722<\/h4>\n<h4 style=\"font-weight: 400;\">Porz\u0105dek zebrania podlega zatwierdzeniu zwyk\u0142\u0105 wi\u0119kszo\u015bci\u0105 g\u0142os\u00f3w przez delegat\u00f3w na ZWZD. G\u0142osowanie jest jawne.<\/h4>\n<h4 style=\"font-weight: 400; text-align: center;\">\u00a723<\/h4>\n<h4 style=\"font-weight: 400;\">Zebranie wybiera przewodnicz\u0105cego zebrania, cz\u0142onk\u00f3w komisji: mandatowej, skrutacyjnej, wnioskowej i protokolant\u00f3w (liczebno\u015b\u0107 komisji ustalaj\u0105 cz\u0142onkowie zebrania) w g\u0142osowaniu jawnym zwyk\u0142\u0105 wi\u0119kszo\u015bci\u0105 g\u0142os\u00f3w. Protokolanci i cz\u0142onkowie komisji skrutacyjnej nie musz\u0105 mie\u0107 biernego i czynnego prawa wyborczego. Kandydatury zg\u0142aszaj\u0105 uczestnicy zebrania. Je\u017celi po trzykrotnym wezwaniu przewodnicz\u0105cego nikt nie zg\u0142asza nowych kandydat\u00f3w, przewodnicz\u0105cy zebrania og\u0142asza zamkni\u0119cie listy wyborczej oraz zapytuje kandydat\u00f3w czy zgadzaj\u0105 si\u0119 kandydowa\u0107. Cz\u0142onkowie komisji skrutacyjnej nie mog\u0105 kandydowa\u0107 do w\u0142adz zwi\u0105zku. Je\u017celi zostali zg\u0142oszeni to przestaj\u0105 pe\u0142ni\u0107 swoje funkcje i nale\u017cy dokona\u0107 ponownych wybor\u00f3w na zwolnione miejsce.<\/h4>\n<h4 style=\"font-weight: 400; text-align: center;\">\u00a724<\/h4>\n<h4 style=\"font-weight: 400;\">Komisja mandatowa stwierdza na podstawie listy obecno\u015bci czy jest obecnych co najmniej 50&nbsp;% delegat\u00f3w.<\/h4>\n<h4 style=\"font-weight: 400; text-align: center;\">\u00a725<\/h4>\n<h4 style=\"font-weight: 400;\">Do zada\u0144 komisji skrutacyjnej nale\u017cy: sporz\u0105dzenie listy kandydat\u00f3w i zbadanie czy zg\u0142oszone kandydatury zgodne s\u0105 z \u00a7 4 niniejszej Ordynacji, wydawanie kart do g\u0142osowania, zbieranie g\u0142os\u00f3w do urn wyborczych, ustalenie i podanie wynik\u00f3w g\u0142osowania, sporz\u0105dzenie protoko\u0142u z g\u0142osowania i zabezpieczenie kart do g\u0142osowania.<\/h4>\n<h4 style=\"font-weight: 400; text-align: center;\">\u00a726<\/h4>\n<h4 style=\"font-weight: 400;\">Przed zarz\u0105dzeniem g\u0142osowania ka\u017cdy kandydat ma obowi\u0105zek, na \u017c\u0105danie chocia\u017cby jednej osoby spo\u015br\u00f3d zebranych, przedstawienia zebraniu swojej dotychczasowej dzia\u0142alno\u015bci spo\u0142ecznej, a tak\u017ce swego programu dzia\u0142ania. Uczestnicy zebrania maj\u0105 prawo zadawa\u0107 pytania kandydatowi. Przewodnicz\u0105cy uchyla pytania, je\u017celi dotycz\u0105 \u017cycia osobistego kandydata. Zebranie wi\u0119kszo\u015bci\u0105 g\u0142os\u00f3w mo\u017ce uchyli\u0107 decyzj\u0119 przewodnicz\u0105cego.<\/h4>\n<h4 style=\"font-weight: 400; text-align: center;\">\u00a727<\/h4>\n<h4 style=\"font-weight: 400;\">Po zako\u0144czeniu prezentacji kandydat\u00f3w i po ustaleniu w g\u0142osowaniu jawnym ilo\u015bci tur g\u0142osowania, przewodnicz\u0105cy zarz\u0105dza g\u0142osowanie.<\/h4>\n<h4 style=\"font-weight: 400;\">Ka\u017cdy wyborca otrzymuje od komisji skrutacyjnej kart\u0119 wyborcz\u0105 zawieraj\u0105c\u0105 nazwiska wszystkich kandydat\u00f3w. G\u0142osuj\u0105cy skre\u015bla co najmniej tyle nazwisk ile wynosi r\u00f3\u017cnica pomi\u0119dzy liczb\u0105 kandydat\u00f3w a liczb\u0105 miejsc mandatowych. Skre\u015blenie mniejszej liczby kandydat\u00f3w czyni g\u0142os niewa\u017cnym. G\u0142os jest tak\u017ce niewa\u017cny je\u017celi, nie mo\u017cna odczyta\u0107 w&nbsp;spos\u00f3b jednoznaczny woli wyborcy. G\u0142osowanie uznaje si\u0119 za niewa\u017cne je\u017celi:<\/h4>\n<ul style=\"font-weight: 400;\">\n<li><strong>liczba g\u0142os\u00f3w wa\u017cnych jest mniejsza ni\u017c g\u0142os\u00f3w niewa\u017cnych,<\/strong><\/li>\n<li><strong>liczba oddanych g\u0142os\u00f3w jest wi\u0119ksza ni\u017c liczba uprawnionych do g\u0142osowania lub liczba wydanych kartek do g\u0142osowania,<\/strong><\/li>\n<li><strong>ze wzgl\u0119d\u00f3w technicznych nie mo\u017cna ustali\u0107 wynik\u00f3w g\u0142osowania,<\/strong><\/li>\n<li><strong>z\u0142amano zasad\u0119 tajno\u015bci g\u0142osowania.<\/strong><\/li>\n<\/ul>\n<h4 style=\"font-weight: 400; text-align: center;\">\u00a728<\/h4>\n<h4 style=\"font-weight: 400;\">Za wybranych uwa\u017ca si\u0119 tych kandydat\u00f3w, kt\u00f3rzy uzyskali kolejno najwi\u0119ksz\u0105 liczb\u0119 g\u0142os\u00f3w wa\u017cnych oraz co najmniej ponad po\u0142ow\u0119 oddanych g\u0142os\u00f3w wa\u017cnych i znale\u017ali si\u0119 na miejscach mandatowych.<\/h4>\n<h4 style=\"font-weight: 400; text-align: center;\">\u00a729<\/h4>\n<h4 style=\"font-weight: 400;\">Je\u017celi w pierwszej turze wybor\u00f3w nie zosta\u0142y obsadzone wszystkie miejsca mandatowe, przewodnicz\u0105cy zebrania zarz\u0105dza nast\u0119pne tury g\u0142osowania. W nast\u0119pnych turach bior\u0105 udzia\u0142 kandydaci, kt\u00f3rzy spe\u0142niaj\u0105 \u0142\u0105cznie nast\u0119puj\u0105ce warunki:<\/h4>\n<h4 style=\"font-weight: 400;\">brali udzia\u0142 w poprzedniej turze i nie zostali wybrani,<\/h4>\n<h4 style=\"font-weight: 400;\">uzyskali kolejno najwi\u0119ksz\u0105 liczb\u0119 g\u0142os\u00f3w,<\/h4>\n<h4 style=\"font-weight: 400;\">Po czym do nast\u0119pnej tury przechodz\u0105 kandydaci w ilo\u015bci nie przekraczaj\u0105cej dwukrotnej ilo\u015bci nieobsadzonych miejsc.<\/h4>\n<h4 style=\"font-weight: 400; text-align: center;\">\u00a730<\/h4>\n<ul>\n<li style=\"font-weight: 400;\">\n<h4>\u00a7 22 &#8211; 28 stosuje si\u0119 odpowiednio do wszystkich przeprowadzanych wybor\u00f3w.<\/h4>\n<\/li>\n<\/ul>\n<h4 style=\"font-weight: 400; text-align: center;\">\u00a731<\/h4>\n<h4 style=\"font-weight: 400;\">Je\u017celi po wyczerpaniu ustalonej ilo\u015bci tur g\u0142osowania nie zostan\u0105 obsadzone wszystkie miejsca mandatowe, na te miejsca mandatowe przeprowadza si\u0119 wybory zgodnie z \u00a7 36 Ordynacji Wyborczej NSZZ &#8222;Solidarno\u015b\u0107&#8221;.<\/h4>\n<h4 style=\"font-weight: 400; text-align: center;\">\u00a732<\/h4>\n<h4 style=\"font-weight: 400;\">Zgromadzenie, kt\u00f3re wybra\u0142o danego cz\u0142onka w\u0142adzy Zwi\u0105zku ma prawo go odwo\u0142a\u0107 w tym samym trybie w jaki go wybra\u0142o. Uzasadniony wniosek o odwo\u0142anie mo\u017ce zg\u0142osi\u0107 ka\u017cdy cz\u0142onek Zwi\u0105zku.<\/h4>\n<h4 style=\"font-weight: 400; text-align: center;\">\u00a733<\/h4>\n<h4 style=\"font-weight: 400;\">Protokolanci sporz\u0105dzaj\u0105 protok\u00f3\u0142 z przebiegu zebrania, kt\u00f3ry podpisuj\u0105 wraz z&nbsp;przewodnicz\u0105cym zebrania.<\/h4>\n<h4 style=\"font-weight: 400; text-align: center;\">\u00a734<\/h4>\n<h4 style=\"font-weight: 400;\">Wybory mog\u0105 by\u0107 r\u00f3wnie\u017c przeprowadzone w formie g\u0142osowania do urny wyborczej.<\/h4>\n<h4 style=\"font-weight: 400;\">T\u0119 form\u0119 przeprowadzania wybor\u00f3w stosuje si\u0119, gdy na zebraniu wyborczym brak jest quorum i przeprowadza si\u0119 zgodnie z Ordynacj\u0105 Wyborcz\u0105 NSZZ &#8222;Solidarno\u015b\u0107&#8221;.<\/h4>\n<h4 style=\"font-weight: 400; text-align: center;\">\u00a735<\/h4>\n<h4 style=\"font-weight: 400;\">Protok\u00f3\u0142 wraz z list\u0105 wyborc\u00f3w i kartami wyborczymi przekazywane s\u0105 do Komisji Zak\u0142adowej.<\/h4>\n","protected":false},"excerpt":{"rendered":"<p>ORDYNACJA WYBORCZA NSZZ &#8222;Solidarno\u015b\u0107&#8221; w Politechnice Krakowskiej Uchwalona przez ZWZD 31.03.1998r, z poprawkami przyj\u0119tymi przez &hellip;<\/p>\n","protected":false},"author":1,"featured_media":0,"parent":0,"menu_order":0,"comment_status":"closed","ping_status":"closed","template":"","meta":{"ngg_post_thumbnail":0,"_mc_calendar":[],"footnotes":""},"class_list":["post-202","page","type-page","status-publish","hentry"],"_links":{"self":[{"href":"https:\/\/solidarnosc.pk.edu.pl\/index.php?rest_route=\/wp\/v2\/pages\/202","targetHints":{"allow":["GET"]}}],"collection":[{"href":"https:\/\/solidarnosc.pk.edu.pl\/index.php?rest_route=\/wp\/v2\/pages"}],"about":[{"href":"https:\/\/solidarnosc.pk.edu.pl\/index.php?rest_route=\/wp\/v2\/types\/page"}],"author":[{"embeddable":true,"href":"https:\/\/solidarnosc.pk.edu.pl\/index.php?rest_route=\/wp\/v2\/users\/1"}],"replies":[{"embeddable":true,"href":"https:\/\/solidarnosc.pk.edu.pl\/index.php?rest_route=%2Fwp%2Fv2%2Fcomments&post=202"}],"version-history":[{"count":4,"href":"https:\/\/solidarnosc.pk.edu.pl\/index.php?rest_route=\/wp\/v2\/pages\/202\/revisions"}],"predecessor-version":[{"id":760,"href":"https:\/\/solidarnosc.pk.edu.pl\/index.php?rest_route=\/wp\/v2\/pages\/202\/revisions\/760"}],"wp:attachment":[{"href":"https:\/\/solidarnosc.pk.edu.pl\/index.php?rest_route=%2Fwp%2Fv2%2Fmedia&parent=202"}],"curies":[{"name":"wp","href":"https:\/\/api.w.org\/{rel}","templated":true}]}}