{"id":20,"date":"2018-03-30T21:35:55","date_gmt":"2018-03-30T19:35:55","guid":{"rendered":"http:\/\/149.156.151.90\/~nszzpk\/?page_id=20"},"modified":"2025-11-20T09:37:49","modified_gmt":"2025-11-20T08:37:49","slug":"kontakt","status":"publish","type":"page","link":"https:\/\/solidarnosc.pk.edu.pl\/?page_id=20","title":{"rendered":"KONTAKT"},"content":{"rendered":"\r\n<div class=\"wp-block-columns is-layout-flex wp-container-core-columns-is-layout-9d6595d7 wp-block-columns-is-layout-flex\">\r\n<div class=\"wp-block-column is-layout-flow wp-block-column-is-layout-flow\">\r\n<h2 class=\"wp-block-heading\">NSZZ ,,SOLIDARNO\u015a\u0106&#8221;<\/h2>\r\n\r\n\r\n\r\n<h3 class=\"wp-block-heading has-text-align-left\">Komisja Zak\u0142adowa Politechniki Krakowskiej<\/h3>\r\n\r\n\r\n\r\n<h4 class=\"wp-block-heading\">31-155 Krak\u00f3w, ul. Warszawska 24, gmach WIEiK, p. 102<\/h4>\r\n\r\n\r\n\r\n<h4 class=\"wp-block-heading\">tel: 48 (12) 628 29 59;<\/h4>\r\n\r\n\r\n\r\n<h4 class=\"wp-block-heading\">tel\/fax: 48 (12) 628 20 16<\/h4>\r\n\r\n\r\n\r\n<p class=\"has-text-align-left\"><em><strong>numer konta bankowego:<\/strong><\/em><\/p>\r\n\r\n\r\n\r\n<h4 class=\"wp-block-heading\"><span style=\"color: #0000ff;\"><em><strong>Pekao SA&nbsp; 49 1240 4533 1111 0000 5424 2438<\/strong><\/em><\/span><\/h4>\r\n\r\n\r\n\r\n<p>&nbsp;<\/p>\r\n\r\n\r\n\r\n<p>&nbsp;<\/p>\r\n\r\n\r\n\r\n<h3 class=\"wp-block-heading\">Sekretariat<\/h3>\r\n\r\n\r\n\r\n<h4 class=\"wp-block-heading\">Specjalista mgr El\u017cbieta Branicka<\/h4>\r\n\r\n\r\n\r\n<h4 class=\"wp-block-heading\"><span style=\"color: #ff0000;\">godz. przyj\u0119\u0107: poniedzia\u0142ek &#8211; pi\u0105tek 7-14<br><\/span><\/h4>\r\n\r\n\r\n\r\n<p class=\"has-text-align-center\">&nbsp;<\/p>\r\n\r\n\r\n\r\n<h4 class=\"wp-block-heading\">&nbsp;<\/h4>\r\n\r\n\r\n\r\n<h4 class=\"wp-block-heading\"><a href=\"mailto:nszz-s@usk.pk.edu.pl\"><span style=\"font-family: Arial; font-size: large;\">e-mail: nszz-s@pk.edu.pl<\/span><\/a><\/h4>\r\n\r\n\r\n\r\n<p><a href=\"http:\/\/solidarnosc.pk.edu.pl\" target=\"_blank\" rel=\"noopener noreferrer\">www.solidarnosc.pk.edu.pl<\/a><\/p>\r\n<\/div>\r\n\r\n\r\n\r\n<div class=\"wp-block-column is-layout-flow wp-block-column-is-layout-flow\"> <iframe loading=\"lazy\" style=\"border: 0;\" src=\"https:\/\/www.google.com\/maps\/embed?pb=!1m18!1m12!1m3!1d782.7481641593769!2d19.942706969361918!3d50.07108452564725!2m3!1f0!2f0!3f0!3m2!1i1024!2i768!4f13.1!3m3!1m2!1s0x47165b04a1f6a23f%3A0xea28a4cede108adf!2sWydzia%C5%82%20In%C5%BCynierii%20Elektrycznej%20i%20Komputerowej%20Politechniki%20Krakowskiej!5e1!3m2!1spl!2spl!4v1734712163211!5m2!1spl!2spl\" width=\"600\" height=\"450\" allowfullscreen=\"allowfullscreen\"><\/iframe> <\/div>\r\n<\/div>\r\n\r\n\r\n\r\n<p>&nbsp;<\/p>\r\n\r\n\r\n\r\n<p>&nbsp;<\/p>\r\n\r\n\r\n\r\n<h4 class=\"wp-block-heading\"><span style=\"color: #ff0000;\">&nbsp;<\/span><\/h4>\r\n\r\n\r\n\r\n<p class=\"has-text-align-center\">&nbsp;<\/p>\r\n\r\n\r\n\r\n<h4 class=\"wp-block-heading\">&nbsp;<\/h4>\r\n\r\n\r\n\r\n<h4 class=\"wp-block-heading\">&nbsp;<\/h4>\r\n\r\n\r\n\r\n<p>&nbsp;<\/p>\r\n\r\n\r\n\r\n<p>&nbsp;<\/p>\r\n\r\n\r\n\r\n<p>&nbsp;<\/p>\r\n\r\n\r\n\r\n<p>&nbsp;<\/p>\r\n","protected":false},"excerpt":{"rendered":"<p>NSZZ ,,SOLIDARNO\u015a\u0106&#8221; Komisja Zak\u0142adowa Politechniki Krakowskiej 31-155 Krak\u00f3w, ul. Warszawska 24, gmach WIEiK, p. 102 &hellip;<\/p>\n","protected":false},"author":1,"featured_media":0,"parent":0,"menu_order":0,"comment_status":"closed","ping_status":"closed","template":"","meta":{"ngg_post_thumbnail":0,"_mc_calendar":[],"footnotes":""},"class_list":["post-20","page","type-page","status-publish","hentry"],"_links":{"self":[{"href":"https:\/\/solidarnosc.pk.edu.pl\/index.php?rest_route=\/wp\/v2\/pages\/20","targetHints":{"allow":["GET"]}}],"collection":[{"href":"https:\/\/solidarnosc.pk.edu.pl\/index.php?rest_route=\/wp\/v2\/pages"}],"about":[{"href":"https:\/\/solidarnosc.pk.edu.pl\/index.php?rest_route=\/wp\/v2\/types\/page"}],"author":[{"embeddable":true,"href":"https:\/\/solidarnosc.pk.edu.pl\/index.php?rest_route=\/wp\/v2\/users\/1"}],"replies":[{"embeddable":true,"href":"https:\/\/solidarnosc.pk.edu.pl\/index.php?rest_route=%2Fwp%2Fv2%2Fcomments&post=20"}],"version-history":[{"count":18,"href":"https:\/\/solidarnosc.pk.edu.pl\/index.php?rest_route=\/wp\/v2\/pages\/20\/revisions"}],"predecessor-version":[{"id":5095,"href":"https:\/\/solidarnosc.pk.edu.pl\/index.php?rest_route=\/wp\/v2\/pages\/20\/revisions\/5095"}],"wp:attachment":[{"href":"https:\/\/solidarnosc.pk.edu.pl\/index.php?rest_route=%2Fwp%2Fv2%2Fmedia&parent=20"}],"curies":[{"name":"wp","href":"https:\/\/api.w.org\/{rel}","templated":true}]}}