{"id":1989,"date":"2022-05-04T10:12:54","date_gmt":"2022-05-04T08:12:54","guid":{"rendered":"http:\/\/solidarnosc.pk.edu.pl\/?page_id=1989"},"modified":"2022-05-06T10:17:33","modified_gmt":"2022-05-06T08:17:33","slug":"sladami-jpii-2022","status":"publish","type":"page","link":"https:\/\/solidarnosc.pk.edu.pl\/?page_id=1989","title":{"rendered":"\u015aladami JPII 2022"},"content":{"rendered":"<p>1 maja odby\u0142 si\u0119 coroczny XVI Wiosenny Spacer \u015bladami \u015aw. Jana Paw\u0142a II po Krakowie. Zapraszamy do ogl\u0105dni\u0119cia galerii.<\/p>\n<p>ngg_shortcode_0_placeholder<a href=\"https:\/\/drive.google.com\/file\/d\/1wIC8N-15gZ4JDTcX1S2I3soyZ7xI9iK7\/view?usp=sharing\" target=\"_blank\" rel=\"noopener\">Link do zdj\u0119\u0107 autorstwa kolegi Stanis\u0142awa Strusia<\/a><\/p>\n","protected":false},"excerpt":{"rendered":"<p>1 maja odby\u0142 si\u0119 coroczny XVI Wiosenny Spacer \u015bladami \u015aw. Jana Paw\u0142a II po Krakowie. &hellip;<\/p>\n","protected":false},"author":1,"featured_media":0,"parent":0,"menu_order":0,"comment_status":"closed","ping_status":"closed","template":"","meta":{"ngg_post_thumbnail":0,"_mc_calendar":[],"footnotes":""},"class_list":["post-1989","page","type-page","status-publish","hentry"],"_links":{"self":[{"href":"https:\/\/solidarnosc.pk.edu.pl\/index.php?rest_route=\/wp\/v2\/pages\/1989","targetHints":{"allow":["GET"]}}],"collection":[{"href":"https:\/\/solidarnosc.pk.edu.pl\/index.php?rest_route=\/wp\/v2\/pages"}],"about":[{"href":"https:\/\/solidarnosc.pk.edu.pl\/index.php?rest_route=\/wp\/v2\/types\/page"}],"author":[{"embeddable":true,"href":"https:\/\/solidarnosc.pk.edu.pl\/index.php?rest_route=\/wp\/v2\/users\/1"}],"replies":[{"embeddable":true,"href":"https:\/\/solidarnosc.pk.edu.pl\/index.php?rest_route=%2Fwp%2Fv2%2Fcomments&post=1989"}],"version-history":[{"count":3,"href":"https:\/\/solidarnosc.pk.edu.pl\/index.php?rest_route=\/wp\/v2\/pages\/1989\/revisions"}],"predecessor-version":[{"id":2001,"href":"https:\/\/solidarnosc.pk.edu.pl\/index.php?rest_route=\/wp\/v2\/pages\/1989\/revisions\/2001"}],"wp:attachment":[{"href":"https:\/\/solidarnosc.pk.edu.pl\/index.php?rest_route=%2Fwp%2Fv2%2Fmedia&parent=1989"}],"curies":[{"name":"wp","href":"https:\/\/api.w.org\/{rel}","templated":true}]}}