{"id":193,"date":"2018-04-04T22:41:57","date_gmt":"2018-04-04T20:41:57","guid":{"rendered":"http:\/\/149.156.151.90\/~nszzpk\/?page_id=193"},"modified":"2018-06-28T08:45:04","modified_gmt":"2018-06-28T06:45:04","slug":"zwzd","status":"publish","type":"page","link":"https:\/\/solidarnosc.pk.edu.pl\/?page_id=193","title":{"rendered":"ZWZD"},"content":{"rendered":"<h3 style=\"text-align: center;\"><span style=\"color: #0000ff;\">Uchwa\u0142y Zak\u0142adowego Walnego Zebrania Delegat\u00f3w&nbsp; NSZZ \u201eSolidarno\u015b\u0107\u201d Politechniki Krakowskiej podj\u0119te w dn. 28.03.2006<\/span><\/h3>\n<h4 style=\"font-weight: 400; text-align: center;\"><strong>Uchwa\u0142a nr 1<\/strong>.<\/h4>\n<p style=\"font-weight: 400; text-align: left;\">Ko\u0142o Administracji zwraca si\u0119 z wnioskiem, aby Komisja Zak\u0142adowa, dzia\u0142aj\u0105c na mocy punktu 4 Porozumienia Rektora PK z Komisj\u0105 Zak\u0142adow\u0105 NSZZ \u201eSolidarno\u015b\u0107\u201d w sprawie zasad wsp\u00f3\u0142dzia\u0142ania z dnia 17 maja 1991 r. dokona\u0142a oceny sposobu kszta\u0142towania wynagrodze\u0144 oraz premiowania i nagradzania pracownik\u00f3w administracji Politechniki Krakowskiej.<\/p>\n<p style=\"text-align: left;\">ZWZD NSZZ \u201eSolidarno\u015b\u0107\u201d Politechniki Krakowskiej po wys\u0142uchaniu stanowiska Ko\u0142a Administracji kieruje przedstawiony wniosek do rozpatrzenia przez Komisj\u0119 Zak\u0142adow\u0105.<\/p>\n<h4 style=\"font-weight: 400; text-align: center;\">&nbsp;<\/h4>\n<h4 style=\"font-weight: 400; text-align: center;\"><strong>Uchwa\u0142a nr 2<\/strong>.<\/h4>\n<p style=\"font-weight: 400; text-align: left;\">Ko\u0142o Pracownik\u00f3w Administracji apeluje o wzmo\u017cenie wysi\u0142k\u00f3w zmierzaj\u0105cych w kierunku wyegzekwowania przy najbli\u017cszych podwy\u017ckach \u2013 podwy\u017cki kwotowej. Podwy\u017cki procentowe dyskryminuj\u0105 najmniej zarabiaj\u0105cych dla kt\u00f3rych nie ma ani ni\u017cszych cen w sklepach, czy mediach. St\u0105d nasz apel b\u0105d\u017amy solidarni z wszystkimi cz\u0142onkami naszego Zwi\u0105zku, przesta\u0144my widzie\u0107 tylko koniec w\u0142asnego nosa, wszak wszyscy jeste\u015bmy cz\u0142onkami NSZZ \u201eSolidarno\u015b\u0107\u201d PK.<\/p>\n<p style=\"text-align: left;\">ZWZD NSZZ \u201eSolidarno\u015b\u0107\u201d Politechniki Krakowskiej po wys\u0142uchaniu stanowiska Ko\u0142a Administracji kieruje przedstawiony wniosek do rozpatrzenia przez Komisj\u0119 Zak\u0142adow\u0105.<\/p>\n<p style=\"font-weight: 400; text-align: left;\"><strong>&nbsp;<\/strong><\/p>\n<h4 style=\"font-weight: 400; text-align: center;\"><strong>Uchwa\u0142a nr 3.<\/strong><\/h4>\n<p style=\"font-weight: 400; text-align: left;\">WZD NSZZ \u201eSolidarno\u015b\u0107\u201d Politechniki Krakowskiej upowa\u017cnia Komisj\u0119 Zak\u0142adow\u0105<br \/>\n&nbsp;do podejmowania decyzji w sprawie lokowania \u015brodk\u00f3w finansowych NSZZ \u201eSolidarno\u015b\u0107\u201d PK w funduszach inwestycyjnych oraz obligacjach skarbowych<\/p>\n<h4 style=\"font-weight: 400; text-align: center;\">&nbsp;<\/h4>\n<h4 style=\"font-weight: 400; text-align: center;\"><strong>Uchwa\u0142a nr 4<\/strong>.<\/h4>\n<p style=\"text-align: left;\">ZWZD NSZZ \u201eSolidarno\u015b\u0107\u201d Politechniki Krakowskiej zobowi\u0105zuje delegat\u00f3w na Regionalne Walne Zebranie Delegat\u00f3w do wystosowania wniosku do Krajowego Zjazdu Delegat\u00f3w<br \/>\no mo\u017cliwie du\u017ce zmniejszenie wysoko\u015bci odprowadzanej przez Komisj\u0119 Zak\u0142adow\u0105<br \/>\ndo Zarz\u0105du Regionu sk\u0142adki.<\/p>\n<p style=\"font-weight: 400; text-align: center;\"><strong>&nbsp;<\/strong><\/p>\n<h4 style=\"font-weight: 400; text-align: center;\"><strong>Uchwa\u0142a nr 5<\/strong>.<\/h4>\n<p style=\"text-align: left;\">ZWZD NSZZ \u201eSolidarno\u015b\u0107\u201d Politechniki Krakowskiej upowa\u017cnia delegat\u00f3w na Regionalne Walne Zebranie Delegat\u00f3w do z\u0142o\u017cenia wniosku zobowi\u0105zuj\u0105cego Zarz\u0105d Regionu<br \/>\ndo zdyscyplinowania tych Komisji Zak\u0142adowych, kt\u00f3re nie odprowadzaj\u0105 nale\u017cnych sk\u0142adek do Zarz\u0105du Regionu.<\/p>\n<h4 style=\"font-weight: 400; text-align: center;\">&nbsp;<\/h4>\n<h4 style=\"font-weight: 400; text-align: center;\"><strong>Uchwa\u0142a nr 6<\/strong>.<\/h4>\n<p style=\"font-weight: 400; text-align: left;\">Cz\u0142onkowie Ko\u0142a na Wydziale In\u017cynierii Elektrycznej i Komputerowej PK zwracaj\u0105 si\u0119 do delegat\u00f3w ZWZD z apelem o poparcie przez Zwi\u0105zek rezolucji domagaj\u0105cej si\u0119 ca\u0142kowitego oczyszczenia genera\u0142a Augusta Fieldorfa&nbsp; \u201eNila\u201d z bezpodstawnie zarzucanych mu win oraz ukarania os\u00f3b bior\u0105cych udzia\u0142 w wymierzaniu skazuj\u0105cego wyroku. Przypominamy, \u017ce genera\u0142 zosta\u0142 skazany 16 kwietnia 1952 roku przez S\u0105d Wojew\u00f3dzki dla Miasta Sto\u0142ecznego Warszawy na kar\u0119 \u015bmierci. Zosta\u0142 zamordowany w wi\u0119zieniu mokotowskim przez powieszenie, 24 lutego 1953 roku o godzinie 15. Miejsce poch\u00f3wku jest do dnia dzisiejszego nieznane.<\/p>\n<p style=\"font-weight: 400; text-align: left;\">&nbsp;&nbsp;&nbsp;&nbsp;&nbsp;&nbsp;&nbsp;&nbsp;&nbsp;&nbsp;&nbsp; Zwracamy jednocze\u015bnie uwag\u0119, ze do tej pory \u015brodowisko s\u0119dziowskie nie oczy\u015bci\u0142o si\u0119 z tego typu wyrok\u00f3w, co mo\u017ce budzi\u0107 zdziwienie w sytuacji gdy Polacy jednocze\u015bnie domagaj\u0105 si\u0119 rozliczenia ze Zbrodni Katy\u0144skiej od Rosjan.<\/p>\n<p style=\"font-weight: 400; text-align: left;\">&nbsp;&nbsp;&nbsp;&nbsp;&nbsp;&nbsp;&nbsp;&nbsp;&nbsp;&nbsp;&nbsp; Domagamy si\u0119 r\u00f3wnie\u017c poparcia przez Zwi\u0105zek, Pomorskiego Spo\u0142ecznego Komitetu Lustracyjnego utworzonego przez siedmiu represjonowanych w PRL-u i internowanych tr\u00f3jmiejskich dzia\u0142aczy opozycji. Powo\u0142ali&nbsp; oni Komitet \u201epowodowani\u201d odpowiedzialno\u015bci\u0105 za przebudow\u0119 Polski w celu odzyskania pe\u0142nej suwerenno\u015bci i oczyszczenia \u017cycia publicznego z pozosta\u0142o\u015bci totalitarnego systemu komunistycznego.<\/p>\n<h3 style=\"text-align: center;\"><span style=\"color: #ff0000;\">ZWZD NSZZ \u201eSolidarno\u015b\u0107\u201d Politechniki Krakowskiej kieruje przedstawiony wniosek&nbsp;do rozpatrzenia przez Komisj\u0119 Zak\u0142adow\u0105.<\/span><\/h3>\n<p style=\"font-weight: 400;\"><em>&nbsp;<\/em><\/p>\n<h3 style=\"text-align: center;\"><span style=\"color: #0000ff;\">Uchwa\u0142y ZWZD 1998<\/span><\/h3>\n<h4 style=\"text-align: left;\">Wniosek 1<\/h4>\n<p style=\"text-align: left;\">Zobowi\u0105zuje si\u0119 KZ do rozeznania sprawy nalicze\u0144 \u015bwiadcze\u0144 emerytalnych i podj\u0119cia ewentualnych krok\u00f3w w celu poprawienia sytuacji materialnej os\u00f3b przed emerytur\u0105.<\/p>\n<h4 style=\"text-align: left;\">Wniosek 2<\/h4>\n<p style=\"text-align: left;\">Zobowi\u0105zuje si\u0119 KZ do dalszego prowadzenia rozm\u00f3w z JM. Rektorem w sprawie wliczania cz\u0119\u015bci premii do wynagrodzenia zasadniczego dla grupy os\u00f3b nie b\u0119d\u0105cych nauczycielami akademickimi.<\/p>\n<h4 style=\"text-align: left;\">Wniosek 3<\/h4>\n<p style=\"text-align: left;\">Zobowi\u0105zuje si\u0119 KZ do przeprowadzenia wi\u0105\u017c\u0105cych rozm\u00f3w z w\u0142adzami PK dotycz\u0105cymi podwy\u017cszenia p\u0142ac pracownikom najni\u017cej zarabiaj\u0105cym (z grupy prac. technicznych i administracji) celem zbli\u017cenia ich wynagrodze\u0144 do \u015bredniej krajowej.<\/p>\n<h4 style=\"text-align: left;\">Wniosek 4<\/h4>\n<p style=\"text-align: left;\">Zobowi\u0105zuje si\u0119 KZ do rozpoznania mo\u017cliwo\u015bci zr\u00f3wnania wyp\u0142at z tytu\u0142u zasi\u0142k\u00f3w chorobowych we wszystkich grupach pracowniczych PK.<\/p>\n<h4 style=\"text-align: left;\">Wniosek 5<\/h4>\n<p style=\"text-align: left;\">Zobowi\u0105zuje si\u0119 KZ do wyst\u0105pienia do JM. Rektora PK o udost\u0119pnienie materia\u0142\u00f3w dotycz\u0105cych potrzeby zatrudniania nowych pracownik\u00f3w administracji centralnej (dotycz\u0105cych pracownik\u00f3w z zewn\u0105trz) w aspekcie faktu przerostu si\u0142 administracyjnych w tym dziale.<\/p>\n<h4 style=\"text-align: left;\">Uchwa\u0142a nr 10<\/h4>\n<p style=\"text-align: left;\">ZWZD NSZZ &#8222;Solidarno\u015b\u0107&#8221; PK zobowi\u0105zuje KZ do realizacji sformu\u0142owanych przez komisj\u0119 wnioskow\u0105 pi\u0119ciu powy\u017cszych wniosk\u00f3w w toku bie\u017c\u0105cej kadencji.<\/p>\n<p style=\"text-align: left;\">W g\u0142osowaniu jawnym ZWZD przyj\u0119\u0142o jednog\u0142o\u015bnie uchwa\u0142\u0119.<\/p>\n<h3 style=\"text-align: center;\"><span style=\"color: #0000ff;\">Wolne wnioski<\/span><\/h3>\n<p style=\"text-align: center;\"><strong>Wniosek dot. zmian zasad refundacji za wczasy &#8222;pod grusz\u0105&#8221; (otrzymuje si\u0119 refundacj\u0119, gdy urlop obejmuje 14 kolejnych dni kalendarzowych) ZWZD proponuje przekaza\u0107 swoim przedstawicielom pracuj\u0105cym w komisji socjalnej.<\/strong><\/p>\n","protected":false},"excerpt":{"rendered":"<p>Uchwa\u0142y Zak\u0142adowego Walnego Zebrania Delegat\u00f3w&nbsp; NSZZ \u201eSolidarno\u015b\u0107\u201d Politechniki Krakowskiej podj\u0119te w dn. 28.03.2006 Uchwa\u0142a nr &hellip;<\/p>\n","protected":false},"author":1,"featured_media":0,"parent":0,"menu_order":0,"comment_status":"closed","ping_status":"closed","template":"","meta":{"ngg_post_thumbnail":0,"_mc_calendar":[],"footnotes":""},"class_list":["post-193","page","type-page","status-publish","hentry"],"_links":{"self":[{"href":"https:\/\/solidarnosc.pk.edu.pl\/index.php?rest_route=\/wp\/v2\/pages\/193","targetHints":{"allow":["GET"]}}],"collection":[{"href":"https:\/\/solidarnosc.pk.edu.pl\/index.php?rest_route=\/wp\/v2\/pages"}],"about":[{"href":"https:\/\/solidarnosc.pk.edu.pl\/index.php?rest_route=\/wp\/v2\/types\/page"}],"author":[{"embeddable":true,"href":"https:\/\/solidarnosc.pk.edu.pl\/index.php?rest_route=\/wp\/v2\/users\/1"}],"replies":[{"embeddable":true,"href":"https:\/\/solidarnosc.pk.edu.pl\/index.php?rest_route=%2Fwp%2Fv2%2Fcomments&post=193"}],"version-history":[{"count":3,"href":"https:\/\/solidarnosc.pk.edu.pl\/index.php?rest_route=\/wp\/v2\/pages\/193\/revisions"}],"predecessor-version":[{"id":483,"href":"https:\/\/solidarnosc.pk.edu.pl\/index.php?rest_route=\/wp\/v2\/pages\/193\/revisions\/483"}],"wp:attachment":[{"href":"https:\/\/solidarnosc.pk.edu.pl\/index.php?rest_route=%2Fwp%2Fv2%2Fmedia&parent=193"}],"curies":[{"name":"wp","href":"https:\/\/api.w.org\/{rel}","templated":true}]}}