{"id":189,"date":"2018-04-04T11:46:46","date_gmt":"2018-04-04T09:46:46","guid":{"rendered":"http:\/\/149.156.151.90\/~nszzpk\/?page_id=189"},"modified":"2025-11-28T09:42:51","modified_gmt":"2025-11-28T08:42:51","slug":"komisji-zakladowej","status":"publish","type":"page","link":"https:\/\/solidarnosc.pk.edu.pl\/?page_id=189","title":{"rendered":"Uchwa\u0142y Komisji Zak\u0142adowej"},"content":{"rendered":"<h3 style=\"text-align: center;\"><span style=\"color: #0000ff;\"><strong>Uchwa\u0142y Komisji Zak\u0142adowej w kadencjach:<\/strong><\/span><br><span style=\"color: #0000ff;\"><strong>2023 \u2013 2028 s\u0105 do wgl\u0105du w sekretariacie NSZZ Solidarno\u015b\u0107 PK pok.102 WIEiK.<\/strong><\/span><\/h3>\r\n<h3>&nbsp;<\/h3>\r\n<h3 style=\"text-align: center;\"><span style=\"color: #0000ff;\"><strong>Uchwa\u0142y Komisji Zak\u0142adowej w kadencjach:<\/strong><\/span><br><span style=\"color: #0000ff;\"><strong>2018 \u2013 2022<\/strong><\/span><\/h3>\r\n<h4 style=\"text-align: left;\"><strong>15.09.2019<\/strong><\/h4>\r\n<p>Komisja&nbsp; Zak\u0142adowa NSZZ \u201dSolidarno\u015b\u0107\u201d PK zebrana na posiedzeniu w dniu 15 pa\u017adziernika 2019 r. domaga si\u0119 pilnego wyr\u00f3wnania nieprawid\u0142owo naliczonych koszt\u00f3w uzyskania przychodu do trzynastej pensji&nbsp; w&nbsp; b. r. Koszty uzyskania przychodu nale\u017cne ze wzgl\u0119du na prawa autorskie nauczycieli akademickich nale\u017ca\u0142o uwzgl\u0119dni\u0107 podczas naliczania \u201etrzynastki\u201d. Odpowiednio przytoczone w za\u0142\u0105czonych opiniach prawnych zapisy \u015bwiadcz\u0105 jednoznacznie jak nale\u017cy prawid\u0142owo oblicza\u0107 te koszty. Wyr\u00f3wnania niewyp\u0142aconych kwot nale\u017cy dokona\u0107 niezw\u0142ocznie ze wzgl\u0119du na up\u0142yw czasu. Nie mo\u017ce to by\u0107 za\u0142atwione <br>w formie za\u015bwiadcze\u0144 do Urz\u0119du Skarbowego, tylko w postaci wyr\u00f3wnania.<\/p>\r\n<h3>&nbsp;<\/h3>\r\n<h3 style=\"text-align: center;\"><strong><span style=\"color: #0000ff;\">Uchwa\u0142y Komisji Zak\u0142adowej w kadencjach:<\/span><\/strong><br><strong><span style=\"color: #0000ff;\">1998 \u2013 2002<\/span><\/strong><br><strong><span style=\"color: #0000ff;\">2002 &#8211; 2006<\/span><\/strong><\/h3>\r\n<h4>19.05.1998<\/h4>\r\n<p>Zwi\u0105zek nie wyra\u017ca zgody na dofinansowanie o\u015brodka w Janowicach ze \u015brodk\u00f3w funduszu socjalnego<\/p>\r\n<h4>30.06.1998<\/h4>\r\n<p>KZ po zebraniu danych z innych uczelni, przyst\u0105pi do negocjacji z Rektorem, d\u0105\u017c\u0105c do uzyskania 100% zasi\u0142ku chorobowego dla pracownik\u00f3w nie b\u0119d\u0105cych nauczycielami akademickimi. Punktem wyj\u015bciowym negocjacji b\u0119dzie 100%.<\/p>\r\n<h4>30.06.1999<\/h4>\r\n<ol>\r\n<li>Uporz\u0105dkowa\u0107 listy cz\u0142onk\u00f3w uczelnianej &#8222;Solidarno\u015bci&#8221;. Zatwierdzenie tre\u015bci pisma skierowanego do emeryt\u00f3w i rencist\u00f3w.<\/li>\r\n<li>W sytuacji, gdy niekt\u00f3rzy cz\u0142onkowie Zwi\u0105zku przebywaj\u0105 na urlopach bezp\u0142atnych, na sta\u017cach zagranicznych lub przechodz\u0105 na emerytur\u0119 \u2013 powstaj\u0105 zaleg\u0142o\u015bci w p\u0142aceniu sk\u0142adek, KZ wprowadza abolicj\u0119 sk\u0142adkow\u0105.<\/li>\r\n<li>KZ ceduje swoje uprawnienia na Prezydium KZ, aby rozpatrywa\u0142o i podejmowa\u0142o decyzje w indywidualnych pro\u015bbach o zawieszenie sk\u0142adek. Prezydium KZ b\u0119dzie zobowi\u0105zane do poinformowania KZ o rozpatrzonych wnioskach i zawieszeniu sk\u0142adek.<\/li>\r\n<\/ol>\r\n<h4>11.05.1999<\/h4>\r\n<p>Zawieszenie op\u0142acania sk\u0142adek cz\u0142onkowskich dla emeryt\u00f3w na okres 20 lat.<\/p>\r\n<h4>29.06.1999<\/h4>\r\n<p>Komisja Zak\u0142adowa NSZZ &#8222;Solidarno\u015b\u0107&#8221; Politechniki Krakowskiej negatywnie ocenia przed\u0142o\u017cony przez Ministerstwo Edukacji Narodowej projekt ustawy &#8222;Prawo o Szkolnictwie Wy\u017cszym&#8221;.&nbsp;Ministerialny projekt ustawy, opieraj\u0105c si\u0119 na ustawie dotychczasowej, powiela rozwi\u0105zania sprzeczne z trendami panuj\u0105cymi w krajach Unii Europejskiej i jednocze\u015bnie utrwala to co zastarza\u0142e a pogarsza to co demokratyczne.<\/p>\r\n<p>Jednocze\u015bnie KZ NSZZ &#8222;Solidarno\u015b\u0107&#8221; Politechniki Krakowskiej akceptuje g\u0142\u00f3wne kierunki zmian prawa o szkolnictwie wy\u017cszym zawarte w projekcie ustawy &#8222;Prawo o Szkolnictwie Wy\u017cszym&#8221; opracowanym przez Krajow\u0105 Sekcj\u0119 Nauki NSZZ &#8222;Solidarno\u015b\u0107&#8221;.<\/p>\r\n<h4>19.10.1999<\/h4>\r\n<ol>\r\n<li>Poparcie dla projektu KSN ustawy \u201ePrawo o Szkolnictwie Wy\u017cszym\u201d<\/li>\r\n<li>Zaprotestowa\u0107 przeciw sformu\u0142owaniom z projektu MEN ustawy \u201ePrawo o Szkolnictwie Wy\u017cszym\u201d.<\/li>\r\n<\/ol>\r\n<h4>30.11.1999<\/h4>\r\n<ol>\r\n<li>Utworzenie komisji do opracowania zmian regulaminowych, tak aby przedstawiciele Zwi\u0105zkowi mogli uczestniczy\u0107 w kolegiach instytutowych. W sk\u0142ad komisji wejd\u0105 przewodnicz\u0105cy k\u00f3\u0142 wydzia\u0142owych (Chemia, Architektura, Elektryczny) plus przewodnicz\u0105cy Komisji Zak\u0142adowej.<\/li>\r\n<li>Zawnioskowa\u0107 zmian\u0119 w regulaminie socjalnym, aby zniesiono limit wieku, przy refundacji \u201ewczas\u00f3w pod grusz\u0105\u201d dla dzieci niepe\u0142nosprawnych.<\/li>\r\n<li>Gabinet rehabilitacyjny pozostawi\u0107 na terenie PK i om\u00f3wi\u0107 spraw\u0119 z Dyrektorem ZOZ-u. Nie nale\u017cy si\u0119 jednak zgodzi\u0107 na op\u0142acanie pracownika gabinetu z funduszu socjalnego.<\/li>\r\n<\/ol>\r\n<h4>11.04.2000<\/h4>\r\n<p>Podj\u0105\u0107 starania o umo\u017cliwienie doktorantom PK korzystania z ulg PKP (w ramach niewykorzystanej w pe\u0142ni puli ulg wykupionych przez PK dla pracownik\u00f3w)<\/p>\r\n<h4>27.06.2000<\/h4>\r\n<p>Poparcie apelu Uniwersytetu Warszawskiego.<\/p>\r\n<h4>Pismo do Przewodnicz\u0105cego K.K. M. Krzaklewskiego<\/h4>\r\n<h4>&#8222;Solidarno\u015b\u0107&#8221; od swojego powstania walczy o godno\u015b\u0107 i prawa pracownik\u00f3w.<\/h4>\r\n<p>W latach 1980 &#8211; 1981 oraz w okresie dzia\u0142alno\u015bci podziemnej, Solidarno\u015b\u0107 \u015brodowisk akademickich domaga\u0142a si\u0119 demokratyzacji wy\u017cszych uczelni.<\/p>\r\n<p>Idea ta znalaz\u0142a cz\u0119\u015bciowo swoje odbicie w zapisach ustawy o szkolnictwie wy\u017cszym z roku 1990.<\/p>\r\n<p>Projekt Ministerstwa Edukacji Narodowej z bie\u017c\u0105cego roku &#8222;Prawo o Szkolnictwie Wy\u017cszym&#8221; nie do\u015b\u0107, i\u017c ewidentnie odchodzi od tej idei ale nie zosta\u0142 nawet poddany konsultacji z og\u00f3\u0142em spo\u0142eczno\u015bci akademickiej, kt\u00f3rej prawo stanowi\u0105ce o kszta\u0142cie i zasadach funkcjonowania szkolnictwa akademickiego bezpo\u015brednio dotyczy. W kr\u0119gach zwi\u0105zanych z NSZZ &#8222;Solidarno\u015b\u0107&#8221; spotka\u0142 si\u0119 z mia\u017cd\u017c\u0105c\u0105 krytyk\u0105 i zosta\u0142 uznany za propozycj\u0119 nie do przyj\u0119cia. Znalaz\u0142o to odbicie w opiniach i stanowisku niemal wszystkich ogniw zwi\u0105zku zwi\u0105zanych ze szkolnictwem wy\u017cszym. Minister Edukacji Narodowej niestety ci\u0105gle forsuje przed\u0142o\u017cenie go Sejmowi RP.<\/p>\r\n<h4>Szanowny Panie Przewodnicz\u0105cy!<\/h4>\r\n<p>W tej sytuacji stanowczo domagamy si\u0119 &#8211; aby pos\u0142owie AWS, kt\u00f3rzy otrzymali sw\u00f3j mandat z rekomendacji zwi\u0105zkowej i dzi\u0119ki g\u0142osom zwi\u0105zkowc\u00f3w, zostali powiadomieni o naszym stanowisku wobec projektu MEN &#8211; tym bardziej, \u017ce NSZZ &#8222;Solidarno\u015b\u0107&#8221; przedstawi\u0142a projekt alternatywny. Oczekujemy, \u017ce w tej sprawie nie b\u0119dzie dyscypliny klubowej w ewentualnym g\u0142osowaniu nad projektem ustawy. Wyra\u017camy przekonanie, \u017ce ci\u0105gle jeszcze zasady solidarno\u015bci znacz\u0105 co\u015b dla naszych pos\u0142\u00f3w zwi\u0105zkowych, a elementarna lojalno\u015b\u0107 wobec swoich wyborc\u00f3w jest istotnym sk\u0142adnikiem wybor\u00f3w dokonywanych w Sejmie. Ewentualne przeg\u0142osowanie ustawy w kszta\u0142cie MEN-owskim g\u0142osami tych pos\u0142\u00f3w uznamy jako akt wrogo\u015bci wobec NSZZ &#8222;Solidarno\u015b\u0107&#8221; oraz jednoznaczne zerwanie z ideami sierpnia 1980.<\/p>\r\n<h4>24.10.2000<\/h4>\r\n<p>Organizacja XX-lecia \u201eSolidarno\u015bci\u201d w PK \u2013 przewodnicz\u0105cym Komitetu Organizacyjnego Obchod\u00f3w zosta\u0142 Prof. Zenon Waszczyszyn, a w sk\u0142ad Komitetu wejdzie Prezydium KZ.&nbsp;Zgoda na techniczn\u0105 i finansow\u0105 pomoc w organizacji obchod\u00f3w przez KZ.<\/p>\r\n<h4>28.11.2000<\/h4>\r\n<p>Zmiany w Regulaminie Gospodarowania Zak\u0142adowym Funduszem \u015awiadcze\u0144 Socjalnych PK<\/p>\r\n<h4>19.12.2000<\/h4>\r\n<p>Akceptacja koszt\u00f3w Jubileuszu XX-lecia \u201eSolidarno\u015bci\u201d PK na kwot\u0119 1.271,13 z\u0142 poniesionych przez KZ.<\/p>\r\n<h4>03.04.2001<\/h4>\r\n<p>Odrzucenie nowego Statutu w ca\u0142o\u015bci i zwr\u00f3cenie si\u0119 do Komisji Statutowej o aktualizacj\u0119 i nowelizacj\u0119 istniej\u0105cego Statutu (w miar\u0119 zaistnia\u0142ych potrzeb)<\/p>\r\n<h4>26.06.2001<\/h4>\r\n<ol>\r\n<li>Udzielenie pe\u0142nomocnictwa Prezydium KZ w prowadzeniu negocjacji w sprawach p\u0142acowych w okresie wakacyjnym.<\/li>\r\n<li>Podwy\u017cszenie zasi\u0142k\u00f3w statutowych z tytu\u0142u:<\/li>\r\n<\/ol>\r\n<p><strong><span style=\"color: #0000ff;\">\u2013 urodzenia dziecka: 400 z\u0142<\/span><\/strong><\/p>\r\n<p><strong><span style=\"color: #0000ff;\">\u2013 zgonu cz\u0142onka zwi\u0105zku: 600 z\u0142<\/span><\/strong><\/p>\r\n<p><strong><span style=\"color: #0000ff;\">\u2013 zgonu cz\u0142onka rodziny: 300 z\u0142<\/span><\/strong><\/p>\r\n<h4>27.11.2001<\/h4>\r\n<p>List do Ojca \u015aw. z \u017cyczeniami \u015bwi\u0105tecznymi. Cz\u0142onkowie KZ podpisali si\u0119 pod \u017cyczeniami.<\/p>\r\n<h4>18.12.2001<\/h4>\r\n<p>Zgoda na rezygnacj\u0119 z wykupienia zni\u017cek kolejowych dla pracownik\u00f3w uczelni. Jednocze\u015bnie proponujemy przekazanie pewnej cz\u0119\u015bci sumy dot\u0105d przeznaczonej na wykup zni\u017cek na fundusz socjalny, tak, aby mo\u017cliwe by\u0142o dofinansowanie wyjazdu wakacyjnego dla pracownik\u00f3w o najni\u017cszej \u015bredniej p\u0142acy.<\/p>\r\n<h4>09.04.2002<\/h4>\r\n<p>Sk\u0142ad komisji ds. informacji : Anna W\u00f3jtowicz, Jacek Wojs, Ewa Sadowska<\/p>\r\n<h4>22.10.2002<\/h4>\r\n<p>Przy\u0142\u0105czenie si\u0119 do solidarno\u015bciowej akcji protestacyjnej w\/s Fabryki Kabli w O\u017carowie. B\u0119d\u0105 wywieszone flagi w oknach lokalu KZ \u201eS\u201d PK. Pomoc finansowa 1000 z\u0142 przes\u0142ana do O\u017carowa.<\/p>\r\n<h4>27.05.2003<\/h4>\r\n<ol>\r\n<li>Wykre\u015bli\u0107 z regulaminu pracy PK punkt, aby m-c sierpie\u0144 by\u0142 obowi\u0105zkowo miesi\u0105cem urlopowym dla wszystkich pracownik\u00f3w PK.<\/li>\r\n<li>W przyznawaniu nagr\u00f3d i wyr\u00f3\u017cnie\u0144 stosowa\u0107 zapis kodeksu pracy, tzn. opiniowanie przez zwi\u0105zki zawodowe.<\/li>\r\n<li>Przeznaczenie wp\u0142yw\u00f3w z kar pieni\u0119\u017cnych na popraw\u0119 warunk\u00f3w pracy, zgodnie z kodeksem pracy.<\/li>\r\n<li>Wolne dni za prac\u0119 w sobot\u0119, niedziel\u0119, zgodnie z kodeksem pracy.<\/li>\r\n<li>Regulamin Pracy musi by\u0107 uzgodniony ze zwi\u0105zkami zawodowymi.<\/li>\r\n<li>Nale\u017cy przeprowadzi\u0107 kontrol\u0119, czy zgodnie z regulaminem pracy s\u0105 dostarczane \u015brodki ochrony osobistej pracownikom.<\/li>\r\n<li>Wyst\u0105pi\u0107 do Rektora o zapisanie w statucie szko\u0142y, \u017ce pracownik wybrany do w\u0142adz kolegialnych szko\u0142y nie mo\u017ce by\u0107 zwolniony z pracy.<\/li>\r\n<\/ol>\r\n<h4>24.06.2003<\/h4>\r\n<ol>\r\n<li>Upowa\u017cnienie Przewodnicz\u0105cego Zwi\u0105zku do prowadzenia negocjacji w\/s podwy\u017cek p\u0142ac w imieniu zwi\u0105zku.<\/li>\r\n<li>Dokona\u0107 zmiany ca\u0142ego Regulaminu Pracy, tak aby by\u0142 zgodny z wymogami Unii Europejskiej oraz powo\u0142a\u0107 zesp\u00f3\u0142, kt\u00f3ry przejrzy Regulamin i sprawdzi zgodno\u015b\u0107 z prawem unijnym.<\/li>\r\n<li>Przyj\u0119cie kandydatury Jacka Prz\u0119dzika na Spo\u0142ecznego Inspektora Pracy na kolejn\u0105 kadencj\u0119.<\/li>\r\n<li>W III etapie podwy\u017cek do porozumienia p\u0142acowego zapisa\u0107 kryteria ustalone do podwy\u017cki uznaniowej.<\/li>\r\n<\/ol>\r\n<h4>30.03.2004<\/h4>\r\n<p>Nie zrywa\u0107 um\u00f3w du\u017cych lokat terminowych, dotrzyma\u0107 je do terminu zako\u0144czenia i zrobi\u0107 jedn\u0105 du\u017c\u0105 lokat\u0119. Natomiast zostawi\u0107 jedn\u0105 ma\u0142\u0105 lokat\u0119, aby w przypadku konieczno\u015bci zerwania lokaty strata by\u0142a niewielka.<\/p>\r\n<h4>Lista cz\u0142onk\u00f3w Komisji Zak\u0142adowej obj\u0119tych ochron\u0105 zwi\u0105zku do ko\u0144ca kadencji i 1 rok po jej zako\u0144czeniu.<\/h4>\r\n<ol>\r\n<li>Janusz Zaj\u0119cki<\/li>\r\n<li>Marek Bielczyk<\/li>\r\n<li>El\u017cbieta Chrzanowska<\/li>\r\n<li>Ma\u0142gorzata Duraj<\/li>\r\n<li>Wies\u0142aw Jakubas<\/li>\r\n<li>Beata Nawrot<\/li>\r\n<li>Ewa Sadowska<\/li>\r\n<li>Jacek Wojs<\/li>\r\n<li>Anna Kantarek<\/li>\r\n<li>Alicja Radzikowska-Kerc<\/li>\r\n<li>Anna Madej<\/li>\r\n<li>Jan Ortyl<\/li>\r\n<li>Jolanta Polaczek<\/li>\r\n<li>Krystyna Romaniak<\/li>\r\n<li>Tadeusz Tatara<\/li>\r\n<li>Antoni Marci\u0144ski<\/li>\r\n<li>Stefan Sarna<\/li>\r\n<li>Jacek Skowron<\/li>\r\n<li>Edward S\u0142awi\u0144ski<\/li>\r\n<\/ol>\r\n<h4>22.06.2004<\/h4>\r\n<ol>\r\n<li>W sprawie ocen pracownik\u00f3w dydaktycznych skierowa\u0107 na r\u0119ce Rektora pismo do Senatu (przed 2.07.). Je\u015bli Rektor pisma nie odczyta, zg\u0142osi\u0107 w wolnych wnioskach. Pismo zredaguj\u0105: Jolanta Polaczek, El\u017cbieta Chrzanowska, Ryszard Mas\u0142owski, Janusz Zaj\u0119cki. W pi\u015bmie do Senatu nale\u017cy poinformowa\u0107, \u017ce po senacie: zwi\u0105zek wyst\u0105pi do MENiS i do S\u0105du Pracy.<\/li>\r\n<\/ol>\r\n<p>Je\u015bli odpowied\u017a senatu b\u0119dzie negatywna, to zwi\u0105zek nag\u0142o\u015bni spraw\u0119 w mediach krakowskich.<\/p>\r\n<h4>30.11.2004<\/h4>\r\n<ol>\r\n<li>Zg\u0142osi\u0107 do Senackiej Komisji Statutowej (z odpisem dla Rektora) \u017ce zmiana wysoko\u015bci nagr\u00f3d dla nienauczycieli z 1% na 0,75% ,dokonana przez Senat, jest niezgodna z regulaminem i nie zosta\u0142a uzgodniona ze zwi\u0105zkami zawodowymi.<\/li>\r\n<li>Umieszczenie informacji na temat przyznawania nagr\u00f3d dla nienauczycieli na tablicach zwi\u0105zkowych.<\/li>\r\n<\/ol>\r\n<h4>22.02.2005<\/h4>\r\n<ol>\r\n<li>El\u017cbieta Chrzanowska zosta\u0142a wybrana przewodnicz\u0105c\u0105 Komitetu Organizacyjnego jubileuszu XXV lecia \u201eS\u201d w PK.<\/li>\r\n<li>Jubileusz ma mie\u0107 form\u0119 sesji i wystawy.<\/li>\r\n<\/ol>\r\n<h4>15.03.2005<\/h4>\r\n<p>W II etapie przyznawania \u015bwiadcze\u0144 socjalnych kwota b\u0119dzie ustalana po zbilansowaniu ca\u0142ego roku. KZ domaga si\u0119 \u017ceby ta kwota nie by\u0142a ni\u017csza ni\u017c 300 z\u0142, a reszta b\u0119dzie zgodna z Regulaminem Gospodarowania ZF\u015aS.<\/p>\r\n<h4>31.05.2005<\/h4>\r\n<p>Jubileusz XXV-lecia \u201dS\u201d w PK odb\u0119dzie si\u0119 oko\u0142o po\u0142owy pa\u017adziernika jako otwarte zebranie Komisji Zak\u0142adowej prowadzone w lu\u017anej formie towarzyskiej.<\/p>\r\n<h4>28.06.2005<\/h4>\r\n<ol>\r\n<li>KZ pokryje koszt 600 szt. pami\u0105tkowych znaczk\u00f3w jubileuszowych zaprosze\u0144 na uroczysto\u015bci jubileuszowe 25-lecia \u201eSolidarno\u015bci\u201d Uczelni Krakowa dn.1.10.2005 oraz koszt uczestnictwa naszych cz\u0142onk\u00f3w i go\u015bci. Koszt uczestnictwa jest przewidywany na oko\u0142o 30 z\u0142.<\/li>\r\n<li>Komisja Zak\u0142adowa NSZZ \u201eSolidarno\u015b\u0107\u201d Politechniki Krakowskiej upowa\u017cnia Prezydium Komisji Zak\u0142adowej do wyra\u017cania stanowiska Komisji Zak\u0142adowej w sprawach wynikaj\u0105cych z art.31 oraz art. 32 pkt. 1 Ustawy o Zwi\u0105zkach zawodowych z dnia 23 maja 1991 (tekst jednolity Dz. U. 2001nr 79poz. 854 wraz z p\u00f3\u017an. zmianami).<\/li>\r\n<\/ol>\r\n<h4>20.12.2005<\/h4>\r\n<p><strong><em><span style=\"color: #0000ff;\">Zmiany w Regulaminie Gospodarowania Zak\u0142adowym Funduszem \u015awiadcze\u0144 Socjalnych<\/span><\/em><\/strong><\/p>\r\n<ol>\r\n<li>Komisja \u015awiadcze\u0144 Socjalnych zbiera si\u0119 w razie potrzeby.<\/li>\r\n<li>Przy dofinansowaniu dla dzieci nale\u017cy przedstawi\u0107 dokument po\u015bwiadczaj\u0105cy kontynuacj\u0119 nauki.<\/li>\r\n<li>W przypadku zapom\u00f3g zostawi\u0107 okre\u015blenie \u201ew wyj\u0105tkowo\u201d.<\/li>\r\n<li>U\u015bci\u015bli\u0107 \u201emaksymalna wysoko\u015b\u0107 zapomogi \u2013 \u015brednia p\u0142aca w PK za ubieg\u0142y rok\u201d.<\/li>\r\n<li>Po\u017cyczka (skre\u015bli\u0107 remontowa) nie mo\u017ce przekroczy\u0107 4-krotnej p\u0142acy w PK.<\/li>\r\n<li>Po\u017cyczka mieszkaniowa nie przekracza 15 \u015brednich p\u0142ac w PK.<\/li>\r\n<li>Po\u017cyczkobiorca zobowi\u0105zany jest rozliczy\u0107 50% po\u017cyczki w ci\u0105gu p\u00f3\u0142 roku.<\/li>\r\n<li>Wysoko\u015b\u0107 umorzenia obu po\u017cyczek nie mo\u017ce przekroczy\u0107 2-miesi\u0119cznej \u015bredniej p\u0142acy w PK.<\/li>\r\n<li>Komisja ma prawo ograniczy\u0107 ilo\u015b\u0107 po\u017cyczek i obni\u017cy\u0107 ich wysoko\u015b\u0107.<\/li>\r\n<li>Wprowadzi\u0107 zapis, \u017ce po\u017cyczka na cele mieszkaniowe mo\u017ce by\u0107 udzielona wi\u0119cej ni\u017c 1 raz. Powt\u00f3rna po\u017cyczka mo\u017ce by\u0107 udzielona po 10 latach od sp\u0142acenia ostatniej po\u017cyczki. W pierwszej kolejno\u015bci po\u017cyczka udzielona jest tym, kt\u00f3rzy ubiegaj\u0105 si\u0119 o ni\u0105 po raz pierwszy.<\/li>\r\n<\/ol>\r\n<h4>17.01.2006<\/h4>\r\n<ol>\r\n<li>Powo\u0142ano Zak\u0142adow\u0105 Komisj\u0119 Wyborcz\u0105 w osobach Prezydium Komisji Zak\u0142adowej.<\/li>\r\n<li>Okr\u0119gami wyborczymi s\u0105 ko\u0142a.<\/li>\r\n<li>Komisja Wyborcza powinna by\u0107 zawiadomiona o terminie zebrania wyborczego w kole na tydzie\u0144 przed zebraniem.<\/li>\r\n<li>KZ upowa\u017cni\u0142a kol. R. Mas\u0142owskiego do zredagowania apelu o mo\u017cliwo\u015bci wyst\u0105pienia do IPN-u z wnioskiem o przyznanie statusu pokrzywdzonego, a nast\u0119pnie o ujawnienie tajnych wsp\u00f3\u0142pracownik\u00f3w SB. W tym apelu powinno si\u0119 znale\u017a\u0107 s\u0142owo \u201ehaniebny\u201d.<\/li>\r\n<\/ol>\r\n<h3 style=\"text-align: center;\"><span style=\"color: #0000ff;\">Apel&nbsp;<\/span><span style=\"color: #0000ff;\">Komisji Zak\u0142adowej NSZZ \u201eSolidarno\u015b\u0107\u201d Politechniki Krakowskiej<\/span><\/h3>\r\n<h4>W zwi\u0105zku z ujawnieniem haniebnych fakt\u00f3w dotycz\u0105cych wsp\u00f3\u0142pracy niekt\u00f3rych cz\u0142onk\u00f3w NSZZ \u201eSolidarno\u015b\u0107\u201d \u015brodowiska akademickiego Krakowa z organami SB PRL, zwracamy si\u0119 z apelem do naszych kole\u017canek i koleg\u00f3w, kt\u00f3rzy pe\u0142nili lub pe\u0142ni\u0105 funkcje w strukturach \u201eSolidarno\u015bci\u201d szczebla zak\u0142adowego i wy\u017cszego, aby wyst\u0105pili do Instytutu Pami\u0119ci Narodowej z wnioskiem o przyznanie statusu pokrzywdzonego, a nast\u0119pnie o ujawnienie danych osobowych tajnych wsp\u00f3\u0142pracownik\u00f3w.<\/h4>\r\n<h4><span style=\"color: #ff0000;\">Zale\u017cy nam na poznaniu prawdy.<\/span><\/h4>\r\n\r\n<p>&nbsp;<\/p>\r\n","protected":false},"excerpt":{"rendered":"<p>Uchwa\u0142y Komisji Zak\u0142adowej w kadencjach:2023 \u2013 2028 s\u0105 do wgl\u0105du w sekretariacie NSZZ Solidarno\u015b\u0107 PK &hellip;<\/p>\n","protected":false},"author":1,"featured_media":0,"parent":0,"menu_order":0,"comment_status":"closed","ping_status":"closed","template":"","meta":{"ngg_post_thumbnail":0,"_mc_calendar":[],"footnotes":""},"class_list":["post-189","page","type-page","status-publish","hentry"],"_links":{"self":[{"href":"https:\/\/solidarnosc.pk.edu.pl\/index.php?rest_route=\/wp\/v2\/pages\/189","targetHints":{"allow":["GET"]}}],"collection":[{"href":"https:\/\/solidarnosc.pk.edu.pl\/index.php?rest_route=\/wp\/v2\/pages"}],"about":[{"href":"https:\/\/solidarnosc.pk.edu.pl\/index.php?rest_route=\/wp\/v2\/types\/page"}],"author":[{"embeddable":true,"href":"https:\/\/solidarnosc.pk.edu.pl\/index.php?rest_route=\/wp\/v2\/users\/1"}],"replies":[{"embeddable":true,"href":"https:\/\/solidarnosc.pk.edu.pl\/index.php?rest_route=%2Fwp%2Fv2%2Fcomments&post=189"}],"version-history":[{"count":8,"href":"https:\/\/solidarnosc.pk.edu.pl\/index.php?rest_route=\/wp\/v2\/pages\/189\/revisions"}],"predecessor-version":[{"id":5109,"href":"https:\/\/solidarnosc.pk.edu.pl\/index.php?rest_route=\/wp\/v2\/pages\/189\/revisions\/5109"}],"wp:attachment":[{"href":"https:\/\/solidarnosc.pk.edu.pl\/index.php?rest_route=%2Fwp%2Fv2%2Fmedia&parent=189"}],"curies":[{"name":"wp","href":"https:\/\/api.w.org\/{rel}","templated":true}]}}