{"id":1766,"date":"2021-12-11T15:44:13","date_gmt":"2021-12-11T14:44:13","guid":{"rendered":"http:\/\/solidarnosc.pk.edu.pl\/?page_id=1766"},"modified":"2021-12-11T15:44:13","modified_gmt":"2021-12-11T14:44:13","slug":"archiwum-2018","status":"publish","type":"page","link":"https:\/\/solidarnosc.pk.edu.pl\/?page_id=1766","title":{"rendered":"Archiwum 2018"},"content":{"rendered":"<h3>&#8212;&#8212;&#8212;&#8212;&#8212;&#8212;&#8212;&#8212;&#8212;&#8212;&#8212;&#8212;&#8212;&#8212;&#8212;&#8212;&#8212;-<\/h3>\n<p><img loading=\"lazy\" decoding=\"async\" class=\"aligncenter\" src=\"http:\/\/solidarnosc.pk.edu.pl\/wp-content\/uploads\/2018\/12\/\u017cyczenia-2018-Bo\u017ce-Narodzenie-1024x724.jpg\" alt=\"\" width=\"639\" height=\"452\"><\/p>\n<h3 style=\"text-align: center;\">&#8212;&#8212;&#8212;&#8212;&#8212;&#8212;&#8212;&#8212;&#8212;&#8212;&#8212;&#8212;&#8212;&#8212;&#8212;&#8212;&#8212;-<\/h3>\n<h4><a href=\"http:\/\/solidarnosc.pk.edu.pl\/?page_id=718\">13 grudnia 2018 r. odby\u0142a si\u0119 uroczysta Msza \u015aw. rocznicowa na Wawelu z okazji wprowadzenia w 1981 roku stanu wojennego.<\/a><\/h4>\n<h4><a href=\"http:\/\/solidarnosc.pk.edu.pl\/?page_id=687\">13 grudnia 2018 r. odby\u0142o si\u0119 spotkanie op\u0142atkowe z emerytami NSZZ Solidarno\u015b\u0107 Politechniki Krakowskiej w Galerii GIL. By\u0142y \u017cyczenia i kol\u0119dowanie.<\/a><\/h4>\n<h3 style=\"text-align: center;\">&#8212;&#8212;&#8212;&#8212;&#8212;&#8212;&#8212;&#8212;&#8212;&#8212;&#8212;&#8212;&#8212;&#8212;&#8212;&#8212;&#8212;-<\/h3>\n<figure id=\"attachment_683\" aria-describedby=\"caption-attachment-683\" style=\"width: 811px\" class=\"wp-caption aligncenter\"><img loading=\"lazy\" decoding=\"async\" src=\"http:\/\/solidarnosc.pk.edu.pl\/wp-content\/uploads\/2018\/12\/plakat_grudzien2018-1024x728.jpg\" alt=\"\" width=\"811\" height=\"576\"><figcaption id=\"caption-attachment-683\" class=\"wp-caption-text\"><strong><em>13.12.2018r. &#8211; Dzie\u0144 Pami\u0119ci Ofiar Stanu Wojennego<\/em><\/strong><\/figcaption><\/figure>\n<p>&nbsp;<\/p>\n<h3 style=\"text-align: center;\">&#8212;&#8212;&#8212;&#8212;&#8212;&#8212;&#8212;&#8212;&#8212;&#8212;&#8212;&#8212;&#8212;&#8212;&#8212;&#8212;&#8212;-<\/h3>\n<h4>Paczki na \u015aw. Miko\u0142aja dla naszych dzieci s\u0105 ju\u017c rozdane.<\/h4>\n<h4><strong>13 grudnia \u2013 op\u0142atkowe spotkanie emeryt\u00f3w Solidarno\u015bci PK.<\/strong><\/h4>\n<h3 style=\"text-align: center;\">&#8212;&#8212;&#8212;&#8212;&#8212;&#8212;&#8212;&#8212;&#8212;&#8212;&#8212;&#8212;&#8212;&#8212;&#8212;&#8212;&#8212;-<\/h3>\n<h4 style=\"text-align: center;\"><strong>Na Komisji Zak\u0142adowej:<\/strong><\/h4>\n<p>&#8211; sprawy zwi\u0105zane z nowym prawem o szkolnictwie wy\u017cszym,<\/p>\n<p>&#8211; sprawy odpisu koszt\u00f3w w zwi\u0105zku z prawami autorskimi nauczycieli akademickich,<\/p>\n<p>&#8211; inne sprawy bie\u017c\u0105ce,<\/p>\n<p>&#8211; op\u0142atkowe spotkanie Komisji Zak\u0142adowej.<\/p>\n<p>&nbsp;<\/p>\n<p>&nbsp;&nbsp;&nbsp;&nbsp;&nbsp;&nbsp;&nbsp;&nbsp;&nbsp;&nbsp;&nbsp;&nbsp;&nbsp;&nbsp;&nbsp;&nbsp;&nbsp;&nbsp;&nbsp;&nbsp;&nbsp;&nbsp;&nbsp;&nbsp;&nbsp;&nbsp;&nbsp;&nbsp;&nbsp;&nbsp;&nbsp;&nbsp;&nbsp;&nbsp;&nbsp;&nbsp;&nbsp;&nbsp;&nbsp;&nbsp;&nbsp;&nbsp;&nbsp;&nbsp;&nbsp;&nbsp;&nbsp;&nbsp;&nbsp;&nbsp;&nbsp;&nbsp;&nbsp;&nbsp;&nbsp;&nbsp;&nbsp;&nbsp;&nbsp;&nbsp;&nbsp;&nbsp;&nbsp;&nbsp;&nbsp;&nbsp;&nbsp;&nbsp;&nbsp;&nbsp;&nbsp;&nbsp;&nbsp;&nbsp; &#8212;&#8212;&#8212;&#8212;&#8212;&#8212;&#8212;&#8212;&#8212;&#8212;&#8212;&#8212;&#8212;&#8212;&#8212;&#8212;&#8212;-<\/p>\n<h3 style=\"text-align: center;\"><strong>M<\/strong><strong>sza <\/strong><strong>\u015a<\/strong><strong>wi\u0119ta<\/strong><\/h3>\n<h3 style=\"text-align: center;\"><strong>inauguruj\u0105ca<\/strong><\/h3>\n<h3 style=\"text-align: center;\"><strong>rok akademicki 2018\/2019 <\/strong><strong>na <\/strong><strong>Politechnice Krakowskiej<\/strong><\/h3>\n<h4 style=\"text-align: center;\">zostanie odprawiona<\/h4>\n<h4 style=\"text-align: center;\"><strong>&nbsp;<\/strong><strong>w Bazylice \u015bw. Floriana,<\/strong><\/h4>\n<h4 style=\"text-align: center;\"><strong>3 X (\u015broda ) o godz. 9<sup>00<\/sup><\/strong><\/h4>\n<h4 style=\"text-align: center;\">&nbsp;<\/h4>\n<p style=\"text-align: right;\"><strong><em>Na Msz\u0119 \u015aw. serdecznie zaprasza<\/em><\/strong><\/p>\n<p style=\"text-align: right;\"><strong><em>NSZZ \u201eSolidarno\u015b\u0107\u201d PK<\/em><\/strong><\/p>\n<h3>&#8212;&#8212;&#8212;&#8212;&#8212;&#8212;&#8212;&#8212;&#8212;&#8212;&#8212;&#8212;&#8212;&#8212;&#8212;&#8212;&#8212;-<\/h3>\n<p>Krak\u00f3w, dnia&nbsp; 19 wrze\u015bnia 2018 r.<\/p>\n<p>Stosownie do informacji otrzymanej od Pana Kanclerza mgra in\u017c. Leszka Bednarza dotycz\u0105cej funkcjonowania gabinetu stomatologicznego informujemy, \u017ce pomimo <em><strong>nieuzyskania przez Scanmed dofinansowania na dzia\u0142alno\u015b\u0107&nbsp; gabinetu w ramach NFZ<\/strong><\/em>, \u015bwiadczone s\u0105 us\u0142ugi odp\u0142atne z zastosowaniem specjalnej oferty rabatowej dla pracownik\u00f3w i student\u00f3w PK, tj:<\/p>\n<ul>\n<li>\n<h4><strong>bezp\u0142atne przegl\u0105dy stomatologiczne,<\/strong><\/h4>\n<\/li>\n<li>\n<h4><strong>23% rabatu na wszystkie us\u0142ugi stomatologiczne od ceny cennikowej dla pracownik\u00f3w PK,<\/strong><\/h4>\n<\/li>\n<li>\n<h4><strong>15 % rabatu na wszystkie us\u0142ugi stomatologiczne dla student\u00f3w PK.<\/strong><\/h4>\n<\/li>\n<\/ul>\n<p><strong>&nbsp;<\/strong><\/p>\n<p><strong>NSZZ ,,Solidarno\u015b\u0107\u201d PK<\/strong><\/p>\n<p>&nbsp;<\/p>\n<h3>&#8212;&#8212;&#8212;&#8212;&#8212;&#8212;&#8212;&#8212;&#8212;&#8212;&#8212;&#8212;&#8212;&#8212;&#8212;&#8212;&#8212;-<\/h3>\n<h3>Zwi\u0105zkowcy z NSZZ &#8222;Solidarno\u015b\u0107&#8221; i ich rodziny tankuj\u0105 ze zni\u017ckami na stacjach Lotos!!!<\/h3>\n<p><strong>Od jesieni uprawnieni cz\u0142onkowie NSZZ Solidarno\u015b\u0107 oraz ich rodziny zaopatrzeni w karty Lotos Biznes, b\u0119d\u0105 mogli skorzysta\u0107 z upust\u00f3w na: paliwa, myjnie, oleje i p\u0142yny do spryskiwaczy oraz produkty z menu Cafe Punkt.<\/strong><br \/>\n<strong>A<a title=\"Akcja\" href=\"http:\/\/www.dziennik.pl\/tagi\/akcja\">kcja<\/a>&nbsp;pilota\u017cowa trwa\u0142a od zesz\u0142ego roku we wsp\u00f3\u0142pracy ze \u015bl\u0105sko-d\u0105browsk\u0105 oraz podbeskidzk\u0105 Solidarno\u015bci\u0105. Sukces by\u0142 na tyle du\u017cy, \u017ce&nbsp;<a title=\"Sp\u00f3\u0142ka\" href=\"http:\/\/www.dziennik.pl\/tagi\/spolka\">sp\u00f3\u0142ka&nbsp;<\/a>zdecydowa\u0142a si\u0119 na podpisanie umowy na szczeblu centralnym z najwi\u0119kszym zwi\u0105zkiem w Polsce, licz\u0105cym kilkaset tysi\u0119cy cz\u0142onk\u00f3w.<\/strong><\/p>\n<p><em><strong>&#8211; &#8230;to wa\u017cny krok dla sieci Lotos<\/strong><\/em> \u2013 powiedzia\u0142 Wojciech Weiss, prezes Zarz\u0105du Lotos Paliwa.<\/p>\n<p><em><strong>\u2013 Dotychczasowa wsp\u00f3\u0142praca Solidarno\u015bci z Lotosem przynosi dobre efekty. Warto rozszerza\u0107 j\u0105 na wszystkich cz\u0142onk\u00f3w zwi\u0105zku. Dlatego ciesz\u0119 si\u0119 z umowy i mam nadziej\u0119 na dalsze jej rozszerzanie<\/strong><\/em> \u2013 powiedzia\u0142 Piotr&nbsp;<a title=\"Duda\" href=\"http:\/\/www.dziennik.pl\/tagi\/duda\">Duda<\/a>, przewodnicz\u0105cy Komisji Krajowej NSZZ &#8222;Solidarno\u015b\u0107\u201d.<\/p>\n<p><strong>Przedstawiciele sp\u00f3\u0142ki zapewniaj\u0105, \u017ce s\u0105 otwarci na rozmowy z ka\u017cdym zwi\u0105zkiem zawodowym w Polsce.<\/strong><\/p>\n<p><strong>LOTOS<\/strong> to polska grupa kapita\u0142owa, kt\u00f3rej dzia\u0142alno\u015b\u0107 ma strategiczne znaczenie dla krajowego i europejskiego bezpiecze\u0144stwa w sektorze energii oraz polskiej gospodarki. LOTOS wydobywa gaz ziemny i rop\u0119 naftow\u0105 w Polsce, Norwegii oraz na Litwie. Nale\u017cy do niego, zlokalizowana w Gda\u0144sku, jedna z najnowocze\u015bniejszych \u015bwiatowych rafinerii, gdzie surowiec przerabiany jest g\u0142\u00f3wnie na wysokiej jako\u015bci paliwa, w tym paliwa premium \u2013 LOTOS Dynamic.<\/p>\n<p style=\"text-align: right;\"><strong> <a href=\"http:\/\/www.lotos.pl\/322\/p,174,n,4796\/grupa_kapitalowa\/centrum_prasowe\/aktualnosci\/znizki_na_stacjach_lotos_dla_nszz_solidarnosc\" target=\"_blank\" rel=\"noopener noreferrer\">&nbsp;czytaj wi\u0119cej<\/a>&nbsp; &nbsp;<\/strong>&nbsp; &nbsp; &nbsp; &nbsp; &nbsp; &nbsp; &nbsp; &nbsp; &nbsp; &nbsp; &nbsp; &nbsp; &nbsp; &nbsp; &nbsp; &nbsp; &nbsp; &nbsp; &nbsp; &nbsp; &nbsp; &nbsp; &nbsp; &nbsp; &nbsp; &nbsp; &nbsp; &nbsp; &nbsp; &nbsp; &nbsp; &nbsp; &nbsp; &nbsp; &nbsp; &nbsp; &nbsp; &nbsp; &nbsp; &nbsp; &nbsp; &nbsp; &nbsp; &nbsp; &nbsp; &nbsp; &nbsp; &nbsp; &nbsp; &nbsp; &nbsp; &nbsp; &nbsp; &nbsp; &nbsp; &nbsp; &nbsp; &nbsp; &nbsp; &nbsp; &nbsp; &nbsp; &nbsp; &nbsp; &nbsp; &nbsp; &nbsp; &nbsp; &nbsp; &nbsp; &nbsp; &nbsp; &nbsp; &nbsp; &nbsp; &nbsp; &nbsp; &nbsp; &nbsp; &nbsp; &nbsp; &nbsp; &nbsp; &nbsp; &nbsp; &nbsp; \u0179r\u00f3d\u0142o: www.lotos.pl<\/p>\n<h3 style=\"text-align: center;\">&#8212;&#8212;&#8212;&#8212;&#8212;&#8212;&#8212;&#8212;&#8212;&#8212;&#8212;&#8212;&#8212;&#8212;&#8212;&#8212;&#8212;-<\/h3>\n<h3 style=\"text-align: center;\"><strong>XXXVI Pielgrzymka \u015awiata Pracy<\/strong><\/h3>\n<p>\u015awi\u0119tej pami\u0119ci ksi\u0105dz Jerzy Popie\u0142uszko w 1982 roku zorganizowa\u0142 I pielgrzymk\u0119 \u015awiata Pracy na Jasn\u0105 G\u00f3r\u0119. Po jego m\u0119cze\u0144skiej \u015bmierci pielgrzymki s\u0105 kontynuowane. W tym roku jest to ju\u017c XXXVI&nbsp;pielgrzymka \u015awiata Pracy.<\/p>\n<p><strong>W dniu 16 wrze\u015bnia br. nasza Komisja Zak\u0142adowa organizuje wyjazd na uroczyst\u0105 Msz\u0119 \u015aw. pod szczytem Jasnej G\u00f3ry, kt\u00f3ra rozpocznie si\u0119 o godz. 11<sup>00<\/sup>.<\/strong><br \/>\n<strong>Serdecznie zapraszamy<\/strong> Pa\u0144stwa do uczestnictwa w tej uroczysto\u015bci, r\u00f3wnie\u017c w&nbsp;towarzystwie rodzin.<\/p>\n<p><strong>Koszty przejazdu pokrywa zwi\u0105zek, zapewniaj\u0105c r\u00f3wnocze\u015bnie ciep\u0142e i zimne napoje.<\/strong><\/p>\n<p><strong>Wyjazd autobusu nast\u0105pi w dniu 16 wrze\u015bnia o godz. 7<sup>30<\/sup> z dziedzi\u0144ca Politechniki przed budynkiem Wydzia\u0142u In\u017cynierii Elektrycznej i Komputerowej.<\/strong><br \/>\nWyjazd z Cz\u0119stochowy po Mszy \u015aw. (godzina do uzgodnienia z uczestnikami). W drodze powrotnej nawiedzimy Sanktuarium Maryjne w Le\u015bniowie.<br \/>\nPlanowany powr\u00f3t do Krakowa oko\u0142o godz. 18-tej.<\/p>\n<p>Zg\u0142oszenia w sekretariacie Zwi\u0105zku do 12 wrze\u015bnia br. w godz. 9-14-tej<br \/>\n<strong>Tel. 628-29-59&nbsp;&nbsp;&nbsp; 628-29-58<\/strong><br \/>\n<strong>Tel.\/fax. 628-20-16<\/strong><\/p>\n<h3 style=\"text-align: center;\">&#8212;&#8212;&#8212;&#8212;&#8212;&#8212;&#8212;&#8212;&#8212;&#8212;&#8212;&#8212;&#8212;&#8212;&#8212;&#8212;&#8212;-<\/h3>\n<h3>&nbsp;<\/h3>\n<h3><a href=\"http:\/\/solidarnosc.pk.edu.pl\/wp-content\/uploads\/2018\/05\/w\u0142adze-zwi\u0105zku-2018-2022.pdf\">Zak\u0142adowe Walne Zebranie Delegat\u00f3w NSZZ \u201eSolidarno\u015b\u0107\u201d Politechniki Krakowskiej 23 marca 2018 roku wybra\u0142o w\u0142adze Organizacji Zak\u0142adowej NSZZ \u201eSolidarno\u015b\u0107\u201d Politechniki Krakowskiej na kadencj\u0119 2018 &#8211; 2022.<\/a><\/h3>\n<h4>Komisja Zak\u0142adowa<\/h4>\n<h4><strong>kadencja 2018 \u2013 2022<\/strong><\/h4>\n<p><em><strong>Przewodnicz\u0105cy Komisji Zak\u0142adowej NSZZ \u201eSolidarno\u015b\u0107\u201d PK:<\/strong><\/em><\/p>\n<p>Jacek Wojs<\/p>\n<p><em><strong>Cz\u0142onkowie Komisji Zak\u0142adowej&nbsp;<\/strong><\/em><em><strong>NSZZ \u201eSolidarno\u015b\u0107\u201d PK:<\/strong><\/em><\/p>\n<p>Jaros\u0142aw Bajer, Marek Bielczyk, Katarzyna Fabijanowska,&nbsp;Stanis\u0142aw Gil, Wies\u0142aw Jakubas,&nbsp;Marcin Jonak,&nbsp;Piotr Kisielewski,&nbsp;Tomasz Kuzora,&nbsp;Krzysztof Lis,&nbsp;Ryszard Mas\u0142owski,&nbsp;Estera Michnowska,&nbsp;Beata Nawrot,&nbsp;Andrzej Partyka,&nbsp;Marek Pi\u0105tkowski,&nbsp;Micha\u0142 Pr\u0105cik,&nbsp;Krystyna Romaniak,&nbsp;Stanis\u0142aw Stru\u015b,&nbsp;Janusz Szlachta,&nbsp;El\u017cbieta Waszczyszyn,&nbsp;Ryszard Wolny,&nbsp;Ma\u0142gorzata Zaj\u0119cka,&nbsp;Janusz Zaj\u0119cki<\/p>\n<h4>Prezydium Komisji Zak\u0142adowej<\/h4>\n<h4>kadencja 2018 &#8211; 2022<\/h4>\n<p><em>Przewodnicz\u0105cy:<\/em><br \/>\ndr in\u017c. Jacek Wojs<\/p>\n<p><em>Wiceprzewodnicz\u0105cy:<\/em><br \/>\ndr hab. Krystyna Romaniak prof. PK,&nbsp;dr in\u017c. Marek Pi\u0105tkowski<\/p>\n<p><em>Cz\u0142onkowie:<\/em><br \/>\nin\u017c. Marek Bielczyk,&nbsp;dr in\u017c. Wies\u0142aw Jakubas,&nbsp;mgr in\u017c. Krzysztof Lis,&nbsp;dr in\u017c. Ryszard Mas\u0142owski,&nbsp;lic. Beata Nawrot,<br \/>\nRyszard Wolny<\/p>\n<h4><b>Komisja Rewizyjna<\/b><\/h4>\n<h4><b>kadencja 2018 \u2013 2022<\/b><\/h4>\n<p><strong><i>Przewodnicz\u0105cy Komisji Rewizyjnej:<\/i><\/strong><br \/>\nEl\u017cbieta Chrzanowska<\/p>\n<p><strong><i>Cz\u0142onkowie:<\/i><\/strong><br \/>\nIwona Dyba,&nbsp;Gra\u017cyna Jastrz\u0119bska<\/p>\n<h3 style=\"text-align: center;\">&#8212;&#8212;&#8212;&#8212;&#8212;&#8212;&#8212;&#8212;&#8212;&#8212;&#8212;&#8212;&#8212;&#8212;&#8212;&#8212;&#8212;-<\/h3>\n<h4><strong>List otwarty<\/strong><\/h4>\n<h4><strong>Walnego Zebrania Delegat\u00f3w <\/strong><\/h4>\n<h4><strong>Krajowej Sekcji Nauki NSZZ \u201eSolidarno\u015b\u0107\u201d <\/strong><\/h4>\n<p>Warszawa-Falenty, 18 maja 2018 r.<\/p>\n<p>Motto:<\/p>\n<p>\u201e<em>Nauka to nie samo zaspokajanie ciekawo\u015bci i przenikanie tajemnic otaczaj\u0105cego nas \u015bwiata, lecz tak\u017ce si\u0142a, si\u0142a \u017cyciowa narodu, kt\u00f3ra w walce o byt decyduje bardziej stanowczo ni\u017c ka\u017cdy inny or\u0119\u017c<\/em>\u201d.&nbsp; &nbsp; &nbsp; &nbsp; &nbsp; &nbsp; &nbsp; &nbsp; &nbsp; &nbsp; &nbsp; &nbsp; &nbsp; &nbsp; &nbsp; &nbsp; &nbsp; &nbsp; &nbsp; &nbsp; &nbsp; &nbsp; &nbsp; &nbsp; &nbsp; &nbsp; &nbsp; &nbsp; &nbsp; &nbsp; &nbsp; &nbsp; &nbsp; &nbsp; &nbsp; &nbsp; &nbsp; &nbsp; &nbsp; &nbsp; &nbsp; &nbsp; &nbsp; &nbsp; &nbsp; &nbsp; &nbsp; &nbsp; &nbsp; &nbsp; &nbsp; &nbsp; &nbsp; &nbsp; &nbsp; &nbsp; &nbsp; &nbsp; &nbsp; &nbsp; &nbsp; &nbsp; &nbsp; &nbsp; &nbsp; &nbsp; &nbsp; &nbsp; &nbsp; &nbsp; &nbsp; &nbsp; &nbsp; &nbsp; &nbsp; &nbsp; &nbsp; &nbsp; &nbsp; &nbsp; &nbsp; &nbsp; &nbsp; &nbsp; &nbsp; &nbsp; &nbsp; &nbsp;[A. \u015awi\u0119tochowski]<\/p>\n<h4><strong>My, uczestnicy WZD KSN NSZZ \u201eSolidarno\u015b\u0107\u201d u<\/strong><strong>wa\u017camy za niezb\u0119dne<\/strong><\/h4>\n<h4><strong>wprowadzenie zasadniczych zmian do projektu Ustawy Prawo o szkolnictwie wy\u017cszym przed\u0142o\u017conego w Sejmie 5 kwi <\/strong><\/h4>\n","protected":false},"excerpt":{"rendered":"<p>&#8212;&#8212;&#8212;&#8212;&#8212;&#8212;&#8212;&#8212;&#8212;&#8212;&#8212;&#8212;&#8212;&#8212;&#8212;&#8212;&#8212;- &#8212;&#8212;&#8212;&#8212;&#8212;&#8212;&#8212;&#8212;&#8212;&#8212;&#8212;&#8212;&#8212;&#8212;&#8212;&#8212;&#8212;- 13 grudnia 2018 r. odby\u0142a si\u0119 uroczysta Msza \u015aw. rocznicowa na Wawelu z &hellip;<\/p>\n","protected":false},"author":1,"featured_media":0,"parent":0,"menu_order":0,"comment_status":"closed","ping_status":"closed","template":"","meta":{"ngg_post_thumbnail":0,"_mc_calendar":[],"footnotes":""},"class_list":["post-1766","page","type-page","status-publish","hentry"],"_links":{"self":[{"href":"https:\/\/solidarnosc.pk.edu.pl\/index.php?rest_route=\/wp\/v2\/pages\/1766","targetHints":{"allow":["GET"]}}],"collection":[{"href":"https:\/\/solidarnosc.pk.edu.pl\/index.php?rest_route=\/wp\/v2\/pages"}],"about":[{"href":"https:\/\/solidarnosc.pk.edu.pl\/index.php?rest_route=\/wp\/v2\/types\/page"}],"author":[{"embeddable":true,"href":"https:\/\/solidarnosc.pk.edu.pl\/index.php?rest_route=\/wp\/v2\/users\/1"}],"replies":[{"embeddable":true,"href":"https:\/\/solidarnosc.pk.edu.pl\/index.php?rest_route=%2Fwp%2Fv2%2Fcomments&post=1766"}],"version-history":[{"count":1,"href":"https:\/\/solidarnosc.pk.edu.pl\/index.php?rest_route=\/wp\/v2\/pages\/1766\/revisions"}],"predecessor-version":[{"id":1767,"href":"https:\/\/solidarnosc.pk.edu.pl\/index.php?rest_route=\/wp\/v2\/pages\/1766\/revisions\/1767"}],"wp:attachment":[{"href":"https:\/\/solidarnosc.pk.edu.pl\/index.php?rest_route=%2Fwp%2Fv2%2Fmedia&parent=1766"}],"curies":[{"name":"wp","href":"https:\/\/api.w.org\/{rel}","templated":true}]}}