{"id":1759,"date":"2021-12-11T14:21:00","date_gmt":"2021-12-11T13:21:00","guid":{"rendered":"http:\/\/solidarnosc.pk.edu.pl\/?page_id=1759"},"modified":"2025-12-16T13:09:16","modified_gmt":"2025-12-16T12:09:16","slug":"archiwum-2020","status":"publish","type":"page","link":"https:\/\/solidarnosc.pk.edu.pl\/?page_id=1759","title":{"rendered":"Archiwum 2020"},"content":{"rendered":"<h3><a href=\"http:\/\/solidarnosc.pk.edu.pl\/wp-content\/uploads\/2020\/11\/Krakow-podwyzka.docx\">Pismo w sprawie 6% podwy\u017cki<\/a><\/h3>\n<h3 style=\"text-align: center;\">&#8212;&#8212;&#8212;&#8212;&#8212;&#8212;&#8212;&#8212;&#8212;&#8212;&#8212;&#8212;&#8212;&#8212;&#8212;&#8212;&#8212;<\/h3>\n<h4><a href=\"http:\/\/solidarnosc.pk.edu.pl\/wp-content\/uploads\/2020\/11\/2020.11.12-Komunikat-ze-spotkania-z-ministrem-EiN.pdf\" target=\"_blank\" rel=\"noopener noreferrer\">2020.11.12 &#8211; Komunikat ze spotkania z ministrem Edukacji i Nauki<\/a><\/h4>\n<h3 style=\"text-align: center;\">&#8212;&#8212;&#8212;&#8212;&#8212;&#8212;&#8212;&#8212;&#8212;&#8212;&#8212;&#8212;&#8212;&#8212;&#8212;&#8212;&#8212;<\/h3>\n<h4><strong>Szanowni Pa\u0144stwo,<\/strong><br \/>\n<strong>w zwi\u0105zku z pismem ministerstwa ingeruj\u0105cym w zapisy naszego nowego<\/strong><br \/>\n<strong>Statutu PK, na pro\u015bb\u0119 przewodnicz\u0105cego Komisji Statutowej profesora J.<\/strong><br \/>\n<strong>Pamina o opini\u0119, w konsultacji z prezydium KZ, wys\u0142a\u0142em poni\u017csz\u0105<\/strong><br \/>\n<strong>odpowied\u017a:<\/strong><\/h4>\n<h6><strong><em>Szanowny Panie Profesorze,<\/em><\/strong><\/h6>\n<h6>&nbsp;<\/h6>\n<p><strong><em>Nasze uwagi:<\/em><\/strong><\/p>\n<p><em>1. W\u015br\u00f3d dokument\u00f3w brak jest pisma z ministerstwa. Nie jest zatem<\/em><br \/>\n<em>nam znana podstawa prawna, kt\u00f3ra pozwala (komu?, ministrowi?,<\/em><br \/>\n<em>urz\u0119dnikowi?) zmienia\u0107 Statut uchwalony przez Senat. To jest<\/em><br \/>\n<em>kluczowa informacja: jakie s\u0105 uprawnienia ministerstwa i z czego<\/em><br \/>\n<em>wynikaj\u0105?<\/em><br \/>\n<em>2. Je\u017celi, jak przypuszczamy, opinia ministerstwa nie jest wi\u0105\u017c\u0105ca, to<\/em><br \/>\n<em>nale\u017cy przeciwstawi\u0107 si\u0119 zmianom w \u00a7 34 ust. 8, gdy\u017c zmiany te<\/em><br \/>\n<em>ograniczaj\u0105 demokratyczne uprawnienia spo\u0142eczno\u015bci akademickiej<\/em><br \/>\n<em>wydzia\u0142u. \/chodzi o brak wp\u0142ywu wydzia\u0142u na wskazanie dziekana przez<\/em><br \/>\n<em>rektora &#8211; przyp. aut.\/<\/em><br \/>\n<em>3. Je\u015bli ka\u017cdemu pracownikowi stawia si\u0119 okre\u015blone wymagania na danym<\/em><br \/>\n<em>stanowisku, to dlaczego nie mo\u017cna postawi\u0107 wymaga\u0144 przy naborze na<\/em><br \/>\n<em>najwy\u017csze stanowiska decydent\u00f3w w uczelni?<\/em><\/p>\n<p><em>Statut jest dokumentem maj\u0105cym fundamentalny i d\u0142ugoletni charakter,<\/em><br \/>\n<em>dlatego jego tworzenie i zmiany winny by\u0107 przeprowadzane z do\u0142o\u017ceniem<\/em><br \/>\n<em>szczeg\u00f3lnej staranno\u015bci. Bez po\u015bpiechu i z dochowaniem autonomii<\/em><br \/>\n<em>uczelni oraz poszanowaniem opinii jej Senatu.<\/em><\/p>\n<p>Z wyrazami szacunku,<br \/>\nw imieniu Komisji Zak\u0142adowej NSZZ Solidarno\u015b\u0107 PK<br \/>\nJacek Wojs<\/p>\n<h3 style=\"text-align: center;\">&#8212;&#8212;&#8212;&#8212;&#8212;&#8212;&#8212;&#8212;&#8212;&#8212;&#8212;&#8212;&#8212;&#8212;&#8212;&#8212;&#8212;<\/h3>\n<h4>Szanowni Pa\u0144stwo,<\/h4>\n<h4>Uprzejmie informujemy o ufundowaniu decyzj\u0105 Prezydium KZ medali&nbsp; 40 lecia Solidarno\u015bci dla naszych Zas\u0142u\u017conych Koleg\u00f3w:<\/h4>\n<p>kole\u017canki&nbsp; Alicji Radzikowskiej \u2013Kerc,<\/p>\n<p>kolegi Czes\u0142awa Wilczy\u0144skiego,<\/p>\n<p>kolegi Janusza Zaj\u0119ckiego,<\/p>\n<p>kolegi Ryszarda Mas\u0142owskiego,<\/p>\n<p>kolegi Zenona Waszczyszyn,<\/p>\n<p>kolegi Mieczys\u0142awa &nbsp;Pieronka.<\/p>\n<p>&nbsp;<\/p>\n<p>&nbsp;<strong>Uroczyste wr\u0119czenie nast\u0105pi po ustaniu pandemii na posiedzeniu KZ.<\/strong><br \/>\nPozdrawiam<br \/>\nJacek Wojs<\/p>\n<h3 style=\"text-align: center;\">&#8212;&#8212;&#8212;&#8212;&#8212;&#8212;&#8212;&#8212;&#8212;&#8212;&#8212;&#8212;&#8212;&#8212;&#8212;&#8212;&#8212;<\/h3>\n<h3><a href=\"http:\/\/solidarnosc.pk.edu.pl\/wp-content\/uploads\/2020\/09\/Pismo-z-MNiSW-w-sprawie-wynagrodzen-10.2020.pdf\">Pismo z MNiSW w sprawie wynagrodze\u0144 10.2020<\/a><\/h3>\n<h3 style=\"text-align: center;\">&#8212;&#8212;&#8212;&#8212;&#8212;&#8212;&#8212;&#8212;&#8212;&#8212;&#8212;&#8212;&#8212;&#8212;&#8212;&#8212;&#8212;<\/h3>\n<h2>Szanowni Pa\u0144stwo,<\/h2>\n<h4>W trosce o Pa\u0144stwa bezpiecze\u0144stwo i zdrowie informuj\u0119, \u017ce odwo\u0142ujemy tegoroczny wyjazd zbiorowy autokarem na Jasn\u0105 G\u00f3r\u0119 w trzeci\u0105 niedziel\u0119 wrze\u015bnia na Og\u00f3lnopolsk\u0105 Pielgrzymk\u0119 Ludzi Pracy. B\u0119dziemy wtedy w duchowej \u0142\u0105czno\u015bci za po\u015brednictwem \u015brodk\u00f3w przekazu elektronicznego.<\/h4>\n<p>&nbsp;<\/p>\n<p>&nbsp;<\/p>\n<p style=\"text-align: right;\">&nbsp;&nbsp;&nbsp;&nbsp;&nbsp;&nbsp;&nbsp;&nbsp;&nbsp;&nbsp;&nbsp;&nbsp;&nbsp;&nbsp;&nbsp;&nbsp;&nbsp;&nbsp;&nbsp;&nbsp;&nbsp;&nbsp;&nbsp;&nbsp;&nbsp;&nbsp;&nbsp;&nbsp;&nbsp;&nbsp;&nbsp;&nbsp;&nbsp;&nbsp;&nbsp;&nbsp;&nbsp;&nbsp;&nbsp;&nbsp;&nbsp;&nbsp;&nbsp;&nbsp;&nbsp;&nbsp;&nbsp;&nbsp;&nbsp;&nbsp;&nbsp;&nbsp;&nbsp;&nbsp;&nbsp;&nbsp;&nbsp;&nbsp;&nbsp;&nbsp;&nbsp;&nbsp;&nbsp;&nbsp;&nbsp;&nbsp;&nbsp;&nbsp;&nbsp; \u017bycz\u0119 zdrowia i do zobaczenia<br \/>\n&nbsp;&nbsp;&nbsp;&nbsp;&nbsp;&nbsp;&nbsp;&nbsp;&nbsp;&nbsp;&nbsp;&nbsp;&nbsp;&nbsp;&nbsp;&nbsp;&nbsp;&nbsp;&nbsp;&nbsp;&nbsp;&nbsp;&nbsp;&nbsp;&nbsp;&nbsp;&nbsp;&nbsp;&nbsp;&nbsp;&nbsp;&nbsp;&nbsp;&nbsp;&nbsp;&nbsp;&nbsp;&nbsp;&nbsp;&nbsp;&nbsp;&nbsp;&nbsp;&nbsp;&nbsp;&nbsp;&nbsp;&nbsp;&nbsp;&nbsp;&nbsp;&nbsp;&nbsp;&nbsp;&nbsp;&nbsp;&nbsp;&nbsp;&nbsp;&nbsp;&nbsp;&nbsp;&nbsp;&nbsp;&nbsp;&nbsp;&nbsp;&nbsp;&nbsp;&nbsp;&nbsp;&nbsp;&nbsp;&nbsp;&nbsp;&nbsp;&nbsp;&nbsp;&nbsp;&nbsp;&nbsp;&nbsp;&nbsp;&nbsp;&nbsp;&nbsp;&nbsp; Jacek Wojs<br \/>\n&nbsp;&nbsp;&nbsp;&nbsp;&nbsp;&nbsp;&nbsp;&nbsp;&nbsp;&nbsp;&nbsp;&nbsp;&nbsp;&nbsp;&nbsp;&nbsp;&nbsp;&nbsp;&nbsp;&nbsp;&nbsp;&nbsp;&nbsp;&nbsp;&nbsp;&nbsp;&nbsp;&nbsp;&nbsp;&nbsp;&nbsp;&nbsp;&nbsp;&nbsp;&nbsp;&nbsp;&nbsp;&nbsp;&nbsp;&nbsp;&nbsp;&nbsp;&nbsp;&nbsp;&nbsp;&nbsp;&nbsp;&nbsp;&nbsp;&nbsp;&nbsp;&nbsp;&nbsp;&nbsp;&nbsp;&nbsp;&nbsp;&nbsp;&nbsp;&nbsp;&nbsp;&nbsp;&nbsp;&nbsp;&nbsp;&nbsp;&nbsp;&nbsp;&nbsp;&nbsp;&nbsp;&nbsp;&nbsp;&nbsp;&nbsp;&nbsp;&nbsp;&nbsp;&nbsp;&nbsp;&nbsp;&nbsp;&nbsp;&nbsp;&nbsp;&nbsp;&nbsp;&nbsp;&nbsp; Przewodnicz\u0105cy<\/p>\n<h3 style=\"text-align: center;\">&#8212;&#8212;&#8212;&#8212;&#8212;&#8212;&#8212;&#8212;&#8212;&#8212;&#8212;&#8212;&#8212;&#8212;&#8212;&#8212;&#8212;<\/h3>\n<h4>Informujemy, \u017ce w zak\u0142adce GALERIA pojawi\u0142a si\u0119 relacja zdj\u0119ciowa z okazji obchod\u00f3w 40-tej rocznicy podpisania Porozumie\u0144 Sierpniowych.<\/h4>\n<h3 style=\"text-align: center;\">&#8212;&#8212;&#8212;&#8212;&#8212;&#8212;&#8212;&#8212;&#8212;&#8212;&#8212;&#8212;&#8212;&#8212;&#8212;&#8212;&#8212;<\/h3>\n<h4>zmiana godzin pracy biura NSZZ Solidarno\u015b\u0107 PK &#8211; biuro otwarte dla stron od wtorku do czwartku w godz. od 8-13.<\/h4>\n<h3 style=\"text-align: center;\">&#8212;&#8212;&#8212;&#8212;&#8212;&#8212;&#8212;&#8212;&#8212;&#8212;&#8212;&#8212;&#8212;&#8212;&#8212;&#8212;&#8212;<\/h3>\n<h3>Bardzo wa\u017cna informacja dla Pracownik\u00f3w PK !<\/h3>\n<p>&nbsp;<\/p>\n<p><strong>Ze wzgl\u0119du na zapisy w Regulaminie Wynagradzania PK przy planowaniu urlop\u00f3w i wype\u0142nianiu wniosk\u00f3w urlopowych nale\u017cy tak podzieli\u0107 urlop, aby&nbsp; trwa\u0142 on&nbsp; w ka\u017cdej z cz\u0119\u015bci&nbsp; mniej ni\u017c miesi\u0105c, gdy\u017c w przeciwnym wypadku nie zostanie pracownikowi wyp\u0142acony dodatek okresowy. Nieobecno\u015b\u0107 przez ca\u0142y miesi\u0105c, tak\u017ce z powodu urlopu wypoczynkowego, uniemo\u017cliwia wyp\u0142at\u0119 tego dodatku 10% w danym miesi\u0105cu.<\/strong><\/p>\n<h3 style=\"text-align: center;\">&#8212;&#8212;&#8212;&#8212;&#8212;&#8212;&#8212;&#8212;&#8212;&#8212;&#8212;&#8212;&#8212;&#8212;&#8212;&#8212;&#8212;<\/h3>\n<h3>Szanowni Pa\u0144stwo,<\/h3>\n<p><strong>W pi\u0105tek rano, 28 lutego 2020 odbyli\u015bmy razem z prezesem ZNP kilkugodzinne, trudne negocjacje z&nbsp;Rektorem PK w sprawie uzgodnienia nowego Regulaminu Wynagradzania.<\/strong><\/p>\n<p>&nbsp;Jak Pa\u0144stwo wiecie spraw\u0119 analizy przed\u0142o\u017conego nam projektu regulaminu Prezydium powierzy\u0142o Koledze dr. Ryszardowi Mas\u0142owskiemu, kt\u00f3ry bardzo solidnie opracowa\u0142 swoje uwagi i rozes\u0142a\u0142 je Pa\u0144stwu. Za t\u0119 prac\u0119 jeste\u015bmy Mu bardzo wdzi\u0119czni. Zar\u00f3wno Jego opracowanie jak i teksty starego regulaminu i projektu nowego regulaminu powierzyli\u015bmy do analizy panu mecenasowi Cichoniowi oraz prawnikowi Zarz\u0105du Regionu Solidarno\u015bci \u2013 panu Witkowskiemu. Kr\u00f3tka ale trafna opinia z kancelarii mecenasa Cichonia potwierdzi\u0142a&nbsp; szereg zarzut\u00f3w z opracowania Ryszarda. Bardzo szczeg\u00f3\u0142owa i wnikliwa wielostronicowa opinia&nbsp; pana Witkowskiego potwierdzi\u0142a te zarzuty, ale znalaz\u0142o si\u0119 w niej wiele tak\u017ce innych, a obie opinie by\u0142y wielk\u0105 pomoc\u0105 podczas trudnych negocjacji.<\/p>\n<p>Zastrzeg\u0142em na pocz\u0105tku rozm\u00f3w z panem Rektorem, \u017ce w pi\u0105tek nie podpiszemy w szybkim trybie porozumienia w sprawie uzgadnianego regulaminu wynagrodze\u0144, co sugerowa\u0142 na \u015brodowym posiedzeniu Senatu, a takie podpisy mo\u017cemy z\u0142o\u017cy\u0107 dopiero po przed\u0142o\u017ceniu naszym prezydialnym organom statutowym, je\u015bli b\u0119dzie ich akceptacja co do osi\u0105gni\u0119tych podczas uzgodnie\u0144 kompromis\u00f3w. W poniedzia\u0142ek rano odbierzemy z rektoratu uzgodnione wst\u0119pnie zapisy Regulaminu Wynagradzania, a nast\u0119pnie w poniedzia\u0142ek prezydium Rady Uczelnianej ZNP, a we wtorek nasze Prezydium KZ wyrazi opini\u0119 co do ewentualnego podpisania dokumentu we \u015brod\u0119 4 marca.<\/p>\n<p><strong>Z uzyskanych po trudnej dyskusji najbardziej spektakularnych rezultat\u00f3w nale\u017cy wymieni\u0107 :<\/strong><\/p>\n<p>&#8211; nowe stawki godzin ponadwymiarowych tj. ;<\/p>\n<p>* dla asystent\u00f3w 60z\u0142\/h przy pierwotnej propozycji&nbsp; Rektora 45z\u0142 \/h (wynegocjowali\u015bmy zatem ponad 33% zwi\u0119kszenia stawki),<\/p>\n<p>* dla adiunkt\u00f3w 90z\u0142 \/h przy pierwotnej propozycji Rektora 69z\u0142\/h&nbsp;&nbsp;&nbsp;&nbsp;&nbsp;&nbsp; (wzrost o ponad 30%),<\/p>\n<p>* dla doktor\u00f3w habilitowanych 100z\u0142\/h przy wst\u0119pnej propozycji 83z\u0142\/h<\/p>\n<p>* dla profesor\u00f3w tytularnych 120z\u0142\/h przy wst\u0119pnym brzmieniu propozycji regulaminu 98z\u0142\/h.<\/p>\n<p>&#8211; stawki te obowi\u0105zywa\u0107 b\u0119d\u0105 od bie\u017c\u0105cego roku akademickiego, a wi\u0119c dotycz\u0105 tak\u017ce godzin nadwymiarowych&nbsp; ju\u017c wypracowanych w semestrze zimowym.<\/p>\n<p>&#8211; zosta\u0142 zniesiony zapis o zakazie ujawniania zarobk\u00f3w przez pracownika, tak zdecydowanie skrytykowany w opracowaniu Kol. Mas\u0142owskiego i obu opiniach prawnych.<\/p>\n<p>To tylko niekt\u00f3re przyk\u0142ady pozytywnych uzgodnie\u0144.<\/p>\n<p><em><strong>Rektor potwierdzi\u0142 przyznanie dodatku czasowego w wysoko\u015bci 10% wynagrodzenia zasadniczego dla wszystkich pracownik\u00f3w Politechniki Krakowskiej od marca do sierpnia, przy czym, jak przewiduje to nowy regulamin wynagradzania,&nbsp; nauczyciele b\u0119d\u0105 mieli p\u0142atny ten dodatek z do\u0142u (na ko\u0144cu miesi\u0105ca, a nie jak pensj\u0119 na pocz\u0105tku).<\/strong><\/em><\/p>\n<p>Prezydium KZ rekomendowa\u0142o przyj\u0105\u0107 uzgodniony tekst i Regulamin Wynagradzania zosta\u0142 opublikowany przez w\u0142adze Politechniki.<\/p>\n<h4>Ze wzgl\u0119du na niestabiln\u0105 sytuacj\u0119 epidemiologiczn\u0105 tegoroczny Wiosenny Spacer \u015bladami \u015aw. Jana Paw\u0142a II \u2013 odwo\u0142uj\u0119.<\/h4>\n<h4>Sekretariat nieczynny do odwo\u0142ania.<\/h4>\n<h4>Z wyrazami szacunku i pozdrowieniami oraz \u017cyczeniami ZDROWIA na \u015bwi\u0119ta Wielkiej Nocy Zmartwychwstania Pa\u0144skiego<\/h4>\n<p>Jacek Wojs&nbsp; przewodnicz\u0105cy<\/p>\n<p>Szcz\u0119\u015b\u0107 Bo\u017ce!<\/p>\n<h3 style=\"text-align: center;\">&#8212;&#8212;&#8212;&#8212;&#8212;&#8212;&#8212;&#8212;&#8212;&#8212;&#8212;&#8212;&#8212;&#8212;&#8212;&#8212;&#8212;<\/h3>\n<h2><strong>ZANIM ROZLICZYSZ PIT<\/strong><\/h2>\n<p><strong>&nbsp;&nbsp; ID\u0179 DO DZIA\u0141U P\u0141AC POLITECHNIKI.<\/strong><\/p>\n<p><strong>NSZZ SOLIDARNO\u015a\u0106 PK <\/strong><strong>UPOMNIA\u0141A<\/strong> <strong>SI\u0118<\/strong> <strong>o korekt\u0119 rozliczenia \u201etrzynastki\u201d wyp\u0142aconej na pocz\u0105tku roku 2019. Nie zosta\u0142y w niej uwzgl\u0119dnione koszty uzyskania przychodu ze wzgl\u0119du na prawa autorskie ka\u017cdego nauczyciela akademickiego. Te pieni\u0105dze mo\u017cesz odzyska\u0107 dzi\u0119ki naszej &nbsp;inter<\/strong><strong>wencji, otrzymuj\u0105c <\/strong><br \/>\n<strong>w Dziale P\u0142ac PK stosowne za\u015bwiadczenie dla Urz\u0119du Skarbowego.<\/strong><\/p>\n<p><strong>&nbsp;&nbsp;&nbsp;&nbsp;&nbsp;&nbsp;&nbsp;&nbsp;&nbsp;&nbsp;&nbsp;&nbsp;&nbsp;&nbsp;&nbsp;&nbsp;&nbsp;&nbsp;&nbsp;&nbsp;&nbsp;&nbsp;&nbsp;&nbsp;&nbsp;&nbsp;&nbsp;&nbsp;&nbsp; KZ NSZZ SOLIDARNO\u015a\u0106 PK<\/strong>&nbsp;<\/p>\n<h3 style=\"text-align: center;\">&#8212;&#8212;&#8212;&#8212;&#8212;&#8212;&#8212;&#8212;&#8212;&#8212;&#8212;&#8212;&#8212;&#8212;&#8212;&#8212;&#8212;<\/h3>\n<p>&nbsp;<\/p>\n<h4><b>B\u0119dzie druga transza podwy\u017cek na uczelniach &#8211; zapewnia na \u0142amach czwartkowego wydania &#8222;Dziennika Gazety Prawnej&#8221; wiceszef resortu nauki Jaros\u0142aw Gowin. Przyznaje jednak, \u017ce podwy\u017cki nie b\u0119d\u0105 tak du\u017ce, jak na to liczy\u0142. Gowin by\u0142 pytany, czy w zwi\u0105zku z tym, \u017ce w projekcie bud\u017cetu pa\u0144stwa nie ma pieni\u0119dzy na zapowiadane podwy\u017cki dla naukowc\u00f3w, tych podwy\u017cek nie b\u0119dzie. &#8222;Zapewniam, \u017ce b\u0119dzie druga transza podwy\u017cek. <\/b><\/h4>\n<p>&nbsp;<\/p>\n<p>Te \u015brodki s\u0105 zabezpieczone przez ministerstwo. Nie b\u0119dzie to transza tak wysoka, jak na to liczy\u0142em, ale b\u0119dzie. Wynagrodzenia na uczelniach wzrosn\u0105 o&nbsp;ok. 6 proc.&#8221; &#8211; odpowiedzia\u0142 Gowin. &#8222;Podwy\u017cki zostan\u0105 wyp\u0142acone po wej\u015bciu w&nbsp;\u017cycie ustawy bud\u017cetowej z&nbsp;wyr\u00f3wnaniem od stycznia&#8221; &#8211; wyja\u015bni\u0142. W&nbsp;roku 2019 uczelnie publiczne otrzyma\u0142y zwi\u0119kszon\u0105 subwencj\u0119 &#8211; by\u0142 to 7-procentowy wzrost w&nbsp;stosunku do kwoty ze swojego funduszu wynagrodze\u0144 z&nbsp;2017 roku.<\/p>\n<p>Jeszcze w&nbsp;grudniu 2018 r. Jaros\u0142aw Gowin m\u00f3wi\u0142 jednak o&nbsp;tym dop\u0142ywie \u015brodk\u00f3w, \u017ce to nie koniec podwy\u017cek: &#8222;Decyzj\u0105 polityczn\u0105 Rady Ministr\u00f3w przysz\u0142oroczne podwy\u017cki wynagrodze\u0144 to jeden z&nbsp;trzech etap\u00f3w podnoszenia wynagrodze\u0144 kondycji finansowej \u015bwiata nauki. Chcemy, by w&nbsp;latach 2020 i&nbsp;2021 nast\u0105pi\u0142y dwie nast\u0119pne transze. Licz\u0119 na to, \u017ce dzi\u0119ki temu w&nbsp;ci\u0105gu trzech lat poziom wynagrodze\u0144 dla pracownik\u00f3w akademickich wzro\u015bnie o&nbsp;ok. 30 proc.&#8221; W&nbsp;innych swoich wyst\u0105pieniach &#8211; m.in. w&nbsp;lutym 2019 r. w&nbsp;Sanoku &#8211; m\u00f3wi\u0142, \u017ce w&nbsp;nast\u0119pnych latach b\u0119d\u0105 to podwy\u017cki rz\u0119du 10 proc. Jednak pod koniec listopada 2019 r.<\/p>\n<p>Rada Krajowej Sekcji Nauki NSZZ &#8222;Solidarno\u015b\u0107&#8221; oraz przewodnicz\u0105cy Komisji Zak\u0142adowych NSZZ Solidarno\u015b\u0107 uczelni wy\u017cszych, instytut\u00f3w badawczych i&nbsp;PAN wyrazili &#8222;zdecydowany protest wobec braku w&nbsp;projekcie bud\u017cetu pa\u0144stwa na rok 2020 \u015brodk\u00f3w na zapowiedziany przez Jaros\u0142awa Gowina wicepremiera, ministra nauki i&nbsp;szkolnictwa wy\u017cszego wzrost wynagrodze\u0144 pracownik\u00f3w nauki i&nbsp;szkolnictwa wy\u017cszego w&nbsp;roku 2020&#8221;. Zwi\u0105zkowcy wyrazili te\u017c oczekiwanie, \u017ce rz\u0105d &#8222;zapewni zadeklarowany 10 proc. wzrost wynagrodze\u0144 pracownik\u00f3w szkolnictwa wy\u017cszego i&nbsp;nauki w&nbsp;2020 roku&#8221;. Resort nauki, poproszony w\u00f3wczas przez PAP o&nbsp;komentarz, przyzna\u0142, \u017ce w&nbsp;projekcie ustawy bud\u017cetowej na 2020 r. nie przewidziano \u015brodk\u00f3w na podwy\u017cki w&nbsp;uczelniach. &#8222;Niemniej jednak projekt bud\u017cetu na 2020 ulegnie zmianom, trwaj\u0105 negocjacje co do jego ostatecznego kszta\u0142tu&#8221; &#8211; napisano w&nbsp;odpowiedzi przekazanej PAP.<\/p>\n<p>W po\u0142owie stycznia br. sejmowa Komisja Edukacji, Nauki i M\u0142odzie\u017cy pozytywnie zaopiniowa\u0142a w czwartek projekt bud\u017cetu pa\u0144stwa na 2020 r. w cz\u0119\u015bci dotycz\u0105cej szkolnictwawy\u017cszego i nauki oraz Polskiej Akademii Nauk. Wiceminister nauki i szkolnictwa wy\u017cszego Sebastian Skuza zapewni\u0142 w\u00f3wczas, \u017ce podwy\u017cki s\u0105 przewidziane, a przeznaczona jest na to rezerwa w kwocie niemal 802 mln z\u0142. Wiceszef resortu przypomnia\u0142 te\u017c, \u017ce pod koniec 2019 r. zr\u00f3wnano minimalne wynagrodzenia na uczelniach z instytutami PAN.<\/p>\n<footer><cite><a href=\"https:\/\/www.pap.pl\" target=\"_blank\" rel=\"nofollow noopener noreferrer\"><img loading=\"lazy\" decoding=\"async\" src=\"https:\/\/i.iplsc.com\/pap\/0009A6098CYXTC6T-C301.jpg\" alt=\"PAP\" width=\"90\" height=\"22\"><\/a><a href=\"https:\/\/biznes.interia.pl\/finanse\/news-dgp-podwyzki-plac-w-budzetowce-nie-dla-wszystkich,nId,4311317#utm_source=paste&amp;utm_medium=paste&amp;utm_campaign=firefox\">Czytaj wi\u0119cej<\/a><\/cite> <cite><a href=\"https:\/\/www.pap.pl\" target=\"_blank\" rel=\"nofollow noopener noreferrer\">\u0179r\u00f3d\u0142o: biznes.interia.pl<\/a><\/cite> &nbsp;<\/footer>\n<h3 style=\"text-align: center;\">&#8212;&#8212;&#8212;&#8212;&#8212;&#8212;&#8212;&#8212;&#8212;&#8212;&#8212;&#8212;&#8212;&#8212;&#8212;&#8212;&#8212;<\/h3>\n<h4><strong>Tak walczymy o podwy\u017cki dla pracownik\u00f3w&nbsp; wy\u017cszych uczelni!!!<\/strong><\/h4>\n<p>&nbsp;<\/p>\n<p><strong>Poni\u017cej pisma, kt\u00f3re skierowa\u0142em do: Prezydenta RP, Premiera, Przewodnicz\u0105cego Komisji Krajowej NSZZ Solidarno\u015b\u0107 Piotra Dudy i Przewodnicz\u0105cego Regionu Ma\u0142opolskiego&nbsp; Wojciecha Grzeszka. Zamieszczamy te\u017c otrzymane odpowiedzi.<\/strong><\/p>\n<h4><a href=\"http:\/\/solidarnosc.pk.edu.pl\/wp-content\/uploads\/2020\/01\/podwy\u017cki-2020a.pdf\" target=\"_blank\" rel=\"noopener noreferrer\">pisma<\/a><\/h4>\n<h3 style=\"text-align: center;\">&#8212;&#8212;&#8212;&#8212;&#8212;&#8212;&#8212;&#8212;&#8212;&#8212;&#8212;&#8212;&#8212;&#8212;&#8212;&#8212;&#8212;<\/h3>\n<h4>Szanowni Pa\u0144stwo,<\/h4>\n<h4>&nbsp;&nbsp;Wszyscy pytaj\u0105 :&#8221; Co z podwy\u017ckami 2020 &#8222;.<\/h4>\n<h4>Z Krajowej Sekcji Nauki otrzymali\u015bmy w tej sprawie poni\u017csz\u0105 informacj\u0119:<\/h4>\n<h4><a href=\"http:\/\/solidarnosc.pk.edu.pl\/wp-content\/uploads\/2020\/01\/podwy\u017cki-2020.pdf\" target=\"_blank\" rel=\"noopener noreferrer\">pismo<\/a><\/h4>\n<h4>Serdecznie pozdrawiam w Nowym Roku.<\/h4>\n<p>Jacek Wojs<\/p>\n","protected":false},"excerpt":{"rendered":"<p>Pismo w sprawie 6% podwy\u017cki &#8212;&#8212;&#8212;&#8212;&#8212;&#8212;&#8212;&#8212;&#8212;&#8212;&#8212;&#8212;&#8212;&#8212;&#8212;&#8212;&#8212; 2020.11.12 &#8211; Komunikat ze spotkania z ministrem Edukacji i &hellip;<\/p>\n","protected":false},"author":1,"featured_media":0,"parent":0,"menu_order":0,"comment_status":"closed","ping_status":"closed","template":"","meta":{"ngg_post_thumbnail":0,"_mc_calendar":[],"footnotes":""},"class_list":["post-1759","page","type-page","status-publish","hentry"],"_links":{"self":[{"href":"https:\/\/solidarnosc.pk.edu.pl\/index.php?rest_route=\/wp\/v2\/pages\/1759","targetHints":{"allow":["GET"]}}],"collection":[{"href":"https:\/\/solidarnosc.pk.edu.pl\/index.php?rest_route=\/wp\/v2\/pages"}],"about":[{"href":"https:\/\/solidarnosc.pk.edu.pl\/index.php?rest_route=\/wp\/v2\/types\/page"}],"author":[{"embeddable":true,"href":"https:\/\/solidarnosc.pk.edu.pl\/index.php?rest_route=\/wp\/v2\/users\/1"}],"replies":[{"embeddable":true,"href":"https:\/\/solidarnosc.pk.edu.pl\/index.php?rest_route=%2Fwp%2Fv2%2Fcomments&post=1759"}],"version-history":[{"count":7,"href":"https:\/\/solidarnosc.pk.edu.pl\/index.php?rest_route=\/wp\/v2\/pages\/1759\/revisions"}],"predecessor-version":[{"id":5126,"href":"https:\/\/solidarnosc.pk.edu.pl\/index.php?rest_route=\/wp\/v2\/pages\/1759\/revisions\/5126"}],"wp:attachment":[{"href":"https:\/\/solidarnosc.pk.edu.pl\/index.php?rest_route=%2Fwp%2Fv2%2Fmedia&parent=1759"}],"curies":[{"name":"wp","href":"https:\/\/api.w.org\/{rel}","templated":true}]}}