{"id":1634,"date":"2021-06-29T11:16:19","date_gmt":"2021-06-29T09:16:19","guid":{"rendered":"http:\/\/solidarnosc.pk.edu.pl\/?page_id=1634"},"modified":"2026-04-23T09:57:54","modified_gmt":"2026-04-23T07:57:54","slug":"nekrologi","status":"publish","type":"page","link":"https:\/\/solidarnosc.pk.edu.pl\/?page_id=1634","title":{"rendered":"Nekrologi"},"content":{"rendered":"<p style=\"text-align: center;\"><strong><em><img loading=\"lazy\" decoding=\"async\" class=\"aligncenter size-full wp-image-1635\" src=\"http:\/\/solidarnosc.pk.edu.pl\/wp-content\/uploads\/2021\/06\/Swietej-Pamieci.jpg\" alt=\"\u015awi\u0119tej Pami\u0119ci\" width=\"284\" height=\"155\">WIECZNE ODPOCZYWANIE RACZ IM DA\u0106 PANIE&#8230;<\/em><\/strong><\/p>\n<h4 style=\"text-align: center;\">2026r.<\/h4>\n<h3 style=\"text-align: center;\"><a href=\"https:\/\/solidarnosc.pk.edu.pl\/wp-content\/uploads\/2021\/06\/Swietej-Pamieci.jpg\"><img loading=\"lazy\" decoding=\"async\" class=\"aligncenter size-full wp-image-1635\" src=\"https:\/\/solidarnosc.pk.edu.pl\/wp-content\/uploads\/2021\/06\/Swietej-Pamieci.jpg\" alt=\"\u015awi\u0119tej Pami\u0119ci\" width=\"284\" height=\"155\"><\/a>Z g\u0142\u0119bokim \u017calem zawiadamiamy o \u015bmierci bardzo zas\u0142u\u017conego dla naszej Organizacji Zak\u0142adowej Kolegi<\/h3>\n<h3 style=\"text-align: center;\"><strong>Andrzeja Potockiego<\/strong>, kt\u00f3ry zmar\u0142 30 marca br.<\/h3>\n<h3 style=\"text-align: center;\">O tym smutnym fakcie powzi\u0119li\u015bmy wiadomo\u015b\u0107 dopiero dzisiaj i natychmiast<br \/>\no tym, niniejszym zawiadamiamy.<\/h3>\n<p style=\"text-align: center;\">&nbsp;<\/p>\n<h2 style=\"text-align: center;\"><em>Wieczne odpoczywanie racz mu da\u0107 Panie!<\/em><\/h2>\n<h3 style=\"text-align: center;\">&nbsp;<\/h3>\n<div style=\"text-align: center;\">&nbsp;<\/div>\n<div style=\"text-align: center;\"><em>Komisja Zak\u0142adowa NSZZ SOLIDARNO\u015a\u0106 PK<\/em><\/div>\n<p>&nbsp;<\/p>\n<h4 style=\"text-align: center;\">2025r.<\/h4>\n<p><a href=\"https:\/\/solidarnosc.pk.edu.pl\/wp-content\/uploads\/2025\/11\/gaca-nekrolog.jpg\"><img loading=\"lazy\" decoding=\"async\" class=\"aligncenter size-large wp-image-5091\" src=\"https:\/\/solidarnosc.pk.edu.pl\/wp-content\/uploads\/2025\/11\/gaca-nekrolog-1024x685.jpg\" alt=\"Stanis\u0142aw Gaca nekrolog\" width=\"783\" height=\"524\" srcset=\"https:\/\/solidarnosc.pk.edu.pl\/wp-content\/uploads\/2025\/11\/gaca-nekrolog-1024x685.jpg 1024w, https:\/\/solidarnosc.pk.edu.pl\/wp-content\/uploads\/2025\/11\/gaca-nekrolog-300x201.jpg 300w, https:\/\/solidarnosc.pk.edu.pl\/wp-content\/uploads\/2025\/11\/gaca-nekrolog-768x513.jpg 768w, https:\/\/solidarnosc.pk.edu.pl\/wp-content\/uploads\/2025\/11\/gaca-nekrolog-279x187.jpg 279w, https:\/\/solidarnosc.pk.edu.pl\/wp-content\/uploads\/2025\/11\/gaca-nekrolog.jpg 1080w\" sizes=\"auto, (max-width: 783px) 100vw, 783px\" \/><\/a><\/p>\n<p>&nbsp;<\/p>\n<p><a href=\"https:\/\/solidarnosc.pk.edu.pl\/wp-content\/uploads\/2025\/09\/leszek-zapal.jpg\"><img loading=\"lazy\" decoding=\"async\" class=\" wp-image-4901 aligncenter\" src=\"https:\/\/solidarnosc.pk.edu.pl\/wp-content\/uploads\/2025\/09\/leszek-zapal.jpg\" alt=\"leszek zapa\u0142-nekrolog\" width=\"753\" height=\"533\" srcset=\"https:\/\/solidarnosc.pk.edu.pl\/wp-content\/uploads\/2025\/09\/leszek-zapal.jpg 1024w, https:\/\/solidarnosc.pk.edu.pl\/wp-content\/uploads\/2025\/09\/leszek-zapal-300x212.jpg 300w, https:\/\/solidarnosc.pk.edu.pl\/wp-content\/uploads\/2025\/09\/leszek-zapal-768x543.jpg 768w, https:\/\/solidarnosc.pk.edu.pl\/wp-content\/uploads\/2025\/09\/leszek-zapal-279x197.jpg 279w\" sizes=\"auto, (max-width: 753px) 100vw, 753px\" \/><\/a><\/p>\n<p>&nbsp;<\/p>\n<p><a href=\"https:\/\/solidarnosc.pk.edu.pl\/wp-content\/uploads\/2025\/08\/SP-Ewa-Sadowska.jpg\"><img loading=\"lazy\" decoding=\"async\" class=\"aligncenter wp-image-4836\" src=\"https:\/\/solidarnosc.pk.edu.pl\/wp-content\/uploads\/2025\/08\/SP-Ewa-Sadowska.jpg\" alt=\"\u015aP Ewa Sadowska\" width=\"411\" height=\"586\" srcset=\"https:\/\/solidarnosc.pk.edu.pl\/wp-content\/uploads\/2025\/08\/SP-Ewa-Sadowska.jpg 315w, https:\/\/solidarnosc.pk.edu.pl\/wp-content\/uploads\/2025\/08\/SP-Ewa-Sadowska-210x300.jpg 210w, https:\/\/solidarnosc.pk.edu.pl\/wp-content\/uploads\/2025\/08\/SP-Ewa-Sadowska-140x200.jpg 140w\" sizes=\"auto, (max-width: 411px) 100vw, 411px\" \/><\/a><\/p>\n<p>&nbsp;<\/p>\n<p><a href=\"https:\/\/solidarnosc.pk.edu.pl\/?page_id=4666\" target=\"_blank\" rel=\"noopener\"><img loading=\"lazy\" decoding=\"async\" class=\"aligncenter wp-image-4674 size-large\" src=\"https:\/\/solidarnosc.pk.edu.pl\/wp-content\/uploads\/2025\/01\/bruzda-1024x808.jpg\" alt=\"bruzda-nekrolog\" width=\"783\" height=\"618\" srcset=\"https:\/\/solidarnosc.pk.edu.pl\/wp-content\/uploads\/2025\/01\/bruzda-1024x808.jpg 1024w, https:\/\/solidarnosc.pk.edu.pl\/wp-content\/uploads\/2025\/01\/bruzda-300x237.jpg 300w, https:\/\/solidarnosc.pk.edu.pl\/wp-content\/uploads\/2025\/01\/bruzda-768x606.jpg 768w, https:\/\/solidarnosc.pk.edu.pl\/wp-content\/uploads\/2025\/01\/bruzda-1536x1212.jpg 1536w, https:\/\/solidarnosc.pk.edu.pl\/wp-content\/uploads\/2025\/01\/bruzda-2048x1616.jpg 2048w, https:\/\/solidarnosc.pk.edu.pl\/wp-content\/uploads\/2025\/01\/bruzda-253x200.jpg 253w\" sizes=\"auto, (max-width: 783px) 100vw, 783px\" \/><\/a><\/p>\n<p>&nbsp;<\/p>\n<p>&nbsp;<\/p>\n<h4 style=\"text-align: center;\">2024r.<\/h4>\n<p>&nbsp;<\/p>\n<p><a href=\"http:\/\/solidarnosc.pk.edu.pl\/wp-content\/uploads\/2024\/11\/henryka-trela.jpg\"><img decoding=\"async\" class=\"size-full wp-image-4254 aligncenter\" src=\"&quot;http:\/\/solidarnosc.pk.edu.pl%2&lt;\/p\"> <\/a><\/p>\n","protected":false},"excerpt":{"rendered":"<p>WIECZNE ODPOCZYWANIE RACZ IM DA\u0106 PANIE&#8230; 2026r. Z g\u0142\u0119bokim \u017calem zawiadamiamy o \u015bmierci bardzo zas\u0142u\u017conego &hellip;<\/p>\n","protected":false},"author":1,"featured_media":0,"parent":0,"menu_order":0,"comment_status":"closed","ping_status":"closed","template":"","meta":{"ngg_post_thumbnail":0,"_mc_calendar":[],"footnotes":""},"class_list":["post-1634","page","type-page","status-publish","hentry"],"_links":{"self":[{"href":"https:\/\/solidarnosc.pk.edu.pl\/index.php?rest_route=\/wp\/v2\/pages\/1634","targetHints":{"allow":["GET"]}}],"collection":[{"href":"https:\/\/solidarnosc.pk.edu.pl\/index.php?rest_route=\/wp\/v2\/pages"}],"about":[{"href":"https:\/\/solidarnosc.pk.edu.pl\/index.php?rest_route=\/wp\/v2\/types\/page"}],"author":[{"embeddable":true,"href":"https:\/\/solidarnosc.pk.edu.pl\/index.php?rest_route=\/wp\/v2\/users\/1"}],"replies":[{"embeddable":true,"href":"https:\/\/solidarnosc.pk.edu.pl\/index.php?rest_route=%2Fwp%2Fv2%2Fcomments&post=1634"}],"version-history":[{"count":27,"href":"https:\/\/solidarnosc.pk.edu.pl\/index.php?rest_route=\/wp\/v2\/pages\/1634\/revisions"}],"predecessor-version":[{"id":5218,"href":"https:\/\/solidarnosc.pk.edu.pl\/index.php?rest_route=\/wp\/v2\/pages\/1634\/revisions\/5218"}],"wp:attachment":[{"href":"https:\/\/solidarnosc.pk.edu.pl\/index.php?rest_route=%2Fwp%2Fv2%2Fmedia&parent=1634"}],"curies":[{"name":"wp","href":"https:\/\/api.w.org\/{rel}","templated":true}]}}