{"id":1598,"date":"2021-05-17T20:09:22","date_gmt":"2021-05-17T18:09:22","guid":{"rendered":"http:\/\/solidarnosc.pk.edu.pl\/?page_id=1598"},"modified":"2021-05-17T21:00:24","modified_gmt":"2021-05-17T19:00:24","slug":"pogrzeb-elzbiety-dambskiej","status":"publish","type":"page","link":"https:\/\/solidarnosc.pk.edu.pl\/?page_id=1598","title":{"rendered":"Pogrzeb El\u017cbiety D\u0105mbskiej"},"content":{"rendered":"<p style=\"text-align: center;\">Z g\u0142\u0119bokim \u017calem i&nbsp;smutkiem zawiadamiamy o&nbsp;\u015bmierci&nbsp;<strong>Prof. dr hab. in\u017c. arch.&nbsp; <\/strong><strong>El\u017cbiety D\u0105mbskiej-\u015amia\u0142owskiej <\/strong>cz\u0142onka NZSS Solidarno\u015b\u0107 Politechniki Krakowskiej.<\/p>\n<p style=\"text-align: center;\">Emerytowanego profesora Politechniki Krakowskiej, wieloletniej kierownik Katedry Budownictwa Og\u00f3lnego Wydzia\u0142u Architektury, dyrektora Instytutu Architektury i&nbsp;Planowania Wsi, prodziekana Wydzia\u0142u Architektury, wyk\u0142adowcy etnografii na Uniwersytecie Jagiello\u0144skim, wieloletniej przewodnicz\u0105cej Rady Muzeum Politechniki Krakowskiej, dzia\u0142aczki Zwi\u0105zku Nauczycielstwa Polskiego.<\/p>\n<p><a title=\"\" href=\"https:\/\/arch.pk.edu.pl\/wp-content\/uploads\/2021\/05\/SKM_C364e21051013280.jpg\" data-rel=\"lightbox-0\"><img loading=\"lazy\" decoding=\"async\" class=\"aligncenter wp-image-20268 \" src=\"https:\/\/arch.pk.edu.pl\/wp-content\/uploads\/2021\/05\/2002-E.D\u0105mbska-xy-2.jpeg\" alt=\"Prof. E. D\u0105mbska-\u015amia\u0142owska\" width=\"394\" height=\"517\"><img loading=\"lazy\" decoding=\"async\" class=\"aligncenter wp-image-20269 \" src=\"https:\/\/arch.pk.edu.pl\/wp-content\/uploads\/2021\/05\/SKM_C364e21051013280.jpg\" alt=\"nekrolog\" width=\"638\" height=\"452\"><\/a><\/p>\nngg_shortcode_0_placeholder\n","protected":false},"excerpt":{"rendered":"<p>Z g\u0142\u0119bokim \u017calem i&nbsp;smutkiem zawiadamiamy o&nbsp;\u015bmierci&nbsp;Prof. dr hab. in\u017c. arch.&nbsp; El\u017cbiety D\u0105mbskiej-\u015amia\u0142owskiej cz\u0142onka NZSS Solidarno\u015b\u0107 &hellip;<\/p>\n","protected":false},"author":1,"featured_media":0,"parent":0,"menu_order":0,"comment_status":"closed","ping_status":"closed","template":"","meta":{"ngg_post_thumbnail":0,"_mc_calendar":[],"footnotes":""},"class_list":["post-1598","page","type-page","status-publish","hentry"],"_links":{"self":[{"href":"https:\/\/solidarnosc.pk.edu.pl\/index.php?rest_route=\/wp\/v2\/pages\/1598","targetHints":{"allow":["GET"]}}],"collection":[{"href":"https:\/\/solidarnosc.pk.edu.pl\/index.php?rest_route=\/wp\/v2\/pages"}],"about":[{"href":"https:\/\/solidarnosc.pk.edu.pl\/index.php?rest_route=\/wp\/v2\/types\/page"}],"author":[{"embeddable":true,"href":"https:\/\/solidarnosc.pk.edu.pl\/index.php?rest_route=\/wp\/v2\/users\/1"}],"replies":[{"embeddable":true,"href":"https:\/\/solidarnosc.pk.edu.pl\/index.php?rest_route=%2Fwp%2Fv2%2Fcomments&post=1598"}],"version-history":[{"count":5,"href":"https:\/\/solidarnosc.pk.edu.pl\/index.php?rest_route=\/wp\/v2\/pages\/1598\/revisions"}],"predecessor-version":[{"id":1612,"href":"https:\/\/solidarnosc.pk.edu.pl\/index.php?rest_route=\/wp\/v2\/pages\/1598\/revisions\/1612"}],"wp:attachment":[{"href":"https:\/\/solidarnosc.pk.edu.pl\/index.php?rest_route=%2Fwp%2Fv2%2Fmedia&parent=1598"}],"curies":[{"name":"wp","href":"https:\/\/api.w.org\/{rel}","templated":true}]}}