{"id":15,"date":"2018-03-30T21:29:24","date_gmt":"2018-03-30T19:29:24","guid":{"rendered":"http:\/\/149.156.151.90\/~nszzpk\/?page_id=15"},"modified":"2018-07-04T08:30:01","modified_gmt":"2018-07-04T06:30:01","slug":"struktura","status":"publish","type":"page","link":"https:\/\/solidarnosc.pk.edu.pl\/?page_id=15","title":{"rendered":"STRUKTURA i REGULAMIN"},"content":{"rendered":"<h3 style=\"text-align: center;\"><span style=\"color: #0000ff;\">Struktura i Regulamin Organizacji Zak\u0142adowej<\/span><\/h3>\n<h3 style=\"text-align: center;\"><span style=\"color: #0000ff;\">NSZZ &#8222;Solidarno\u015b\u0107&#8221;<\/span><\/h3>\n<h3 style=\"text-align: center;\"><span style=\"color: #0000ff;\">w Politechnice Krakowskiej<\/span><\/h3>\n<p style=\"text-align: center;\"><strong>Uchwalona przez ZWZD 30. 05. 2000r.<\/strong><\/p>\n<p style=\"text-align: center;\"><strong>\u00a7 1<\/strong><\/p>\n<h4><strong>Kom\u00f3rk\u0105 dzia\u0142ania Zwi\u0105zku jest ko\u0142o.<\/strong><\/h4>\n<ol>\n<li>Ko\u0142a tworz\u0105 si\u0119 na podstawie nieskr\u0119powanej woli cz\u0142onk\u00f3w za\u0142o\u017cycieli ko\u0142a, zebranych na zebraniu za\u0142o\u017cycielskim.<\/li>\n<li>Ko\u0142a powstaj\u0105 z inicjatywy pracownik\u00f3w, kt\u00f3rzy tworz\u0105 w tym celu komitety za\u0142o\u017cycielskie. W ci\u0105gu miesi\u0105ca komitet za\u0142o\u017cycielski powinien przeprowadzi\u0107 wybory i&nbsp;zorganizowa\u0107 ko\u0142o zg\u0142aszaj\u0105c je do Komisji Zak\u0142adowej. Komisja Zak\u0142adowa podejmuje decyzj\u0119 dotycz\u0105c\u0105 rejestracji danego ko\u0142a w Rejestrze K\u00f3\u0142 Organizacji Zak\u0142adowej.<\/li>\n<li>Ko\u0142o mo\u017ce obejmowa\u0107 cz\u0142onk\u00f3w pracuj\u0105cych w r\u00f3\u017cnych jednostkach organizacyjnych PK. Mo\u017cna by\u0107 cz\u0142onkiem tylko jednego ko\u0142a. W jednej jednostce organizacyjnej PK nie mo\u017ce by\u0107 wi\u0119cej ni\u017c jedno ko\u0142o.<\/li>\n<li>Zale\u017cnie od struktury jednostki organizacyjnej Politechniki Krakowskiej ko\u0142o mo\u017ce tworzy\u0107 podleg\u0142e sobie, mniejsze jednostki organizacyjne zwi\u0105zku, kt\u00f3re powstaj\u0105 w wyniku uchwa\u0142y zarz\u0105du ko\u0142a i t\u0105 sam\u0105 drog\u0105 s\u0105 rozwi\u0105zywane.<\/li>\n<li>Ko\u0142a mog\u0105 \u0142\u0105czy\u0107 si\u0119 dla podejmowania wsp\u00f3lnych akcji lub obrad i wybor\u00f3w.<\/li>\n<li>Likwidacja Ko\u0142a nast\u0119puje w wyniku uchwa\u0142y 2\/3 cz\u0142onk\u00f3w, obecnych na zebraniu ko\u0142a przy, co najmniej 66% frekwencji lub decyzj\u0105 Komisji Zak\u0142adowej.<\/li>\n<li>Najwy\u017csz\u0105 w\u0142adz\u0105 ko\u0142a jest og\u00f3lne zebranie ko\u0142a, kt\u00f3re dokonuje wyboru przewodnicz\u0105cego ko\u0142a, zarz\u0105du ko\u0142a, delegat\u00f3w na ZWZD, uchwala wi\u0119kszo\u015bci\u0105 g\u0142os\u00f3w wnioski i instrukcje dla delegat\u00f3w i zarz\u0105du ko\u0142a, udziela absolutorium zarz\u0105dowi ko\u0142a.<\/li>\n<li>Zarz\u0105d ko\u0142a liczy co najmniej 3 osoby, wybierane wed\u0142ug zasad ordynacji wyborczej. Liczb\u0119 cz\u0142onk\u00f3w zarz\u0105du ustala zebranie cz\u0142onk\u00f3w ko\u0142a w g\u0142osowaniu jawnym przed wyborami zarz\u0105du.<\/li>\n<li>Przewodnicz\u0105cy ko\u0142a (lub jego zast\u0119pcy) wchodz\u0105 jako reprezentanci ko\u0142a do odpowiednich organ\u00f3w kolegialnych Uczelni.<\/li>\n<li>Przewodnicz\u0105cy k\u00f3\u0142 mog\u0105 wej\u015b\u0107, po wybraniu przez ZWZD, do Komisji Zak\u0142adowej.<\/li>\n<li>Zak\u0142adowa Komisja Rewizyjna ma prawo wgl\u0105du w dzia\u0142alno\u015b\u0107 ko\u0142a i opiniowania dzia\u0142alno\u015bci zarz\u0105du ko\u0142a dla potrzeb Komisji Zak\u0142adowej.<\/li>\n<\/ol>\n<p>&nbsp;<\/p>\n<p style=\"text-align: center;\"><strong>\u00a7 2<\/strong><\/p>\n<h4><strong>Ogniwem struktury w\u0142adz Zwi\u0105zku szczebla po\u015bredniego mog\u0105 by\u0107 komisje porozumiewawcze. Nie s\u0105 one nadrz\u0119dne nad ko\u0142em, a jedynie s\u0142u\u017c\u0105 koordynacji i reprezentowaniu k\u00f3\u0142 wobec w\u0142adz odpowiedniej jednostki organizacyjnej Uczelni.<\/strong><\/h4>\n<ul>\n<li>Metody dzia\u0142ania komisji porozumiewawczych i ich reprezentacj\u0119 wobec w\u0142adz ustalaj\u0105 ko\u0142a cz\u0142onkowskie poprzez swoje zarz\u0105dy.<\/li>\n<li>Decyzje komisji porozumiewawczych zapadaj\u0105 drog\u0105 uzgodnie\u0144.<\/li>\n<li>Je\u017celi w sprawie istotnej ko\u0142a zgrupowane w komisji porozumiewawczej nie mog\u0105 uzgodni\u0107 wsp\u00f3lnego stanowiska, decyzja nale\u017cy do Komisji Zak\u0142adowej (lub jej Prezydium) i decyzja ta jest wi\u0105\u017c\u0105ca dla zarz\u0105d\u00f3w k\u00f3\u0142.<\/li>\n<\/ul>\n<p style=\"text-align: center;\"><strong>\u00a7 3<\/strong><\/p>\n<h4><strong>Zak\u0142adowe Walne Zebranie Delegat\u00f3w (ZWZD) jest najwy\u017csz\u0105 w\u0142adz\u0105 Organizacji Zak\u0142adowej Zwi\u0105zku.<\/strong><\/h4>\n<p><strong>1. ZWZD zwo\u0142ywane jest co najmniej raz w roku.<\/strong><\/p>\n<p><strong>2. Do zada\u0144 ZWZD nale\u017cy:<\/strong><\/p>\n<ul>\n<li>wyb\u00f3r przewodnicz\u0105cego Komisji Zak\u0142adowej,<\/li>\n<li>wyb\u00f3r pozosta\u0142ych cz\u0142onk\u00f3w Komisji Zak\u0142adowej,<\/li>\n<li>wyb\u00f3r cz\u0142onk\u00f3w Komisji Rewizyjnej,<\/li>\n<li>wyb\u00f3r delegat\u00f3w na Walne Zebranie Delegat\u00f3w Regionu,<\/li>\n<li>wyb\u00f3r delegat\u00f3w na walne zebranie Krajowej Sekcji Nauki,<\/li>\n<li>uchwalanie programu dzia\u0142alno\u015bci Organizacji Zak\u0142adowej i wytycznych dla KZ oraz regulamin\u00f3w,<\/li>\n<li>rozpatrywanie sprawozda\u0144 KZ, ZKR i udzielanie absolutorium cz\u0142onkom KZ i&nbsp;jej Prezydium,<\/li>\n<li>ustalanie wewn\u0119trznej struktury Organizacji Zak\u0142adowej.<\/li>\n<\/ul>\n<p><strong>3. Nadzwyczajne ZWZD zwo\u0142uje KZ z w\u0142asnej inicjatywy, b\u0105d\u017a na wniosek ZKR lub zarz\u0105d\u00f3w k\u00f3\u0142, reprezentuj\u0105cych co najmniej 1\/5 cz\u0142onk\u00f3w Organizacji Zak\u0142adowej.<\/strong><\/p>\n<p><strong>4. Delegaci poszczeg\u00f3lnych K\u00f3\u0142 na ZWZD wybierani s\u0105 w ten spos\u00f3b, aby na 10 cz\u0142onk\u00f3w przypada\u0142 1 delegat to jest:<\/strong><\/p>\n<ul>\n<li>do 14 cz\u0142onk\u00f3w 1 delegat<\/li>\n<li>15 &#8211; 24 cz\u0142onk\u00f3w 2 delegat\u00f3w<\/li>\n<li>25 &#8211; 34 cz\u0142onk\u00f3w 3 delegat\u00f3w itd.<\/li>\n<\/ul>\n<p><strong>5. Przewodnicz\u0105cy jest wliczony w liczb\u0119 delegat\u00f3w. Wszyscy cz\u0142onkowie zarz\u0105du k\u00f3\u0142 mog\u0105 kandydowa\u0107 na delegat\u00f3w.<\/strong><\/p>\n<p><strong>6. Mandat delegata wa\u017cny jest na okres 1 kadencji. Delegaci mog\u0105 otrzyma\u0107 od swych k\u00f3\u0142 instrukcje przed ZWZD.<\/strong><\/p>\n<p style=\"text-align: center;\"><strong>\u00a7 4<\/strong><\/p>\n<h4><strong>Komisja Zak\u0142adowa (KZ) jest organem w\u0142adzy Zwi\u0105zku.<\/strong><\/h4>\n<p><strong>1. Do zakresu dzia\u0142ania KZ nale\u017cy:<\/strong><\/p>\n<ul>\n<li>reprezentowanie Organizacji Zak\u0142adowej wobec w\u0142adz Uczelni, a tak\u017ce innych w\u0142adz, organizacji i instytucji,<\/li>\n<li>ustalanie wytycznych bie\u017c\u0105cej dzia\u0142alno\u015bci Prezydium KZ,<\/li>\n<li>okresowa ocena pracy Prezydium KZ,<\/li>\n<li>uchwalanie bud\u017cetu Organizacji Zak\u0142adowej.<\/li>\n<\/ul>\n<p><strong>2. Kadencja Komisji Zak\u0142adowej trwa 4 lata.<\/strong><\/p>\n<p><strong>3. Organem wykonawczym KZ dzia\u0142aj\u0105cym w spos\u00f3b ci\u0105g\u0142y jest Prezydium KZ, kt\u00f3rego zadaniem jest kierowanie bie\u017c\u0105c\u0105 dzia\u0142alno\u015bci\u0105 Organizacji Zak\u0142adowej.<\/strong><\/p>\n<p><strong>4. KZ powinna zbiera\u0107 si\u0119 co najmniej raz na miesi\u0105c, a jej Prezydium co najmniej raz na tydzie\u0144.<\/strong><\/p>\n<p><strong>5. KZ mo\u017ce powo\u0142ywa\u0107 sta\u0142e lub czasowe sekcje dla prowadzenia okre\u015blonej dzia\u0142alno\u015bci. W pilnych przypadkach organizacj\u0119 sekcji mo\u017ce podj\u0105\u0107 Prezydium.<\/strong><\/p>\n<p><strong>6. KZ wyznacza swego reprezentanta bior\u0105cego udzia\u0142 w posiedzeniach Senatu Uczelni. Prezydium KZ wyznacza reprezentant\u00f3w Zwi\u0105zku do komisji senackich i&nbsp;rektorskich.<\/strong><\/p>\n<p style=\"text-align: center;\"><strong>\u00a7 5<\/strong><\/p>\n<p><strong>Zak\u0142adowa Komisja Rewizyjna (ZKR):<\/strong><\/p>\n<ul>\n<li>nadzoruje i kontroluje dzia\u0142alno\u015b\u0107 statutow\u0105 i gospodarcz\u0105 Organizacji Zak\u0142adowej, a w szczeg\u00f3lno\u015bci dzia\u0142alno\u015b\u0107 Komisji Zak\u0142adowej i jej Prezydium;<\/li>\n<li>stawia wniosek o absolutorium dla KZ i jej Prezydium. ZKR mo\u017ce przedstawi\u0107 wniosek o&nbsp;indywidualnym trybie rozpatrywania absolutorium dla wskazanych cz\u0142onk\u00f3w KZ i jej Prezydium.<\/li>\n<\/ul>\n","protected":false},"excerpt":{"rendered":"<p>Struktura i Regulamin Organizacji Zak\u0142adowej NSZZ &#8222;Solidarno\u015b\u0107&#8221; w Politechnice Krakowskiej Uchwalona przez ZWZD 30. 05. &hellip;<\/p>\n","protected":false},"author":1,"featured_media":0,"parent":0,"menu_order":0,"comment_status":"closed","ping_status":"closed","template":"","meta":{"ngg_post_thumbnail":0,"_mc_calendar":[],"footnotes":""},"class_list":["post-15","page","type-page","status-publish","hentry"],"_links":{"self":[{"href":"https:\/\/solidarnosc.pk.edu.pl\/index.php?rest_route=\/wp\/v2\/pages\/15","targetHints":{"allow":["GET"]}}],"collection":[{"href":"https:\/\/solidarnosc.pk.edu.pl\/index.php?rest_route=\/wp\/v2\/pages"}],"about":[{"href":"https:\/\/solidarnosc.pk.edu.pl\/index.php?rest_route=\/wp\/v2\/types\/page"}],"author":[{"embeddable":true,"href":"https:\/\/solidarnosc.pk.edu.pl\/index.php?rest_route=\/wp\/v2\/users\/1"}],"replies":[{"embeddable":true,"href":"https:\/\/solidarnosc.pk.edu.pl\/index.php?rest_route=%2Fwp%2Fv2%2Fcomments&post=15"}],"version-history":[{"count":8,"href":"https:\/\/solidarnosc.pk.edu.pl\/index.php?rest_route=\/wp\/v2\/pages\/15\/revisions"}],"predecessor-version":[{"id":501,"href":"https:\/\/solidarnosc.pk.edu.pl\/index.php?rest_route=\/wp\/v2\/pages\/15\/revisions\/501"}],"wp:attachment":[{"href":"https:\/\/solidarnosc.pk.edu.pl\/index.php?rest_route=%2Fwp%2Fv2%2Fmedia&parent=15"}],"curies":[{"name":"wp","href":"https:\/\/api.w.org\/{rel}","templated":true}]}}