{"id":1406,"date":"2021-03-15T12:30:28","date_gmt":"2021-03-15T11:30:28","guid":{"rendered":"http:\/\/solidarnosc.pk.edu.pl\/?page_id=1406"},"modified":"2024-07-24T10:22:24","modified_gmt":"2024-07-24T08:22:24","slug":"deklaracja-dostepnosci","status":"publish","type":"page","link":"https:\/\/solidarnosc.pk.edu.pl\/?page_id=1406","title":{"rendered":"deklaracja dost\u0119pno\u015bci"},"content":{"rendered":"<h3><strong>DEKLARACJA DOST\u0118PNO\u015aCI<\/strong><\/h3>\n<p>&nbsp;<\/p>\n<p>NSZZ Solidarno\u015b\u0107 Politechniki Krakowskiej im. Tadeusza Ko\u015bciuszki w Krakowie &nbsp;zobowi\u0105zuje si\u0119 zapewni\u0107 dost\u0119pno\u015b\u0107 swojej strony internetowej zgodnie z przepisami ustawy z dnia 4&nbsp;kwietnia 2019&nbsp;r. o&nbsp;dost\u0119pno\u015bci cyfrowej stron internetowych i&nbsp;aplikacji mobilnych podmiot\u00f3w publicznych. O\u015bwiadczenie w sprawie dost\u0119pno\u015bci ma zastosowanie do strony internetowej NSZZ Solidarno\u015b\u0107 PK.<\/p>\n<ul>\n<li>Data publikacji strony internetowej: 2018-04-06<\/li>\n<li>Data ostatniej istotnej aktualizacji: 2024-07-23<\/li>\n<\/ul>\n<p><strong>STATUS POD WZGL\u0118DEM ZGODNO\u015aCI Z USTAW\u0104<\/strong><\/p>\n<p>Strona internetowa wg mojej wiedzy jest <strong>cz\u0119\u015bciowo<\/strong> <strong>zgodna<\/strong> z&nbsp;ustaw\u0105 o&nbsp;dost\u0119pno\u015bci cyfrowej stron internetowych i&nbsp;aplikacji mobilnych podmiot\u00f3w publicznych z&nbsp;powodu niezgodno\u015bci lub wy\u0142\u0105cze\u0144 wymienionych poni\u017cej.<\/p>\n<p>&nbsp;<\/p>\n<p><strong>Tre\u015bci niedost\u0119pne<\/strong><\/p>\n<ul>\n<li>Publikacje w formie plik\u00f3w PDF s\u0105 cz\u0119\u015bciowo dost\u0119pne. Na stronie zamieszczane s\u0105 pliki w dw\u00f3ch wersjach: PDF i DOC, DOCX,<\/li>\n<li>Publikowane zdj\u0119cia nie posiadaj\u0105 opisu alternatywnego, maj\u0105 one charakter ilustracyjny lub promocyjny i nie s\u0105 wykorzystywane do realizacji bie\u017c\u0105cych zada\u0144.<\/li>\n<\/ul>\n<p><strong>Przygotowanie deklaracji w sprawie dost\u0119pno\u015bci<\/strong><\/p>\n<ul>\n<li>Deklaracj\u0119 sporz\u0105dzono dnia: 2021-03-12<\/li>\n<li>Deklaracj\u0119 zosta\u0142a ostatnio poddana przegl\u0105dowi i aktualizacji dnia: 2021-03-15<\/li>\n<\/ul>\n<p>Deklaracj\u0119 sporz\u0105dzono na podstawie samooceny. Na stronie internetowej mo\u017cna u\u017cywa\u0107 standardowych skr\u00f3t\u00f3w klawiaturowych przegl\u0105darki.<\/p>\n<p><strong>INFORMACJE ZWROTNE I DANE KONTAKTOWE<\/strong><\/p>\n<p>W przypadku problem\u00f3w z dost\u0119pno\u015bci\u0105 strony internetowej prosimy o kontakt. Osob\u0105 kontaktow\u0105 jest:<\/p>\n<p>Pawe\u0142 Szlachta.<\/p>\n<p>E-mail:&nbsp;<a href=\"mailto:pszlachta@pk.edu.pl\">pszlachta@pk.edu.pl<\/a><\/p>\n<p>Telefon: +48 12&nbsp;6283149<\/p>\n<p>&nbsp;<\/p>\n<p>T\u0105 sam\u0105 drog\u0105 mo\u017cna sk\u0142ada\u0107 wnioski o udost\u0119pnienie informacji niedost\u0119pnej oraz sk\u0142ada\u0107 skargi na brak zapewnienia dost\u0119pno\u015bci.<\/p>\n<p>Ka\u017cdy ma prawo:<\/p>\n<ul>\n<li>zg\u0142osi\u0107 uwagi dotycz\u0105ce dost\u0119pno\u015bci cyfrowej strony lub jej elementu,<\/li>\n<li>zg\u0142osi\u0107 \u017c\u0105danie zapewnienia dost\u0119pno\u015bci cyfrowej strony lub jej elementu,<\/li>\n<li>wnioskowa\u0107 o udost\u0119pnienie niedost\u0119pnej informacji w innej alternatywnej formie.<\/li>\n<\/ul>\n<p>\u017b\u0105danie musi zawiera\u0107:<\/p>\n<ul>\n<li>dane kontaktowe osoby zg\u0142aszaj\u0105cej,<\/li>\n<li>wskazanie strony lub elementu strony, kt\u00f3rej dotyczy \u017c\u0105danie,<\/li>\n<li>wskazanie dogodnej formy udost\u0119pnienia informacji, je\u015bli \u017c\u0105danie dotyczy udost\u0119pnienia w formie alternatywnej informacji niedost\u0119pnej.<\/li>\n<\/ul>\n<p>Rozpatrzenie zg\u0142oszenia powinno nast\u0105pi\u0107 niezw\u0142ocznie, najp\u00f3\u017aniej w ci\u0105gu 7 dni. Je\u015bli w tym terminie zapewnienie dost\u0119pno\u015bci albo zapewnienie dost\u0119pu w alternatywnej formie nie jest mo\u017cliwe, powinno nast\u0105pi\u0107 najdalej w ci\u0105gu 2 miesi\u0119cy od daty zg\u0142oszenia.<\/p>\n<p>&nbsp;<\/p>\n<p><strong>Skargi i odwo\u0142ania<\/strong><\/p>\n<p>Na niedotrzymanie tych termin\u00f3w oraz na odmow\u0119 realizacji \u017c\u0105dania mo\u017cna z\u0142o\u017cy\u0107 skarg\u0119 do organu nadzoruj\u0105cego poczt\u0105 lub drog\u0105 elektroniczn\u0105 na adres:<\/p>\n<p>Organ nadzoruj\u0105cy:<\/p>\n<p><em>Przewodnicz\u0105cy Komisji Zak\u0142adowej NSZZ \u201eSolidarno\u015b\u0107\u201d PK: Jacek Wojs<\/em><\/p>\n<p>Adres: ul. Warszawska 24 31-155 Krak\u00f3w.<\/p>\n<p>E-mail:&nbsp;<a href=\"mailto:jacek.wojs@pk.edu.pl\">jacek.wojs@pk.edu.pl<\/a><\/p>\n<p>Skarg\u0119 mo\u017cna z\u0142o\u017cy\u0107 r\u00f3wnie\u017c do&nbsp;<a href=\"https:\/\/www.rpo.gov.pl\/content\/jak-zglosic-sie-do-rzecznika-praw-obywatelskich\">Rzecznika Praw Obywatelskich<\/a>.<\/p>\n<p><strong>&nbsp;<\/strong><\/p>\n<p><strong>DOST\u0118PNO\u015a\u0106 ARCHITEKTONICZNA<\/strong><\/p>\n<p><strong>Dost\u0119pno\u015b\u0107 <\/strong><strong>NSZZ Solidarno\u015b\u0107 PK<\/strong><\/p>\n<p>Sekretariat NSZZ Solidarno\u015b\u0107 PK znajduje si\u0119 w budynku Wydzia\u0142u In\u017cynierii Elektrycznej i Komputerowej na Kampusie ul. Warszawska 24 w pokoju 102 na pierwszym pi\u0119trze w cz\u0119\u015bci p\u00f3\u0142nocnej.<\/p>\n<p>Wej\u015bcie g\u0142\u00f3wne do budynku &nbsp;znajduje si\u0119 w budynku przy ul. Warszawska 24 od strony parkingu. Po wej\u015bciu do budynku g\u0142\u00f3wnym wej\u015bciem znajduj\u0105 si\u0119 schody (11 stopni). Wej\u015bcie to nie jest dost\u0119pne dla os\u00f3b poruszaj\u0105cych si\u0119 na w\u00f3zkach. Istniej\u0105 jeszcze dwa wej\u015bcia jedno od strony p\u00f3\u0142nocnej posiadaj\u0105ce pochylni\u0119 prowadz\u0105c\u0105 do windy (dost\u0119pne dla os\u00f3b z niepe\u0142nosprawno\u015bciami). Od strony wschodniej r\u00f3wnie\u017c jest wej\u015bcie posiadaj\u0105ce 4 niewysokie stopnie. Og\u00f3lnie dost\u0119p do sekretariatu NSZZ Solidarno\u015b\u0107 PK jest mo\u017cliwy dla poruszaj\u0105cych si\u0119 na w\u00f3zku wind\u0105 od strony p\u00f3\u0142nocnej budynku.. Wind\u0105 mo\u017cna dojecha\u0107 na ka\u017cde pi\u0119tro. Dodatkowo na ka\u017cdym pi\u0119trze jest winda osobna (stare windy wyremontowane). Do windy p\u00f3\u0142nocnej prowadzi pochylnia. Tylne wej\u015bcie jest zamkni\u0119te.<\/p>\n<p><img loading=\"lazy\" decoding=\"async\" class=\"aligncenter wp-image-1409\" src=\"http:\/\/solidarnosc.pk.edu.pl\/wp-content\/uploads\/2021\/03\/widok-z-gory.jpg\" alt=\"Widok z g\u00f3ry na budynek\" width=\"630\" height=\"421\" srcset=\"https:\/\/solidarnosc.pk.edu.pl\/wp-content\/uploads\/2021\/03\/widok-z-gory.jpg 828w, https:\/\/solidarnosc.pk.edu.pl\/wp-content\/uploads\/2021\/03\/widok-z-gory-300x200.jpg 300w, https:\/\/solidarnosc.pk.edu.pl\/wp-content\/uploads\/2021\/03\/widok-z-gory-768x513.jpg 768w, https:\/\/solidarnosc.pk.edu.pl\/wp-content\/uploads\/2021\/03\/widok-z-gory-449x300.jpg 449w\" sizes=\"auto, (max-width: 630px) 100vw, 630px\" \/><\/p>\n<p style=\"text-align: center;\"><em>Widok na ca\u0142y budynek Wydzia\u0142u In\u017cynierii Elektrycznej i Komputerowej, Fot. Google Maps<\/em><\/p>\n<p><img loading=\"lazy\" decoding=\"async\" class=\"aligncenter wp-image-1410\" src=\"http:\/\/solidarnosc.pk.edu.pl\/wp-content\/uploads\/2021\/03\/1615551656587a.jpg\" alt=\"G\u0142\u00f3wne wej\u015bcie do budynku\" width=\"783\" height=\"440\" srcset=\"https:\/\/solidarnosc.pk.edu.pl\/wp-content\/uploads\/2021\/03\/1615551656587a.jpg 1000w, https:\/\/solidarnosc.pk.edu.pl\/wp-content\/uploads\/2021\/03\/1615551656587a-300x169.jpg 300w, https:\/\/solidarnosc.pk.edu.pl\/wp-content\/uploads\/2021\/03\/1615551656587a-768x432.jpg 768w, https:\/\/solidarnosc.pk.edu.pl\/wp-content\/uploads\/2021\/03\/1615551656587a-534x300.jpg 534w\" sizes=\"auto, (max-width: 783px) 100vw, 783px\" \/><\/p>\n<p style=\"text-align: center;\"><em>G\u0142\u00f3wne wej\u015bcie do budynku \u2013 2 x miejsce parkingowe dla niepe\u0142nosprawnych., Fot. Pawe\u0142 Szlachta<\/em><\/p>\n<p style=\"text-align: center;\"><em>&nbsp;<\/em><\/p>\n<p><strong>Dost\u0119pno\u015b\u0107 korytarzy, schod\u00f3w i wind<\/strong><\/p>\n<p>Korytarze w budynku zapewniaj\u0105 swobodne poruszanie si\u0119 po ca\u0142ym budynku. W cz\u0119\u015bci komunikacyjnej nie wyst\u0119puj\u0105 r\u00f3\u017cnice poziom\u00f3w. Schody, kt\u00f3re znajduj\u0105 si\u0119 w centralnej cz\u0119\u015bci budynku jak i po jego bokach nie posiadaj\u0105 specjalnych udogodnie\u0144 dla os\u00f3b z niepe\u0142nosprawno\u015bciami. Budynek wyposa\u017cony jest w wind\u0119 osobow\u0105, kt\u00f3r\u0105 mo\u017cna dosta\u0107 si\u0119 na ka\u017cde pi\u0119tro. Do sekretariatu NSZZ Solidarno\u015b\u0107 PK najlepiej dosta\u0107 si\u0119 g\u0142\u00f3wnym wej\u015bciem i udaj\u0105c si\u0119 od razu na pierwsze pi\u0119tro. Dla niepe\u0142nosprawnych jest wej\u015bcie od strony zachodniej (zdj\u0119cie poni\u017cej).<\/p>\n<p style=\"text-align: left;\"><a href=\"http:\/\/solidarnosc.pk.edu.pl\/wp-content\/uploads\/2024\/07\/1721736086896a.jpg\"><img loading=\"lazy\" decoding=\"async\" class=\"wp-image-3897 alignnone\" src=\"http:\/\/solidarnosc.pk.edu.pl\/wp-content\/uploads\/2024\/07\/1721736086896a-473x1024.jpg\" alt=\"wej\u015bcie boczne do windy dla niepe\u0142nosprawnych\" width=\"336\" height=\"727\" srcset=\"https:\/\/solidarnosc.pk.edu.pl\/wp-content\/uploads\/2024\/07\/1721736086896a-473x1024.jpg 473w, https:\/\/solidarnosc.pk.edu.pl\/wp-content\/uploads\/2024\/07\/1721736086896a-138x300.jpg 138w, https:\/\/solidarnosc.pk.edu.pl\/wp-content\/uploads\/2024\/07\/1721736086896a-768x1664.jpg 768w, https:\/\/solidarnosc.pk.edu.pl\/wp-content\/uploads\/2024\/07\/1721736086896a-709x1536.jpg 709w, https:\/\/solidarnosc.pk.edu.pl\/wp-content\/uploads\/2024\/07\/1721736086896a-945x2048.jpg 945w, https:\/\/solidarnosc.pk.edu.pl\/wp-content\/uploads\/2024\/07\/1721736086896a-92x200.jpg 92w, https:\/\/solidarnosc.pk.edu.pl\/wp-content\/uploads\/2024\/07\/1721736086896a.jpg 1154w\" sizes=\"auto, (max-width: 336px) 100vw, 336px\" \/><\/a><em> &nbsp;&nbsp;&nbsp;&nbsp;&nbsp;&nbsp;&nbsp;&nbsp;&nbsp;&nbsp;&nbsp;&nbsp;&nbsp;&nbsp;&nbsp;&nbsp;&nbsp;&nbsp; <\/em><\/p>\n<p style=\"text-align: left;\"><em>Wej\u015bcie od strony p\u00f3\u0142nocnej do budynku i do windy Drzwi otwieraj\u0105 si\u0119 automatycznie na zewn\u0105trz Fot.Pawe\u0142 Szlachta<\/em><\/p>\n<p><a href=\"http:\/\/solidarnosc.pk.edu.pl\/wp-content\/uploads\/2024\/07\/1721736086881a.jpg\">&nbsp; &nbsp; &nbsp; &nbsp; &nbsp; &nbsp; &nbsp;&nbsp;<br \/>\n<img loading=\"lazy\" decoding=\"async\" class=\"wp-image-3896 alignleft\" src=\"http:\/\/solidarnosc.pk.edu.pl\/wp-content\/uploads\/2024\/07\/1721736086881a-473x1024.jpg\" alt=\"wej\u015bcie od strony zachodniej do windy dla niepe\u0142nosprawnych - korytarz\" width=\"197\" height=\"427\" srcset=\"https:\/\/solidarnosc.pk.edu.pl\/wp-content\/uploads\/2024\/07\/1721736086881a-473x1024.jpg 473w, https:\/\/solidarnosc.pk.edu.pl\/wp-content\/uploads\/2024\/07\/1721736086881a-138x300.jpg 138w, https:\/\/solidarnosc.pk.edu.pl\/wp-content\/uploads\/2024\/07\/1721736086881a-768x1664.jpg 768w, https:\/\/solidarnosc.pk.edu.pl\/wp-content\/uploads\/2024\/07\/1721736086881a-709x1536.jpg 709w, https:\/\/solidarnosc.pk.edu.pl\/wp-content\/uploads\/2024\/07\/1721736086881a-945x2048.jpg 945w, https:\/\/solidarnosc.pk.edu.pl\/wp-content\/uploads\/2024\/07\/1721736086881a-92x200.jpg 92w, https:\/\/solidarnosc.pk.edu.pl\/wp-content\/uploads\/2024\/07\/1721736086881a.jpg 1154w\" sizes=\"auto, (max-width: 197px) 100vw, 197px\" \/>&nbsp;&nbsp;<\/a><a href=\"http:\/\/solidarnosc.pk.edu.pl\/wp-content\/uploads\/2024\/07\/1721736086910a.jpg\">&nbsp; <\/a><a href=\"http:\/\/solidarnosc.pk.edu.pl\/wp-content\/uploads\/2024\/07\/1721736086927a.jpg\"><img loading=\"lazy\" decoding=\"async\" class=\"wp-image-3899 alignleft\" src=\"http:\/\/solidarnosc.pk.edu.pl\/wp-content\/uploads\/2024\/07\/1721736086927a-473x1024.jpg\" alt=\"wej\u015bcie na korytarz na pierwszym pi\u0119trze do solidarno\u015bci\" width=\"197\" height=\"427\" srcset=\"https:\/\/solidarnosc.pk.edu.pl\/wp-content\/uploads\/2024\/07\/1721736086927a-473x1024.jpg 473w, https:\/\/solidarnosc.pk.edu.pl\/wp-content\/uploads\/2024\/07\/1721736086927a-138x300.jpg 138w, https:\/\/solidarnosc.pk.edu.pl\/wp-content\/uploads\/2024\/07\/1721736086927a-768x1664.jpg 768w, https:\/\/solidarnosc.pk.edu.pl\/wp-content\/uploads\/2024\/07\/1721736086927a-709x1536.jpg 709w, https:\/\/solidarnosc.pk.edu.pl\/wp-content\/uploads\/2024\/07\/1721736086927a-945x2048.jpg 945w, https:\/\/solidarnosc.pk.edu.pl\/wp-content\/uploads\/2024\/07\/1721736086927a-92x200.jpg 92w, https:\/\/solidarnosc.pk.edu.pl\/wp-content\/uploads\/2024\/07\/1721736086927a.jpg 1154w\" sizes=\"auto, (max-width: 197px) 100vw, 197px\" \/><\/a><a href=\"http:\/\/solidarnosc.pk.edu.pl\/wp-content\/uploads\/2024\/07\/IMG_20240723_143952.jpg\"><img loading=\"lazy\" decoding=\"async\" class=\"wp-image-3908 alignleft\" src=\"http:\/\/solidarnosc.pk.edu.pl\/wp-content\/uploads\/2024\/07\/IMG_20240723_143952-472x1024.jpg\" alt=\"widok z korytarza na boczn\u0105 wind\u0119\" width=\"196\" height=\"426\" srcset=\"https:\/\/solidarnosc.pk.edu.pl\/wp-content\/uploads\/2024\/07\/IMG_20240723_143952-472x1024.jpg 472w, https:\/\/solidarnosc.pk.edu.pl\/wp-content\/uploads\/2024\/07\/IMG_20240723_143952-138x300.jpg 138w, https:\/\/solidarnosc.pk.edu.pl\/wp-content\/uploads\/2024\/07\/IMG_20240723_143952-768x1667.jpg 768w, https:\/\/solidarnosc.pk.edu.pl\/wp-content\/uploads\/2024\/07\/IMG_20240723_143952-708x1536.jpg 708w, https:\/\/solidarnosc.pk.edu.pl\/wp-content\/uploads\/2024\/07\/IMG_20240723_143952-944x2048.jpg 944w, https:\/\/solidarnosc.pk.edu.pl\/wp-content\/uploads\/2024\/07\/IMG_20240723_143952-92x200.jpg 92w, https:\/\/solidarnosc.pk.edu.pl\/wp-content\/uploads\/2024\/07\/IMG_20240723_143952.jpg 1152w\" sizes=\"auto, (max-width: 196px) 100vw, 196px\" \/><\/a><\/p>\n<p>&nbsp;<\/p>\n<p>&nbsp;<\/p>\n<p>&nbsp;<\/p>\n<p>&nbsp;<\/p>\n<p>&nbsp;<\/p>\n<p>&nbsp;<\/p>\n<p>&nbsp;<\/p>\n<p>&nbsp;<\/p>\n<p>&nbsp;<\/p>\n<p>&nbsp;<\/p>\n<p>&nbsp;<\/p>\n<p>&nbsp;<\/p>\n<p>&nbsp;<\/p>\n<p>&nbsp;<\/p>\n<p>&nbsp;<\/p>\n<p>&nbsp;<\/p>\n<p>&nbsp;<\/p>\n<p>&nbsp;<\/p>\n<p>&nbsp;<\/p>\n<p style=\"text-align: left;\"><em>Wyj\u015bcie z windy. Widok od strony sekretariatu NSZZ Solidarno\u015b\u0107 PK, Fot. Pawe\u0142 Szlachta<\/em><\/p>\n<p>&nbsp;<\/p>\n<p><a href=\"http:\/\/solidarnosc.pk.edu.pl\/wp-content\/uploads\/2024\/07\/1721736086910a.jpg\"><img loading=\"lazy\" decoding=\"async\" class=\" wp-image-3898 alignnone\" src=\"http:\/\/solidarnosc.pk.edu.pl\/wp-content\/uploads\/2024\/07\/1721736086910a-473x1024.jpg\" alt=\"wej\u015bcie od strony zachodniej do windy dla niepe\u0142nosprawnych - korytarz 1\" width=\"297\" height=\"643\" srcset=\"https:\/\/solidarnosc.pk.edu.pl\/wp-content\/uploads\/2024\/07\/1721736086910a-473x1024.jpg 473w, https:\/\/solidarnosc.pk.edu.pl\/wp-content\/uploads\/2024\/07\/1721736086910a-138x300.jpg 138w, https:\/\/solidarnosc.pk.edu.pl\/wp-content\/uploads\/2024\/07\/1721736086910a-768x1664.jpg 768w, https:\/\/solidarnosc.pk.edu.pl\/wp-content\/uploads\/2024\/07\/1721736086910a-709x1536.jpg 709w, https:\/\/solidarnosc.pk.edu.pl\/wp-content\/uploads\/2024\/07\/1721736086910a-945x2048.jpg 945w, https:\/\/solidarnosc.pk.edu.pl\/wp-content\/uploads\/2024\/07\/1721736086910a-92x200.jpg 92w, https:\/\/solidarnosc.pk.edu.pl\/wp-content\/uploads\/2024\/07\/1721736086910a.jpg 1154w\" sizes=\"auto, (max-width: 297px) 100vw, 297px\" \/><\/a><\/p>\n<p><em>Winda od wysokiego p\u00f3\u0142pi\u0119tra, Fot. Pawe\u0142 Szlachta<\/em><\/p>\n<p>&nbsp;<\/p>\n<p>&nbsp;<\/p>\n<p><strong>Informacje o miejscu i sposobie korzystania z miejsc parkingowych wyznaczonych dla os\u00f3b niepe\u0142nosprawnych<\/strong><\/p>\n<p>Miejsce parkingowe dla os\u00f3b niepe\u0142nosprawnych zlokalizowane jest we wschodniej cz\u0119\u015bci budynku (od strony parkingu kampusu. Wjazd na parking ogranicza szlaban przy, kt\u00f3rym znajduje si\u0119 portiernia (szlaban otwiera si\u0119 samoczynnie je\u015bli dana osoba posiada identyfikator PK, kt\u00f3ry mo\u017cna zakupi\u0107 w Dziale Eksploatacji PK przy ul. Warszawskiej 24).<\/p>\n<p><img loading=\"lazy\" decoding=\"async\" class=\"aligncenter wp-image-1410\" src=\"http:\/\/solidarnosc.pk.edu.pl\/wp-content\/uploads\/2021\/03\/1615551656587a.jpg\" alt=\"G\u0142\u00f3wne wej\u015bcie do budynku\" width=\"783\" height=\"440\" srcset=\"https:\/\/solidarnosc.pk.edu.pl\/wp-content\/uploads\/2021\/03\/1615551656587a.jpg 1000w, https:\/\/solidarnosc.pk.edu.pl\/wp-content\/uploads\/2021\/03\/1615551656587a-300x169.jpg 300w, https:\/\/solidarnosc.pk.edu.pl\/wp-content\/uploads\/2021\/03\/1615551656587a-768x432.jpg 768w, https:\/\/solidarnosc.pk.edu.pl\/wp-content\/uploads\/2021\/03\/1615551656587a-534x300.jpg 534w\" sizes=\"auto, (max-width: 783px) 100vw, 783px\" \/><\/p>\n<p style=\"text-align: center;\"><em>2 miejsca parkingowe dla Niepe\u0142nosprawnych w pobli\u017cu g\u0142\u00f3wnego wej\u015bcia do budynku, Fot. Pawe\u0142 Szlachta<\/em><\/p>\n<p><strong>INFORMACJE DODATKOWE I INNE O\u015aWIADCZENIA<\/strong><\/p>\n<p>&nbsp;<\/p>\n<p><strong>Informacje o mo\u017cliwo\u015bci skorzystania z t\u0142umacza j\u0119zyka migowego na miejscu lub online<\/strong><\/p>\n<p>W przypadku potrzeby skorzystania z t\u0142umacza j\u0119zyka migowego na miejscu lub online nale\u017cy skontaktowa\u0107 si\u0119 z Biurem ds. Os\u00f3b Niepe\u0142nosprawnych:<\/p>\n<ul>\n<li>Jan Ortyl, pe\u0142nomocnik ds. Os\u00f3b Niepe\u0142nosprawnych na Politechnice Krakowskiej.<\/li>\n<\/ul>\n<ul>\n<li>E-mail:&nbsp;<a href=\"mailto:ortyj@interia.pl\">ortylj@interia.pl<\/a><\/li>\n<li>Telefon: +48 506 285&nbsp;397 &nbsp;&nbsp;&nbsp;&nbsp;&nbsp;&nbsp;&nbsp;&nbsp;&nbsp;<\/li>\n<\/ul>\n","protected":false},"excerpt":{"rendered":"<p>DEKLARACJA DOST\u0118PNO\u015aCI &nbsp; NSZZ Solidarno\u015b\u0107 Politechniki Krakowskiej im. Tadeusza Ko\u015bciuszki w Krakowie &nbsp;zobowi\u0105zuje si\u0119 zapewni\u0107 &hellip;<\/p>\n","protected":false},"author":1,"featured_media":0,"parent":0,"menu_order":0,"comment_status":"closed","ping_status":"closed","template":"","meta":{"ngg_post_thumbnail":0,"_mc_calendar":[],"footnotes":""},"class_list":["post-1406","page","type-page","status-publish","hentry"],"_links":{"self":[{"href":"https:\/\/solidarnosc.pk.edu.pl\/index.php?rest_route=\/wp\/v2\/pages\/1406","targetHints":{"allow":["GET"]}}],"collection":[{"href":"https:\/\/solidarnosc.pk.edu.pl\/index.php?rest_route=\/wp\/v2\/pages"}],"about":[{"href":"https:\/\/solidarnosc.pk.edu.pl\/index.php?rest_route=\/wp\/v2\/types\/page"}],"author":[{"embeddable":true,"href":"https:\/\/solidarnosc.pk.edu.pl\/index.php?rest_route=\/wp\/v2\/users\/1"}],"replies":[{"embeddable":true,"href":"https:\/\/solidarnosc.pk.edu.pl\/index.php?rest_route=%2Fwp%2Fv2%2Fcomments&post=1406"}],"version-history":[{"count":17,"href":"https:\/\/solidarnosc.pk.edu.pl\/index.php?rest_route=\/wp\/v2\/pages\/1406\/revisions"}],"predecessor-version":[{"id":3913,"href":"https:\/\/solidarnosc.pk.edu.pl\/index.php?rest_route=\/wp\/v2\/pages\/1406\/revisions\/3913"}],"wp:attachment":[{"href":"https:\/\/solidarnosc.pk.edu.pl\/index.php?rest_route=%2Fwp%2Fv2%2Fmedia&parent=1406"}],"curies":[{"name":"wp","href":"https:\/\/api.w.org\/{rel}","templated":true}]}}