{"id":1339,"date":"2021-02-26T10:34:12","date_gmt":"2021-02-26T09:34:12","guid":{"rendered":"http:\/\/solidarnosc.pk.edu.pl\/?page_id=1339"},"modified":"2021-02-26T10:34:38","modified_gmt":"2021-02-26T09:34:38","slug":"pogrzeb-mieczyslawa-pieronka","status":"publish","type":"page","link":"https:\/\/solidarnosc.pk.edu.pl\/?page_id=1339","title":{"rendered":"Pogrzeb Mieczys\u0142awa Pieronka"},"content":{"rendered":"<p>25.02.2021r. odby\u0142 si\u0119 pogrzeb \u015aw. P. Mieczys\u0142awa Pieronka (88 lat) , cz\u0142onka Komitetu Za\u0142o\u017cycielskiego i dzia\u0142acza NSZZ &#8222;Solidarno\u015b\u0107&#8221; Politechniki Krakowskiej oraz wiceprzewodnicz\u0105cego Komisji Zak\u0142adowej, w ko\u015bciele parafialnym w Radziechowach k. \u017bywca.<\/p>\nngg_shortcode_0_placeholder\n<p style=\"text-align: center;\">Fot. Jacek Wojs<\/p>\n","protected":false},"excerpt":{"rendered":"<p>25.02.2021r. odby\u0142 si\u0119 pogrzeb \u015aw. P. Mieczys\u0142awa Pieronka (88 lat) , cz\u0142onka Komitetu Za\u0142o\u017cycielskiego i &hellip;<\/p>\n","protected":false},"author":1,"featured_media":0,"parent":0,"menu_order":0,"comment_status":"closed","ping_status":"closed","template":"","meta":{"ngg_post_thumbnail":0,"_mc_calendar":[],"footnotes":""},"class_list":["post-1339","page","type-page","status-publish","hentry"],"_links":{"self":[{"href":"https:\/\/solidarnosc.pk.edu.pl\/index.php?rest_route=\/wp\/v2\/pages\/1339","targetHints":{"allow":["GET"]}}],"collection":[{"href":"https:\/\/solidarnosc.pk.edu.pl\/index.php?rest_route=\/wp\/v2\/pages"}],"about":[{"href":"https:\/\/solidarnosc.pk.edu.pl\/index.php?rest_route=\/wp\/v2\/types\/page"}],"author":[{"embeddable":true,"href":"https:\/\/solidarnosc.pk.edu.pl\/index.php?rest_route=\/wp\/v2\/users\/1"}],"replies":[{"embeddable":true,"href":"https:\/\/solidarnosc.pk.edu.pl\/index.php?rest_route=%2Fwp%2Fv2%2Fcomments&post=1339"}],"version-history":[{"count":2,"href":"https:\/\/solidarnosc.pk.edu.pl\/index.php?rest_route=\/wp\/v2\/pages\/1339\/revisions"}],"predecessor-version":[{"id":1341,"href":"https:\/\/solidarnosc.pk.edu.pl\/index.php?rest_route=\/wp\/v2\/pages\/1339\/revisions\/1341"}],"wp:attachment":[{"href":"https:\/\/solidarnosc.pk.edu.pl\/index.php?rest_route=%2Fwp%2Fv2%2Fmedia&parent=1339"}],"curies":[{"name":"wp","href":"https:\/\/api.w.org\/{rel}","templated":true}]}}