{"id":1220,"date":"2020-09-02T17:50:26","date_gmt":"2020-09-02T15:50:26","guid":{"rendered":"http:\/\/solidarnosc.pk.edu.pl\/?page_id=1220"},"modified":"2021-03-27T17:32:21","modified_gmt":"2021-03-27T16:32:21","slug":"40-rocznica-powstania-solidarnosci","status":"publish","type":"page","link":"https:\/\/solidarnosc.pk.edu.pl\/?page_id=1220","title":{"rendered":"40-rocznica podpisania porozumie\u0144 Sierpniowych"},"content":{"rendered":"<p><img loading=\"lazy\" decoding=\"async\" class=\"aligncenter wp-image-1221\" src=\"http:\/\/solidarnosc.pk.edu.pl\/wp-content\/uploads\/2020\/09\/sol40-800x400-1.png\" alt=\"\" width=\"294\" height=\"147\" srcset=\"https:\/\/solidarnosc.pk.edu.pl\/wp-content\/uploads\/2020\/09\/sol40-800x400-1.png 800w, https:\/\/solidarnosc.pk.edu.pl\/wp-content\/uploads\/2020\/09\/sol40-800x400-1-300x150.png 300w, https:\/\/solidarnosc.pk.edu.pl\/wp-content\/uploads\/2020\/09\/sol40-800x400-1-768x384.png 768w, https:\/\/solidarnosc.pk.edu.pl\/wp-content\/uploads\/2020\/09\/sol40-800x400-1-600x300.png 600w\" sizes=\"auto, (max-width: 294px) 100vw, 294px\" \/><\/p>\n<p style=\"text-align: center;\"><strong>Rio de Janeiro, Delhi, Los Angeles, Wiede\u0144, Belgrad &#8211; mi\u0119dzy innymi w tych miastach upami\u0119tniono w niedziel\u0119 40. rocznic\u0119 powstania NSZZ &#8222;Solidarno\u015b\u0107&#8221;.&nbsp;<\/strong><\/p>\nngg_shortcode_0_placeholder\n<p style=\"text-align: center;\">Fot. twitter\/PLnoBrasil, twitter.com\/PLInst_Wien, twitter.com\/abhishekjha157<\/p>\n<p style=\"text-align: center;\"><strong>Kulminacyjnym punktem krakowskich obchod\u00f3w podpisania Porozumie\u0144 Sierpniowych by\u0142a uroczysta Msza \u015aw. w Katedrze na Wawelu oraz z\u0142o\u017cenie kwiat\u00f3w pod Krzy\u017cem Katy\u0144skim.<\/strong><\/p>\n<p style=\"text-align: center;\">Fot. Jacek Wojs<\/p>\nngg_shortcode_1_placeholder\n<p style=\"text-align: center;\">&nbsp;<\/p>\n","protected":false},"excerpt":{"rendered":"<p>Rio de Janeiro, Delhi, Los Angeles, Wiede\u0144, Belgrad &#8211; mi\u0119dzy innymi w tych miastach upami\u0119tniono &hellip;<\/p>\n","protected":false},"author":1,"featured_media":0,"parent":0,"menu_order":0,"comment_status":"closed","ping_status":"closed","template":"","meta":{"ngg_post_thumbnail":0,"_mc_calendar":[],"footnotes":""},"class_list":["post-1220","page","type-page","status-publish","hentry"],"_links":{"self":[{"href":"https:\/\/solidarnosc.pk.edu.pl\/index.php?rest_route=\/wp\/v2\/pages\/1220","targetHints":{"allow":["GET"]}}],"collection":[{"href":"https:\/\/solidarnosc.pk.edu.pl\/index.php?rest_route=\/wp\/v2\/pages"}],"about":[{"href":"https:\/\/solidarnosc.pk.edu.pl\/index.php?rest_route=\/wp\/v2\/types\/page"}],"author":[{"embeddable":true,"href":"https:\/\/solidarnosc.pk.edu.pl\/index.php?rest_route=\/wp\/v2\/users\/1"}],"replies":[{"embeddable":true,"href":"https:\/\/solidarnosc.pk.edu.pl\/index.php?rest_route=%2Fwp%2Fv2%2Fcomments&post=1220"}],"version-history":[{"count":8,"href":"https:\/\/solidarnosc.pk.edu.pl\/index.php?rest_route=\/wp\/v2\/pages\/1220\/revisions"}],"predecessor-version":[{"id":1274,"href":"https:\/\/solidarnosc.pk.edu.pl\/index.php?rest_route=\/wp\/v2\/pages\/1220\/revisions\/1274"}],"wp:attachment":[{"href":"https:\/\/solidarnosc.pk.edu.pl\/index.php?rest_route=%2Fwp%2Fv2%2Fmedia&parent=1220"}],"curies":[{"name":"wp","href":"https:\/\/api.w.org\/{rel}","templated":true}]}}