{"id":12,"date":"2018-03-30T21:27:10","date_gmt":"2018-03-30T19:27:10","guid":{"rendered":"http:\/\/149.156.151.90\/~nszzpk\/?page_id=12"},"modified":"2018-06-29T09:36:49","modified_gmt":"2018-06-29T07:36:49","slug":"o-nas","status":"publish","type":"page","link":"https:\/\/solidarnosc.pk.edu.pl\/?page_id=12","title":{"rendered":"O NAS"},"content":{"rendered":"<h3 style=\"text-align: center;\">NSZZ &#8222;Solidarno\u015b\u0107&#8221; Politechniki Krakowskiej<\/h3>\n<p style=\"text-align: left;\">\nNiezale\u017cny Samorz\u0105dny Zwi\u0105zek Zawodowy &#8222;Solidarno\u015b\u0107&#8221; powsta\u0142 w&nbsp;sierpniu 1980 roku jako antykomunistyczny ruch spo\u0142eczny stawiaj\u0105cy sobie za cel suwerenno\u015b\u0107 i niepodleg\u0142o\u015b\u0107 pa\u0144stwa polskiego, zbudowanego na zasadach demokratycznych oraz ochron\u0119 wolno\u015bci cz\u0142owieka. Opr\u00f3cz wymienionych wy\u017cej cel\u00f3w narodowych i spo\u0142ecznych NSZZ &#8222;Solidarno\u015b\u0107&#8221; jako zwi\u0105zek zawodowy stawia sobie, od pocz\u0105tku swego dzia\u0142ania, jako podstawowe zadanie ochron\u0119 interes\u00f3w pracownik\u00f3w a wi\u0119c dzia\u0142anie na rzecz podnoszenia jako\u015bci i poziomu materialnego ich \u017cycia. W zakresie praw kt\u00f3rych obron\u0119 zak\u0142ada Statut i Program NSZZ &#8222;Solidarno\u015b\u0107&#8221; mieszcz\u0105 si\u0119 postanowienia Europejskiej Karty Spo\u0142ecznej (European Social Charter) przyj\u0119tej 12.10.1961 roku przez Rad\u0119 Europy i uzupe\u0142nionej protoko\u0142em dodatkowym z 5.05.1988 roku.<\/p>\n<p>Podstaw\u0105 ustalania strategii i taktyki NSZZ &#8222;Solidarno\u015b\u0107&#8221; jest spo\u0142eczna nauka Ko\u015bcio\u0142a. Oznacza to, \u017ce relacje mi\u0119dzy pracownikami a pracodawcami mog\u0105 i powinny mie\u0107 charakter, partnerski okre\u015blony wsp\u00f3lnot\u0105 podstawowego dobra jakim jest pomy\u015blny rozw\u00f3j zak\u0142adu pracy. \u0179r\u00f3d\u0142em konflikt\u00f3w mi\u0119dzy pracownikami a pracodawc\u0105 nie jest konieczna sprzeczno\u015b\u0107 interes\u00f3w lecz spos\u00f3b rozumienia wsp\u00f3lnego celu i wyb\u00f3r \u015brodk\u00f3w prowadz\u0105cych do jego osi\u0105gni\u0119cia. Celem NSZZ &#8222;Solidarno\u015b\u0107&#8221; jest wypracowanie i upowszechnienie takich mechanizm\u00f3w reguluj\u0105cych kontakty mi\u0119dzy zwi\u0105zkami zawodowymi, pracodawc\u0105 i pa\u0144stwem, kt\u00f3re zagwarantuj\u0105 poszanowanie interes\u00f3w stron. Stworzy to warunki do rozwoju gospodarczego, kt\u00f3ry wymaga zagwarantowania podmiotowo\u015bci spo\u0142ecze\u0144stwa co wed\u0142ug s\u0142\u00f3w Ojca \u015awi\u0119tego Jana Paw\u0142a II zaistnieje w\u00f3wczas&nbsp;&#8222;gdy ka\u017cdy na podstawie swej pracy b\u0119dzie m\u00f3g\u0142 uwa\u017ca\u0107 siebie r\u00f3wnocze\u015bnie za wsp\u00f3\u0142gospodarza wielkiego warsztatu pracy przy kt\u00f3rym pracuje wraz ze wszystkimi&#8221;&nbsp;(Encyklika &#8222;Laborem exercens&#8221;, 14).<\/p>\n<h3 style=\"text-align: center;\">POCZ\u0104TEK DZIA\u0141ALNO\u015aCI<\/h3>\n<p>NSZZ &#8222;Solidarno\u015b\u0107&#8221; powsta\u0142 w Politechnice Krakowskiej w ramach og\u00f3lnokrajowego zrywu solidarno\u015bciowego we wrze\u015bniu 1980 roku. Zacz\u0119\u0142y w\u00f3wczas powstawa\u0107 ko\u0142a zwi\u0105zkowe na wydzia\u0142ach i w instytutach uczelni &#8211; pierwsze 14 wrze\u015bnia na Wydziale In\u017cynierii Sanitarnej i Wodnej. 29 wrze\u015bnia ukonstytuowa\u0142 si\u0119 Uczelniany Komitet Za\u0142o\u017cycielski NSZZ &#8222;Solidarno\u015b\u0107&#8221; PK w&nbsp;sk\u0142adzie: przewodnicz\u0105cy Wiktor Gogoli\u0144ski; vice-przewodnicz\u0105cy Jacek Skrzypek; vice-przewodnicz\u0105cy Janusz Zaj\u0119cki oraz cz\u0142onkowie &#8211; przewodnicz\u0105cy komitet\u00f3w wydzia\u0142owych i innych jednostek organizacyjnych. W pocz\u0105tkach pa\u017adziernika zarejestrowano w Mi\u0119dzyzak\u0142adowym Komitecie Za\u0142o\u017cycielskim Uczelnian\u0105 Komisj\u0119 Zak\u0142adow\u0105 PK. W dniu 15 pa\u017adziernika 1980 roku zawarte zosta\u0142o porozumienie z Rektorem PK w&nbsp;sprawie zasad i&nbsp;warunk\u00f3w dzia\u0142ania nowego Zwi\u0105zku w Uczelni. Porozumienie to okre\u015bla\u0142o zasady wsp\u00f3\u0142dzia\u0142ania Zwi\u0105zku z w\u0142adzami Uczelni i&nbsp;uczestnictwa przedstawicieli Zwi\u0105zku w cia\u0142ach Kolegialnych.<\/p>\n<p>I Walne Zebranie Delegat\u00f3w NSZZ &#8222;Solidarno\u015b\u0107&#8221; w PK odby\u0142o si\u0119 13&nbsp;grudnia 1980 roku. Przyj\u0119to sprawozdanie Uczelnianego Komitetu Za\u0142o\u017cycielskiego, okre\u015blono struktur\u0119 Organizacji Zak\u0142adowej, wybrano przewodnicz\u0105cego Komisji Zak\u0142adowej kt\u00f3rym zosta\u0142 Wiktor Gogoli\u0144ski, i&nbsp;cz\u0142onk\u00f3w Komisji Zak\u0142adowej oraz Komisji Rewizyjnej, uchwalono Deklaracj\u0119 Programow\u0105.<\/p>\n<p>II Nadzwyczajne Walne Zebranie Delegat\u00f3w NSZZ &#8222;Solidarno\u015b\u0107&#8221; w PK 16 maja 1981 roku na przewodnicz\u0105cego Komisji Zak\u0142adowej wybra\u0142o Jacka Skrzypka.<\/p>\n<p>W okresie od pierwszego Walnego Zebrania Delegat\u00f3w do stanu wojennego &#8222;Solidarno\u015b\u0107&#8221; PK prowadzi\u0142a bardzo aktywn\u0105 i zakrojon\u0105 na szerok\u0105 skal\u0119 dzia\u0142alno\u015b\u0107 zwi\u0105zkow\u0105 jak i spo\u0142eczn\u0105 wyst\u0119puj\u0105c w obronie praw pracowniczych i obywatelskich. Intensywnie dzia\u0142a\u0142y mi\u0119dzy innymi sekcje: programowa, interwencji oraz informacji, kt\u00f3ra wydawa\u0142a pocz\u0105tkowo pisemko DdJ a p\u00f3\u017aniej biuletyn informacyjny.<\/p>\n<p>12 grudnia 1981 roku odbywa\u0142a si\u0119 w Politechnice Krakowskiej I tura III WZD NSZZ &#8222;Solidarno\u015b\u0107&#8221;. Przedstawiono szeroko zarysowany projekt Programu Dzia\u0142ania Organizacji Zak\u0142adowej. Nie doko\u0144czono jednak dyskusji programowej?<\/p>\n<h3 style=\"text-align: center;\">OKRES DZIA\u0141ALNO\u015aCI NIEJAWNEJ<\/h3>\n<p>W nocy z 12\/13 grudnia dzia\u0142alno\u015b\u0107 Zwi\u0105zku zosta\u0142a brutalnie przerwana przez wprowadzenie w naszym Kraju stanu wojennego i zwi\u0105zan\u0105 z tym delegalizacj\u0119 NSZZ &#8222;Solidarno\u015b\u0107&#8221;. W tej nowej sytuacji politycznej, w dniu 14.12.1981 odby\u0142o si\u0119 posiedzenie Komisji Zak\u0142adowej po\u015bwi\u0119cone likwidacji sekretariatu KZ, ukryciu materia\u0142\u00f3w zwi\u0105zkowych oraz podj\u0119ciu decyzji o&nbsp;przej\u015bciu do dzia\u0142alno\u015bci podziemnej. Kierowanie Zwi\u0105zkiem na Politechnice przekazano Komisji Rewizyjnej.<\/p>\n<p>Cz\u0142onkowie NSZZ &#8222;Solidarno\u015b\u0107&#8221; PK w pierwszych dniach stanu wojennego aktywnie wspierali zak\u0142ady pracy, kt\u00f3re przyst\u0105pi\u0142y do strajk\u00f3w okupacyjnych. Prowadzono nasilon\u0105 dzia\u0142alno\u015b\u0107 informacyjn\u0105, zorganizowano sie\u0107 informacyjn\u0105 obejmuj\u0105c\u0105 nie tylko Politechnik\u0119 Krakowsk\u0105 ale przekazywano r\u00f3wnie\u017c informacje do wytypowanych zak\u0142ad\u00f3w pracy. Niesiono pomoc rodzinom internowanych i wi\u0119zionych dzia\u0142aczy zwi\u0105zkowych. Prowadzono dystrybucj\u0119 dar\u00f3w zagranicznych w parafii w Bie\u0144czycach. Podejmowano interwencje w sprawie aresztowanych student\u00f3w.<\/p>\n<p>Prze\u0142omowym zdarzeniem dla dzia\u0142alno\u015bci Zwi\u0105zku w Uczelni by\u0142o zebranie przedstawicieli k\u00f3\u0142 z r\u00f3\u017cnych wydzia\u0142\u00f3w i jednostek PK w budynku parafialnym Ko\u015bcio\u0142a \u015bw. Miko\u0142aja przy ul. Kopernika. Powo\u0142ano wtedy zesp\u00f3\u0142 koordynacyjny kt\u00f3ry organizowa\u0142 i kierowa\u0142 dzia\u0142aniem NSZZ &#8222;Solidarno\u015b\u0107&#8221; na PK. Zespo\u0142em kierowa\u0142 Zenon Waszczyszyn, zast\u0119pc\u0105 by\u0142 Jan Grabacki. W&nbsp;sk\u0142ad zespo\u0142u (wymienieni w porz\u0105dku alfabetycznym) wchodzili:<\/p>\n<p>Leszek Demkowicz, Ludwik G\u00f3rski, Wies\u0142aw Glos, Jan Grabacki, Stanis\u0142aw Karczmarczyk, Irena \u0141azarska, Henryk Pachla, Andrzej Potocki, Jan Radzikowski, Andrzej Romaniszyn, Marek Stodulski, Bo\u017cena Suchanek, Andrzej Tomana, Zenon Waszczyszyn, Hanna Witkowska, Czes\u0142aw Wilczy\u0144ski, Adam Wo\u0142oszyn, Piotr Wzorek, Janusz Zaj\u0119cki, Jadwiga Zborowska, Leszek Zieli\u0144ski.<\/p>\n<p>Cz\u0142onkowie Zwi\u0105zku bardzo aktywnie w\u0142\u0105czyli si\u0119 w wybory prof. R.&nbsp;Ciesielskiego do Rady G\u0142\u00f3wnej Szkolnictwa Wy\u017cszego (Prof. Ciesielski zosta\u0142 przewodnicz\u0105cym Rady).<\/p>\n<p>Zorganizowanie pieszej pielgrzymki do Rzymu w 1983 roku zaowocowa\u0142o sta\u0142\u0105 wsp\u00f3\u0142prac\u0105 z ks. K. Jancarzem z Mistrzejowic.<\/p>\n<p>Od 1984 roku rozpocz\u0119\u0142y si\u0119 regularne spotkania Zespo\u0142u koordynacyjnego w budynku parafialnym Ko\u015bcio\u0142a \u015bw. Floriana przy ul. Warszawskiej. Tam te\u017c zosta\u0142a zorganizowana Wsp\u00f3lnota Politechniki Krakowskiej, kt\u00f3ra mi\u0119dzy innymi organizowa\u0142a spotkania dyskusyjne z&nbsp;udzia\u0142em wybitnych przedstawicieli \u015bwiata kultury, polityki, nauki.<\/p>\n<p>W roku 1985 powsta\u0142a Krakowska Wsp\u00f3lnota Akademicka a mi\u0119dzy innymi dzi\u0119ki \u017cyczliwej opiece OO. Misjonarzy przy Ko\u015bciele pod wezwaniem Matki Boskiej z Lourdes rozkwit\u0142a bogata dzia\u0142alno\u015b\u0107 kulturalna i o\u015bwiatowa. Dyskusje, spotkania ze znanymi tw\u00f3rcami, wystawy, filmy wideo, wreszcie cykle wyk\u0142ad\u00f3w na temat politologii, historii najnowszej, literatury emigracyjnej, problem\u00f3w ekologii i ochrony zdrowia, astrofizyki i kosmologii gromadzi\u0142y setki s\u0142uchaczy. Przewodnicz\u0105cym Rady Spo\u0142ecznej KWA by\u0142 Zenon Waszczyszyn a w Zespole Wykonawczym Politechnik\u0119 reprezentowa\u0142 Jan Grabacki.<\/p>\n<p>W intensyfikuj\u0105cej si\u0119 dzia\u0142alno\u015bci Og\u00f3lnopolskiej Komisji Porozumiewawczej Nauki reprezentowa\u0142 nas Ludwik G\u00f3rski.<\/p>\n<p>Dzia\u0142alno\u015b\u0107 zwi\u0105zkowa nabiera\u0142a coraz wi\u0119kszego rozmachu, intensyfikowa\u0142y si\u0119 kontakty z dzia\u0142aj\u0105cymi i powstaj\u0105cymi na nowo ogniwami struktur &#8222;Solidarno\u015bci&#8221; zar\u00f3wno w Krakowie jak i w innych miastach Polski.<\/p>\n<p>W pa\u017adzierniku 1988 roku powsta\u0142 Komitet przygotowuj\u0105cy powr\u00f3t do legalnej dzia\u0142alno\u015bci NSZZ &#8222;Solidarno\u015b\u0107&#8221; w PK, kt\u00f3ry na pocz\u0105tku 1989 przekszta\u0142ci\u0142 si\u0119 w&nbsp;Tymczasow\u0105 Komisj\u0119 Zak\u0142adow\u0105 NSZZ &#8222;Solidarno\u015b\u0107&#8221;. 23 maja 1989 roku odby\u0142o si\u0119 Walne Zebranie Delegat\u00f3w NSZZ &#8222;Solidarno\u015b\u0107&#8221; Politechniki Krakowskiej, potraktowano je jako II tur\u0119 WZD z 12 grudnia 1981 roku.<\/p>\n<h3 style=\"text-align: center;\">OKRES OBECNY<\/h3>\n<h4 style=\"text-align: center;\">\n<strong>I. Struktura Organizacji Zak\u0142adowej NSZZ &#8222;Solidarno\u015b\u0107&#8221; PK.<\/strong><\/h4>\n<p>Po wznowieniu legalnej dzia\u0142alno\u015bci w maju 1989 roku Organizacja Zak\u0142adowa NSZZ &#8222;Solidarno\u015b\u0107&#8221; Politechniki Krakowskiej skupi\u0142a w swych szeregach znaczn\u0105 cz\u0119\u015b\u0107 pracownik\u00f3w uczelni. Dzia\u0142alno\u015bci\u0105 Zwi\u0105zku kieruje Komisja Zak\u0142adowa, na czele kt\u00f3rej stoi Przewodnicz\u0105cy. Funkcj\u0119 t\u0105 w ca\u0142ym tym okresie, w trakcie kolejnych trzech kadencji pe\u0142ni kol. Czes\u0142aw Wilczy\u0144ski. Komisja Zak\u0142adowa spotyka si\u0119 mniej wi\u0119cej jeden raz w miesi\u0105cu podejmuj\u0105c najwa\u017cniejsze kierunkowe decyzje. Cia\u0142em wykonawczym jest Prezydium Komisji Zak\u0142adowej, kt\u00f3re spotykaj\u0105c si\u0119 regularnie podejmuje i rozwi\u0105zuje wi\u0119kszo\u015b\u0107 bie\u017c\u0105cych zada\u0144 stoj\u0105cych przed Zwi\u0105zkiem.<\/p>\n<p>Najwy\u017csz\u0105 w\u0142adz\u0105 Organizacji Zak\u0142adowej jest Walne Zebranie Delegat\u00f3w NSZZ &#8222;Solidarno\u015b\u0107&#8221; Politechniki Krakowskiej, zbieraj\u0105ce si\u0119 zwykle jeden raz w&nbsp;roku. Jego podstawowymi zadaniami s\u0105: wytyczanie strategicznych kierunk\u00f3w dzia\u0142a\u0144 Zwi\u0105zku na terenie Politechniki Krakowskiej, ocena pracy Komisji Zak\u0142adowej oraz wyb\u00f3r w\u0142adz Zwi\u0105zku.<\/p>\n<p>Funkcje kontrolne w stosunku do dzia\u0142a\u0144 Komisji Zak\u0142adowej realizuje Zak\u0142adowa Komisja Rewizyjna, wybierana przez Zak\u0142adowe Walne Zebranie Delegat\u00f3w.<\/p>\n<h4 style=\"text-align: center;\">II. Dzia\u0142alno\u015b\u0107 NSZZ &#8222;Solidarno\u015b\u0107&#8221; na terenie Politechniki Krakowskiej<\/h4>\n<p>Podstawowym zadaniem NSZZ &#8222;Solidarno\u015b\u0107&#8221; jako zwi\u0105zku zawodowego dzia\u0142aj\u0105cego na terenie Politechniki Krakowskiej, jest reprezentowanie interes\u00f3w pracownik\u00f3w &#8211; cz\u0142onk\u00f3w Zwi\u0105zku wobec pracodawcy, co rozumie\u0107 nale\u017cy przede wszystkim jako negocjacje dotycz\u0105ce warunk\u00f3w p\u0142acy i&nbsp;zatrudnienia. Realizacja tych zada\u0144 by\u0142a w omawianym okresie trudna w&nbsp;zwi\u0105zku ze znacznym spadkiem (szczeg\u00f3lnie od roku 1993) poziomu finansowania uczelni przez Ministerstwo Edukacji Narodowej. Zasadniczym instrumentem dzia\u0142a\u0144 w tej dziedzinie by\u0142o zawieranie z JM Rektorem PK porozumie\u0144 p\u0142acowych oraz negocjowanie Zak\u0142adowego Regulaminu Premiowego. Wobec dramatycznej sytuacji finansowej, realizacja wielu s\u0142usznych oczekiwa\u0144 p\u0142yn\u0105cych z jednej strony od pracownik\u00f3w a z drugiej od w\u0142adz uczelni by\u0142a po prostu niemo\u017cliwa. W tych warunkach za pewien sukces uzna\u0107 mo\u017cna to, \u017ce dzi\u0119ki pewnemu samoograniczeniu si\u0119 negocjuj\u0105cych stron, uda\u0142o si\u0119 unikn\u0105\u0107 otwartego konfliktu. W przypadku Zwi\u0105zku by\u0142o to mo\u017cliwe dzi\u0119ki przyj\u0119ciu p\u0142yn\u0105cego ze spo\u0142ecznej nauki Ko\u015bcio\u0142a Katolickiego, modelu zwi\u0105zku wsp\u00f3\u0142zarz\u0105dzaj\u0105cego, a co za tym idzie, przyjmuj\u0105cego cz\u0119\u015bciow\u0105 wsp\u00f3\u0142odpowiedzialno\u015b\u0107 za zak\u0142ad pracy. Z takiej filozofii my\u015blenia wyp\u0142ywa\u0142 wsp\u00f3\u0142udzia\u0142 &#8222;Solidarno\u015bci&#8221; w tworzeniu Statutu PK, systemu ocen nauczycieli akademickich, Regulaminu Nagr\u00f3d i tym podobnych uregulowa\u0144, czy zainicjowana ostatnio przez Zwi\u0105zek reforma wewn\u0119trznej struktury finansowania Uczelni.<\/p>\n<p>Poprzez udzia\u0142 swoich przedstawicieli w r\u00f3\u017cnego rodzaju wewn\u0119trznych organach przedstawicielskich Politechniki Krakowskiej a tak\u017ce og\u00f3lnej w&nbsp;&#8222;\u017cyciu&#8221; naszej uczelni Zwi\u0105zek stara\u0142 si\u0119 dzia\u0142a\u0107 dla dobra og\u00f3\u0142u pracownik\u00f3w oraz swoich cz\u0142onk\u00f3w jak r\u00f3wnie\u017c kszta\u0142towa\u0107 pogl\u0105dy i&nbsp;wewn\u0119trzne uregulowania ju\u017c na etapie ich formu\u0142owania. Dzia\u0142ania tego rodzaju by\u0142y tre\u015bci\u0105 codziennej aktywno\u015bci Komisji Zak\u0142adowej i nie spos\u00f3b ich wszystkich wymieni\u0107. Poni\u017cej zestawiono tylko niekt\u00f3re z&nbsp;nich:<\/p>\n<p>Uczestnictwo w Senacie, Radach Wydzia\u0142\u00f3w i Kolegiach Rektorskim, dzieka\u0144skich, Instytutowych<\/p>\n<p>Udzia\u0142 w Komisjach Senackich i Rektorskich<\/p>\n<p>Udzia\u0142 w innych cia\u0142ach kolegialnych, jak np.: Komisja Pojednawcza, Rada Biblioteczna, itp.<\/p>\n<p>Udzia\u0142 w opiniowaniu zmian w ustawach dotycz\u0105cych szkolnictwa wy\u017cszego<\/p>\n<p>Udzia\u0142 w komisjach przetargowych &#8211; kontrola procesu decyzyjnego i pr\u00f3ba wp\u0142ywania na podejmowanie korzystnych dla uczelni decyzji.<\/p>\n<p>Klub Pracownik\u00f3w PK i Galeria &#8222;Gil&#8221; &#8211; starali\u015bmy si\u0119 wspiera\u0107 funkcjonowanie tych instytucji sprzeciwiaj\u0105c si\u0119 tendencjom do ich likwidacji ze strony w\u0142adz uczelni. Nasze dzia\u0142ania zako\u0144czy\u0142y si\u0119 po\u0142owicznym sukcesem &#8211; klub i Galeria nadal funkcjonuj\u0105, ale w nowym miejscu.<\/p>\n<p>Wyb\u00f3r naszego kandydata na Spo\u0142ecznego Inspektora Pracy (kol. J. Prz\u0119dzik)<\/p>\n<p>Doprowadzenie do uporz\u0105dkowania funkcjonowania Pracowniczej Kasy Zapomogowo &#8211; Po\u017cyczkowej (przeprowadzenie niezb\u0119dnych wybor\u00f3w w\u0142adz Kasy, uchwalenie statutu)<\/p>\n<p>Wsp\u00f3\u0142udzia\u0142 w opracowaniu trybu i kryteri\u00f3w oceny pracownik\u00f3w naukowo &#8211; dydaktycznych i dydaktycznych oraz udzia\u0142 w procesie odwo\u0142a\u0144 od ocen.<\/p>\n<p>W\u015br\u00f3d spraw b\u0119d\u0105cych w kr\u0119gu zainteresowa\u0144 Komisji Zak\u0142adowej NSZZ ?Solidarno\u015b\u0107? Politechniki Krakowskiej wymieni\u0107 nale\u017cy r\u00f3wnie\u017c problematyk\u0119 socjaln\u0105. Dzia\u0142alno\u015b\u0107 dotycz\u0105c\u0105 tego zakresu podzieli\u0107 mo\u017cna na dwa podobszary:<\/p>\n<p>wsp\u00f3\u0142gospodarowanie Zak\u0142adowym Funduszem \u015awiadcze\u0144 Socjalnych<\/p>\n<p>zapomogi losowe oraz zasi\u0142ki statutowe wyp\u0142acane ze \u015brodk\u00f3w w\u0142asnych.<\/p>\n<p>W ostatnim okresie Zwi\u0105zek opracowa\u0142 oraz uzgodni\u0142 z J.M. Rektorem PK oraz ZNP, nowy Regulamin Zak\u0142adowego Funduszu \u015awiadcze\u0144 Socjalnych. Zasadnicza strategia Zwi\u0105zku w tej dziedzinie sprowadza si\u0119 do ograniczania tzw. ?konsumpcji zbiorowej? na rzecz maksymalizacji kwot wyp\u0142acanych ka\u017cdemu pracownikowi PK w&nbsp;formie corocznych dop\u0142at do indywidualnie organizowanego wypoczynku. Takie podej\u015bcie wymaga\u0142o prze\u0142amania odmiennych zwyczaj\u00f3w zakorzenionych w&nbsp;minionym okresie.<\/p>\n<p>Trudno w tak kr\u00f3tkim opisie zawrze\u0107 pe\u0142en zakres dzia\u0142a\u0144 wewn\u0105trzuczelnianych Zwi\u0105zku, dlatego na koniec warto by\u0107 mo\u017ce jedynie has\u0142owo wymieni\u0107 najwa\u017cniejsze z tych, o kt\u00f3rych nie by\u0142o tutaj jeszcze mowy:<\/p>\n<p>zako\u0144czone sukcesem negocjacje z J.M. Rektorem PK na temat wykupu 50% zni\u017cki PKP dla wszystkich pracownik\u00f3w,<\/p>\n<p>dzia\u0142alno\u015b\u0107 charytatywna: wspieranie finansowe stowarzyszenia os\u00f3b niepe\u0142nosprawnych, zbi\u00f3rka dar\u00f3w dla Dom\u00f3w Dziecka, dla ofiar wojny na terenie by\u0142ej Jugos\u0142awii, pomoc ofiarom trz\u0119sienia ziemi w Armenii, pomoc dla student\u00f3w &#8211; Polak\u00f3w z teren\u00f3w by\u0142ego ZSRR, itp.,<\/p>\n<p>dzia\u0142alno\u015b\u0107 kulturalna &#8211; wykup kart promocyjnych: teatralnej i melomana<\/p>\n<p>dzia\u0142alno\u015b\u0107 sportowa &#8211; tenis i siatk\u00f3wka dla pracownik\u00f3w PK.<\/p>\n<h4 style=\"text-align: center;\">III. Dzia\u0142alno\u015b\u0107 wychodz\u0105ca na zewn\u0105trz Politechniki Krakowskiej<\/h4>\n<p><strong>Uczestnictwo w dzia\u0142aniach politycznych prowadzonych przez NSZZ &#8222;Solidarno\u015b\u0107&#8221; w skali Regionu Ma\u0142opolska lub ca\u0142ego kraju<\/strong><\/p>\n<p><strong>Wybory Parlamentarne 1989 roku<\/strong><br \/>\nKomisja Zak\u0142adowa oraz poszczeg\u00f3lni cz\u0142onkowie Zwi\u0105zku z naszej uczelni bardzo aktywnie w\u0142\u0105czyli si\u0119, w r\u00f3\u017cnych formach, w wybory parlamentarne 1989 roku, traktuj\u0105c je jako prze\u0142omowy moment w procesie odzyskiwania niepodleg\u0142o\u015bci i suwerenno\u015bci przez Polsk\u0119. Formy aktywno\u015bci by\u0142y tutaj bardzo r\u00f3\u017cnorodne, pocz\u0105wszy od gromadzenia funduszy wyborczych na rzecz Komitetu Obywatelskiego NSZZ &#8222;Solidarno\u015b\u0107&#8221;, poprzez rozklejanie plakat\u00f3w a\u017c do udzia\u0142u w Komisjach Wyborczych w charakterze przedstawicieli Komitetu Obywatelskiego. Nie spos\u00f3b w tym kontek\u015bcie nie wspomnie\u0107 o wyborze Profesora Romana Ciesielskiego na Senatora Rzeczpospolitej z listy Komitetu Obywatelskiego. Jego kandydatura zosta\u0142a zg\u0142oszona przez &#8222;Solidarno\u015b\u0107&#8221; Politechniki Krakowskiej.<\/p>\n<p><strong>Wybory Prezydenckie 1990 roku<\/strong><br \/>\nCzas tych wybor\u00f3w to czas wielkiej pr\u00f3by i podzia\u0142\u00f3w w ca\u0142ym Zwi\u0105zku na zwolennik\u00f3w Lecha Wa\u0142\u0119sy i Tadeusza Mazowieckiego. Komisja Zak\u0142adowa NSZZ &#8222;Solidarno\u015b\u0107&#8221; Politechniki Krakowskiej usi\u0142owa\u0142a w swych dzia\u0142aniach minimalizowa\u0107 negatywne skutki takiego podzia\u0142u. W gablotach zwi\u0105zkowych zgodnie wisia\u0142y obok plakaty obu kandydat\u00f3w na Prezydenta wywodz\u0105cych si\u0119 z &#8222;solidarno\u015bciowego pnia&#8221;.<\/p>\n<p><strong>Wybory Parlamentarne 1993 roku<\/strong><br \/>\nWobec braku mo\u017cliwo\u015bci znalezienia mo\u017cliwego do zaakceptowania dla zdecydowanej wi\u0119kszo\u015bci cz\u0142onk\u00f3w Zwi\u0105zku partnera koalicyjnego, NSZZ &#8222;Solidarno\u015b\u0107&#8221; zdecydowa\u0142a si\u0119 na samodzielny udzia\u0142 w wyborach. Komisja Zak\u0142adowa NSZZ &#8222;Solidarno\u015b\u0107&#8221; PK zaakceptowa\u0142a tak\u017ce stanowisko w\u0142adz krajowych Zwi\u0105zku i&nbsp;odpowiadaj\u0105c na apel Krajowego Zjazdu Delegat\u00f3w postanowi\u0142a dofinansowa\u0107 zwi\u0105zkowy fundusz wyborczy oraz wysun\u0105\u0107 w\u0142asnych kandydat\u00f3w na pos\u0142\u00f3w.<\/p>\n<p><strong>Wybory Samorz\u0105dowe<\/strong><br \/>\nKomisja Zak\u0142adowa aktywnie w\u0142\u0105czy\u0142a si\u0119 w wybory Samorz\u0105dowe w 1990 roku a pami\u0119taj\u0105c \u017ce wi\u0119kszo\u015b\u0107 cz\u0142onk\u00f3w Rady Miasta Krakowa mia\u0142a rekomendacj\u0119 Zwi\u0105zku, sprzeciwi\u0142a si\u0119 podejmowanym w 1992 roku pr\u00f3bom jej odwo\u0142ania. W wyborach samorz\u0105dowych 1994 roku KZ udzieli\u0142a poparcia li\u015bcie &#8222;Samorz\u0105dny Krak\u00f3w&#8221;, wspieranej przez Zarz\u0105d Regionu Ma\u0142opolska oraz wysun\u0119\u0142a w\u0142asnego kandydata na radnego.<\/p>\n<p><strong>Udzia\u0142 cz\u0142onk\u00f3w Organizacji Zak\u0142adowej NSZZ &#8222;Solidarno\u015b\u0107&#8221; Politechniki Krakowskiej w dzia\u0142alno\u015bci Zwi\u0105zku na szczeblu ponadzak\u0142adowym.<\/strong><\/p>\n<p>Wielu cz\u0142onk\u00f3w Organizacji Zak\u0142adowej stara si\u0119 s\u0142u\u017cy\u0107 Zwi\u0105zkowi dzia\u0142aj\u0105c w strukturach ponadzak\u0142adowych. Poni\u017cej zestawiono osoby, kt\u00f3re przejawia\u0142y tego rodzaju aktywno\u015b\u0107 w trakcie ostatniej kadencji (1992 &#8211; 1995)<\/p>\n<p><strong>Poziom krajowy<\/strong><\/p>\n<p>El\u017cbieta Chrzanowska -koordynator Komisji P\u0142acowej KSN dla \u015brodowiska krakowskiegoRyszard Mas\u0142owski -delegat na Zjazd Krajowy NSZZ &#8222;Solidarno\u015b\u0107&#8221;, vice przewodnicz\u0105cy Krajowej Komisji Rewizyjnej, przedstawiciel NSZZ &#8222;Solidarno\u015b&#8221; w Radzie Nadzorczej Polsko &#8211; Ameryka\u0144skiego Funduszu Przedsi\u0119biorczo\u015bciAnna Mitkowska -delegat na Zjazd Krajowy KSN<br \/>\nCzes\u0142aw Wilczy\u0144ski -delegat na Zjazd Krajowy NSZZ &#8222;Solidarno\u015b\u0107&#8221;, cz\u0142onek Zjazdowej Komisji Uchwa\u0142, cz\u0142onek Krajowej Komisji Statutowej<br \/>\nHanna Witkowska -delegat na Zjazd Krajowy KSN, cz\u0142onek Prezydium KSN, cz\u0142onek Komitetu Europejskiego &#8222;Education International&#8221;.<\/p>\n<p><strong>Poziom Regionalny<\/strong><br \/>\nRyszard Mas\u0142owski &#8211; delegat na Regionalne Walne Zebranie Delegat\u00f3w<br \/>\nCzes\u0142aw Wilczy\u0144ski &#8211; delegat na Regionalne Walne Zebranie Delegat\u00f3w, cz\u0142onek Prezydium Zarz\u0105du Regionu, Skarbnik Zarz\u0105du Regionu<br \/>\nJanusz Zaj\u0119cki &#8211; delegat na Regionalne Walne Zebranie Delegat\u00f3w<br \/>\nW dniach od 22 do 24 marca 1994 roku byli\u015bmy wsp\u00f3\u0142organizatorami Seminarium Polsko &#8211; Szwedzkiego :Zwi\u0105zki Zawodowe w Obliczu Przemian Szkolnictwa Wy\u017cszego w Szwecji i w Polsce.<\/p>\n<p><strong>Rzut oka na dzia\u0142alno\u015b\u0107 NSZZ &#8222;Solidarno\u015b\u0107&#8221; Politechniki Krakowskiej<\/strong><br \/>\n<strong>w latach 1989 &#8211; 95<\/strong><br \/>\nPr\u00f3buj\u0105c podsumowa\u0107 dzia\u0142alno\u015b\u0107 NSZZ &#8222;Solidarno\u015b\u0107&#8221; Politechniki Krakowskiej od 1989 roku do chwili obecnej nie spos\u00f3b nie odnie\u015b\u0107 si\u0119 do tego czym by\u0142a ona na pocz\u0105tku, czyli w 1980 roku. Wszyscy na og\u00f3\u0142 zgadzaj\u0105c si\u0119, \u017ce &#8222;Solidarno\u015b\u0107&#8221; by\u0142a w&nbsp;tym okresie przede wszystkim ogromnym, og\u00f3lnonarodowym ruchem spo\u0142ecznym na rzecz odzyskania niepodleg\u0142o\u015bci Polski, a dopiero w drugiej kolejno\u015bci zwi\u0105zkiem zawodowym. St\u0105d p\u0142yn\u0119\u0142a jej masowo\u015b\u0107 i wzgl\u0119dna sp\u00f3jno\u015b\u0107 wewn\u0119trzna. W tym sensie rok 1989, jako prze\u0142omowy dla realizacji zasadniczego celu jakim by\u0142o odzyskanie niepodleg\u0142o\u015bci, musia\u0142 sta\u0107 si\u0119 r\u00f3wnie\u017c prze\u0142omowym dla samej &#8222;Solidarno\u015bci&#8221;. Stan\u0119li\u015bmy wobec zadania zasadniczego przeformu\u0142owania priorytet\u00f3w z&nbsp;wysuni\u0119ciem zada\u0144 zwi\u0105zkowych na plan pierwszy i podporz\u0105dkowania im ewentualnych dzia\u0142a\u0144 spo\u0142eczno &#8211; politycznych. Do chwili obecnej Zwi\u0105zek jako ca\u0142o\u015b\u0107 zmaga si\u0119 z tym problemem. R\u00f3wnie\u017c Organizacja Zak\u0142adowa &#8222;Solidarno\u015bci&#8221; Politechniki Krakowskiej, w swojej skali, musia\u0142a radzi\u0107 sobie z&nbsp;tymi problemami. Przyjmuj\u0105c p\u0142yn\u0105cy ze spo\u0142ecznej nauki Ko\u015bcio\u0142a Katolickiego model partycypacyjny zwi\u0105zku zawodowego, kt\u00f3ry wsp\u00f3\u0142dzia\u0142a przy rozwi\u0105zywaniu problem\u00f3w zak\u0142adu pracy, starali\u015bmy si\u0119 sprosta\u0107 staj\u0105cym przed nami zadaniom, dla po\u017cytku naszych cz\u0142onk\u00f3w i ca\u0142ej Politechniki Krakowskiej.<\/p>\n","protected":false},"excerpt":{"rendered":"<p>NSZZ &#8222;Solidarno\u015b\u0107&#8221; Politechniki Krakowskiej Niezale\u017cny Samorz\u0105dny Zwi\u0105zek Zawodowy &#8222;Solidarno\u015b\u0107&#8221; powsta\u0142 w&nbsp;sierpniu 1980 roku jako antykomunistyczny &hellip;<\/p>\n","protected":false},"author":1,"featured_media":0,"parent":0,"menu_order":0,"comment_status":"closed","ping_status":"closed","template":"","meta":{"ngg_post_thumbnail":0,"_mc_calendar":[],"footnotes":""},"class_list":["post-12","page","type-page","status-publish","hentry"],"_links":{"self":[{"href":"https:\/\/solidarnosc.pk.edu.pl\/index.php?rest_route=\/wp\/v2\/pages\/12","targetHints":{"allow":["GET"]}}],"collection":[{"href":"https:\/\/solidarnosc.pk.edu.pl\/index.php?rest_route=\/wp\/v2\/pages"}],"about":[{"href":"https:\/\/solidarnosc.pk.edu.pl\/index.php?rest_route=\/wp\/v2\/types\/page"}],"author":[{"embeddable":true,"href":"https:\/\/solidarnosc.pk.edu.pl\/index.php?rest_route=\/wp\/v2\/users\/1"}],"replies":[{"embeddable":true,"href":"https:\/\/solidarnosc.pk.edu.pl\/index.php?rest_route=%2Fwp%2Fv2%2Fcomments&post=12"}],"version-history":[{"count":2,"href":"https:\/\/solidarnosc.pk.edu.pl\/index.php?rest_route=\/wp\/v2\/pages\/12\/revisions"}],"predecessor-version":[{"id":488,"href":"https:\/\/solidarnosc.pk.edu.pl\/index.php?rest_route=\/wp\/v2\/pages\/12\/revisions\/488"}],"wp:attachment":[{"href":"https:\/\/solidarnosc.pk.edu.pl\/index.php?rest_route=%2Fwp%2Fv2%2Fmedia&parent=12"}],"curies":[{"name":"wp","href":"https:\/\/api.w.org\/{rel}","templated":true}]}}