{"id":1088,"date":"2019-11-27T11:42:04","date_gmt":"2019-11-27T10:42:04","guid":{"rendered":"http:\/\/solidarnosc.pk.edu.pl\/?page_id=1088"},"modified":"2019-11-27T11:59:24","modified_gmt":"2019-11-27T10:59:24","slug":"inauguracja-roku-akademickiego-2019-2020","status":"publish","type":"page","link":"https:\/\/solidarnosc.pk.edu.pl\/?page_id=1088","title":{"rendered":"Inauguracja Roku Akademickiego 2019\/2020"},"content":{"rendered":"\r\n<p>3 pa\u017adziernika 2019r. odby\u0142a si\u0119 uroczysta inauguracja nowego roku akademickiego 2019\/2020 na Politechnice Krakowskiej. W wydarzeniu bra\u0142 udzia\u0142 wicepremier, minister nauki i szkolnictwa wy\u017cszego Jaros\u0142aw Gowin. Inauguracj\u0119 roku akademickiego poprzedzi\u0142a msza \u015bw., kt\u00f3ra zosta\u0142a odprawiona w Bazylice \u015bw. Floriana. Po jej zako\u0144czeniu uczestnicy udali si\u0119 w uroczystym pochodzie do Mi\u0119dzywydzia\u0142owego Centrum Edukacyjno-Badawczego \u201eDzia\u0142ownia\u201d na kampusie g\u0142\u00f3wnym PK przy ul. Warszawskiej 24 na g\u0142\u00f3wn\u0105 cz\u0119\u015b\u0107 inauguracji 75. roku akademickiego na Politechnice Krakowskiej .<\/p>\r\n<p style=\"text-align: right;\">&nbsp;<\/p>\r\n<p style=\"text-align: right;\">Fot. Jan Zych<\/p>\r\n\r\n\r\n\r\nngg_shortcode_0_placeholder\r\n","protected":false},"excerpt":{"rendered":"<p>3 pa\u017adziernika 2019r. odby\u0142a si\u0119 uroczysta inauguracja nowego roku akademickiego 2019\/2020 na Politechnice Krakowskiej. W &hellip;<\/p>\n","protected":false},"author":1,"featured_media":0,"parent":0,"menu_order":0,"comment_status":"closed","ping_status":"closed","template":"","meta":{"ngg_post_thumbnail":0,"_mc_calendar":[],"footnotes":""},"class_list":["post-1088","page","type-page","status-publish","hentry"],"_links":{"self":[{"href":"https:\/\/solidarnosc.pk.edu.pl\/index.php?rest_route=\/wp\/v2\/pages\/1088","targetHints":{"allow":["GET"]}}],"collection":[{"href":"https:\/\/solidarnosc.pk.edu.pl\/index.php?rest_route=\/wp\/v2\/pages"}],"about":[{"href":"https:\/\/solidarnosc.pk.edu.pl\/index.php?rest_route=\/wp\/v2\/types\/page"}],"author":[{"embeddable":true,"href":"https:\/\/solidarnosc.pk.edu.pl\/index.php?rest_route=\/wp\/v2\/users\/1"}],"replies":[{"embeddable":true,"href":"https:\/\/solidarnosc.pk.edu.pl\/index.php?rest_route=%2Fwp%2Fv2%2Fcomments&post=1088"}],"version-history":[{"count":8,"href":"https:\/\/solidarnosc.pk.edu.pl\/index.php?rest_route=\/wp\/v2\/pages\/1088\/revisions"}],"predecessor-version":[{"id":1098,"href":"https:\/\/solidarnosc.pk.edu.pl\/index.php?rest_route=\/wp\/v2\/pages\/1088\/revisions\/1098"}],"wp:attachment":[{"href":"https:\/\/solidarnosc.pk.edu.pl\/index.php?rest_route=%2Fwp%2Fv2%2Fmedia&parent=1088"}],"curies":[{"name":"wp","href":"https:\/\/api.w.org\/{rel}","templated":true}]}}