{"id":102,"date":"2018-03-30T23:15:57","date_gmt":"2018-03-30T21:15:57","guid":{"rendered":"http:\/\/149.156.151.90\/~nszzpk\/?page_id=102"},"modified":"2025-11-20T13:32:48","modified_gmt":"2025-11-20T12:32:48","slug":"przewodniczacy-kol","status":"publish","type":"page","link":"https:\/\/solidarnosc.pk.edu.pl\/?page_id=102","title":{"rendered":"Przewodnicz\u0105cy K\u00f3\u0142"},"content":{"rendered":"<h3 style=\"text-align: center;\">Przewodnicz\u0105cy K\u00f3\u0142<\/h3>\n<p>&nbsp;<\/p>\n<h4><span style=\"color: #ff0000;\"><strong>kadencja 2023 &#8211; 2028<\/strong><\/span><\/h4>\n<p>Ko\u0142o Wydzia\u0142u Architektury &#8211;&nbsp;El\u017cbieta Waszczyszyn<br \/>\nKo\u0142o Sam. Zak\u0142. Geometrii Wykre\u015blnej ( A-10 ) &#8211; Anna Kulig<br \/>\nKo\u0142o Administracji &#8211; Leszek Szcz\u0119\u015bniak<br \/>\nKo\u0142o Biblioteki G\u0142\u00f3wnej &#8211; Ewelina Marczyk<br \/>\nKo\u0142o Wydzia\u0142u In\u017cynierii i Technologii Chemicznej &#8211;&nbsp;Marek Pi\u0105tkowski<br \/>\nKo\u0142o Wydzia\u0142u In\u017cynierii Elektrycznej i Komputerowej &#8211; S\u0142awomir Bak<br \/>\nKo\u0142o Instytutu L-1\/L-2 &#8211;&nbsp;Marek Bielczyk<br \/>\nKo\u0142o Instytutu L-3\/L4 &#8211; Ryszard Mas\u0142owsk<br \/>\nKo\u0142o Instytutu M-1 &#8211; Micha\u0142 Pr\u0105cik<br \/>\nKo\u0142o Instytutu M-2\/M-6 &#8211;&nbsp;Stanis\u0142aw Gil<br \/>\nKo\u0142o Instytutu M-4 &#8211; Jacek Wojs<br \/>\nKo\u0142o Instytutu M-5\/ M-8 &#8211; Piotr Kisielewski<br \/>\nKo\u0142o Inst. Fizyki F-1 &#8211; Andrzej Osak<br \/>\nKo\u0142o Inst. Matematyki F-2 &#8211; Jan Koro\u0144ski<br \/>\nKo\u0142o Studium J\u0119zyk\u00f3w Obcych &#8211;&nbsp;Tomasz Kuzora<br \/>\nKo\u0142o Instytutu \u015a-1\/ \u015a-2 &#8211; Andrzej Partyka<br \/>\nKo\u0142o Instytutu \u015a-3 &#8211; Krzysztof G\u0142\u00f3d<\/p>\n<h4 style=\"text-align: left;\"><span style=\"color: #ff0000;\"><strong>kadencja 2018 &#8211; 2022<\/strong><\/span><\/h4>\n<p style=\"text-align: left;\">Ko\u0142o Wydzia\u0142u Architektury &#8211;&nbsp;El\u017cbieta Waszczyszyn<br \/>\nKo\u0142o Sam. Zak\u0142. Geometrii Wykre\u015blnej ( A-43 ) &#8211;&nbsp;Marcin Jonak<br \/>\nKo\u0142o Administracji &#8211;&nbsp;Beata Nawrot<br \/>\nKo\u0142o Biblioteki G\u0142\u00f3wnej &#8211;&nbsp;Edward S\u0142awi\u0144ski<br \/>\nKo\u0142o Wydzia\u0142u In\u017cynierii i Technologii Chemicznej &#8211;&nbsp;Marek Pi\u0105tkowski<br \/>\nKo\u0142o Wydzia\u0142u In\u017cynierii Elektrycznej i Komputerowej &#8211;&nbsp;Wies\u0142aw Jakubas<br \/>\nKo\u0142o Instytutu L-1\/L-2 &#8211;&nbsp;Marek Bielczyk<br \/>\nKo\u0142o Instytutu L &#8211; 4 &#8211;&nbsp;Stanis\u0142aw Stru\u015b<br \/>\nKo\u0142o Instytutu M &#8211; 1 &#8211;&nbsp;Micha\u0142 Pr\u0105cik<br \/>\nKo\u0142o Instytutu M-2\/M-6 &#8211;&nbsp;Stanis\u0142aw Gil<br \/>\nKo\u0142o Instytutu M &#8211; 4 &#8211;&nbsp;Jacek Wojs<br \/>\nKo\u0142o Instytutu M-5\/ M-8 &#8211; Piotr Kisielewski<br \/>\nKo\u0142o Inst. Fizyki, Studium W-F, Dz.Wydawn. (F &#8211; 1) &#8211;&nbsp;Ryszard Wolny<br \/>\nKo\u0142o Inst. Matematyki (F &#8211; 2) &#8211;&nbsp;Ma\u0142gorzata Zaj\u0119cka<br \/>\nKo\u0142o Studium J\u0119zyk\u00f3w Obcych &#8211;&nbsp;Tomasz Kuzora<br \/>\nKo\u0142o Instytutu \u015a-1\/ \u015a-2 &#8211; Andrzej Partyka<br \/>\nKo\u0142o Instytutu \u015a-3 &#8211; Krzysztof Lis<\/p>\n<h4 style=\"text-align: left;\"><span style=\"color: #ff0000;\">kadencja 2014 &#8211; 2018<\/span><\/h4>\n<p style=\"text-align: left;\">Przewodnicz\u0105ca Ko\u0142a A &#8211; 43 dr in\u017c. Marcin Jonak<br \/>\nPrzewodnicz\u0105ca Ko\u0142a Architektury dr in\u017c. arch. Marcin Petelenz<br \/>\nPrzewodnicz\u0105ca Ko\u0142a Administracji lic. Beata Nawrot<br \/>\nPrzewodnicz\u0105cy Ko\u0142a Biblioteki mgr Edward S\u0142awi\u0144ski<br \/>\nPrzewodnicz\u0105ca Ko\u0142a Chemii dr in\u017c. Jolanta Polaczek<br \/>\nPrzewodnicz\u0105cy Ko\u0142a Wydz. Elektr. dr in\u017c. Wies\u0142aw Jakubas<br \/>\nPrzewodnicz\u0105cy Ko\u0142a L1 &#8211; L2 in\u017c. Marek Bielczyk<br \/>\nPrzewodnicz\u0105cy Ko\u0142a L &#8211; 4 mgr in\u017c. Stanis\u0142aw Stru\u015b<br \/>\nPrzewodnicz\u0105cy Ko\u0142a M &#8211; 1 dr in\u017c. Micha\u0142 Pr\u0105cik<br \/>\nPrzewodnicz\u0105cy Ko\u0142a M2 &#8211; M6 dr in\u017c. Stanis\u0142aw Gil<br \/>\nPrzewodnicz\u0105cy Ko\u0142a M &#8211; 4 dr in\u017c. Jacek Wojs<br \/>\nPrzewodnicz\u0105cy Ko\u0142a M5 &#8211; M8 dr in\u017c. Piotr Kisielewski<br \/>\nPrzewodnicz\u0105cy Ko\u0142a F &#8211; 1 in\u017c. Janusz Szlachta<br \/>\nPrzewodnicz\u0105cy Ko\u0142a F-2\/F-3 dr Jan Koro\u0144ski<br \/>\nPrzewodnicz\u0105cy Ko\u0142a Studium J\u0119zyk\u00f3w Obcych mgr Danuta Jab\u0142onska<br \/>\nPrzewodnicz\u0105cy Ko\u0142a \u015a1 &#8211; \u015a2 mgr Andrzej Patryka<br \/>\nPrzewodnicz\u0105cy Ko\u0142a \u015a &#8211; 3 mgr in\u017c. Krzysztof Lis<\/p>\n<h4 style=\"text-align: left;\"><span style=\"color: #ff0000;\">kadencja 2010 &#8211; 2014<\/span><\/h4>\n<p style=\"text-align: left;\">Przewodnicz\u0105ca Ko\u0142a A &#8211; 6 dr Krystyna Romaniak<br \/>\nPrzewodnicz\u0105ca Ko\u0142a Architektury dr in\u017c. arch. Katarzyna Hodor<br \/>\nPrzewodnicz\u0105ca Ko\u0142a Administracji lic. Beata Nawrot<br \/>\nPrzewodnicz\u0105cy Ko\u0142a Biblioteki mgr Edward S\u0142awi\u0144ski<br \/>\nPrzewodnicz\u0105ca Ko\u0142a Chemii dr in\u017c. Jolanta Polaczek<br \/>\nPrzewodnicz\u0105cy Ko\u0142a Wydz. Elektr. dr in\u017c. Wies\u0142aw Jakubas<br \/>\nPrzewodnicz\u0105cy Ko\u0142a L1 &#8211; L2 in\u017c. Marek Bielczyk<br \/>\nPrzewodnicz\u0105cy Ko\u0142a L &#8211; 4 mgr in\u017c. Stanis\u0142aw Stru\u015b<br \/>\nPrzewodnicz\u0105cy Ko\u0142a M &#8211; 1 dr in\u017c. Micha\u0142 Pr\u0105cik<br \/>\nPrzewodnicz\u0105cy Ko\u0142a M2 &#8211; M6 dr in\u017c. Stanis\u0142aw Gil<br \/>\nPrzewodnicz\u0105cy Ko\u0142a M &#8211; 4 dr in\u017c. Jacek Wojs<br \/>\nPrzewodnicz\u0105cy Ko\u0142a M5 &#8211; M8 dr in\u017c. Jacek Skowron<br \/>\nPrzewodnicz\u0105cy Ko\u0142a F &#8211; 1 in\u017c. Janusz Szlachta<br \/>\nPrzewodnicz\u0105cy Ko\u0142a F-2\/F-3 dr Antoni Marci\u0144ski<br \/>\nPrzewodnicz\u0105cy Ko\u0142a \u015a &#8211; 1 mgr Andrzej Patryka<br \/>\nPrzewodnicz\u0105ca Ko\u0142a \u015a &#8211; 2 dr in\u017c. El\u017cbieta Chrzanowska<br \/>\nPrzewodnicz\u0105cy Ko\u0142a \u015a &#8211; 3 mgr in\u017c. Krzysztof Lis<\/p>\n<h4 style=\"text-align: left;\"><span style=\"color: #ff0000;\">kadencja 2006 &#8211; 2010<\/span><\/h4>\n<p style=\"text-align: left;\">Przewodnicz\u0105ca Ko\u0142a A &#8211; 6 dr Krystyna Romaniak<br \/>\nPrzewodnicz\u0105ca Ko\u0142a Architektury dr hab. in\u017c. arch. El\u017cbieta W\u0119c\u0142awowicz &#8211; Bilska prof. PK<br \/>\nPrzewodnicz\u0105ca Ko\u0142a Administracji Beata Nawrot<br \/>\nPrzewodnicz\u0105cy Ko\u0142a Biblioteki mgr Edward S\u0142awi\u0144ski<br \/>\nPrzewodnicz\u0105ca Ko\u0142a Chemii dr in\u017c. Jolanta Polaczek<br \/>\nPrzewodnicz\u0105cy Ko\u0142a Wydz. Elektr. dr in\u017c. Wies\u0142aw Jakubas<br \/>\nPrzewodnicz\u0105cy Ko\u0142a L &#8211; 1 in\u017c. Marek Bielczyk<br \/>\nPrzewodnicz\u0105ca Ko\u0142a L &#8211; 2 mgr in\u017c. Marta Niemiec<br \/>\nPrzewodnicz\u0105cy Ko\u0142a L &#8211; 3 dr in\u017c. Zdzis\u0142aw Milian<br \/>\nPrzewodnicz\u0105cy Ko\u0142a L &#8211; 4 mgr in\u017c. Stanis\u0142aw Stru\u015b<br \/>\nPrzewodnicz\u0105cy Ko\u0142a M &#8211; 1 dr in\u017c. Micha\u0142 Pr\u0105cik<br \/>\nPrzewodnicz\u0105cy Ko\u0142a M &#8211; 2 prof. zw. dr hab. in\u017c. Ryszard Koz\u0142owski (do 16. 04. 2008)<br \/>\nPrzewodnicz\u0105cy Ko\u0142a M &#8211; 4 mgr in\u017c. Jacek Wojs<br \/>\nPrzewodnicz\u0105cy Ko\u0142a M &#8211; 5 mgr in\u017c. Jan Ortyl<br \/>\nPrzewodnicz\u0105cy Ko\u0142a M &#8211; 6 dr in\u017c. Stanis\u0142aw Gil<br \/>\nPrzewodnicz\u0105cy Ko\u0142a M &#8211; 8 dr in\u017c. Jacek Skowron<br \/>\nPrzewodnicz\u0105cy Ko\u0142a Matematyki + UCK (F-2\/F-3) dr Antoni Marci\u0144ski<br \/>\nPrzewodnicz\u0105cy Ko\u0142a F &#8211; 1 in\u017c. Janusz Szlachta<br \/>\nPrzewodnicz\u0105cy Ko\u0142a \u015a &#8211; 1 mgr in\u017c. Stefan Sarna<br \/>\nPrzewodnicz\u0105ca Ko\u0142a \u015a &#8211; 2 dr in\u017c. El\u017cbieta Chrzanowska<br \/>\nPrzewodnicz\u0105cy Ko\u0142a \u015a- 3 mgr in\u017c. Krzysztof Lis<\/p>\n<h4 style=\"text-align: left;\"><span style=\"color: #ff0000;\">kadencja 2002 &#8211; 2006<\/span><\/h4>\n<p style=\"text-align: left;\">Przewodnicz\u0105ca Ko\u0142a A &#8211; 9 mgr Krystyna Romaniak<br \/>\nPrzewodnicz\u0105ca Ko\u0142a Architektury dr hab. in\u017c. arch. El\u017cbieta W\u0119c\u0142awowicz &#8211; Bilska prof. PK<br \/>\nPrzewodnicz\u0105ca Ko\u0142a Administracji Beata Nawrot<br \/>\nPrzewodnicz\u0105cy Ko\u0142a Biblioteki mgr Edward S\u0142awi\u0144ski<br \/>\nPrzewodnicz\u0105ca Ko\u0142a Chemii dr in\u017c. Jolanta Polaczek<br \/>\nPrzewodnicz\u0105cy Ko\u0142a Wydz. Elektr. dr in\u017c. Wies\u0142aw Jakubas<br \/>\nPrzewodnicz\u0105cy Ko\u0142a L &#8211; 1 in\u017c. Marek Bielczyk<br \/>\nPrzewodnicz\u0105ca Ko\u0142a L &#8211; 2 mgr in\u017c. Marta Niemiec<br \/>\nPrzewodnicz\u0105cy Ko\u0142a L &#8211; 3 dr in\u017c. Zdzis\u0142aw Milian<br \/>\nPrzewodnicz\u0105cy Ko\u0142a L &#8211; 4 dr in\u017c. Tadeusz Tatara<br \/>\nPrzewodnicz\u0105ca Ko\u0142a M &#8211; 1 dr in\u017c. Micha\u0142 Pr\u0105cik<br \/>\nPrzewodnicz\u0105cy Ko\u0142a M &#8211; 2 dr in\u017c. Jerzy Kowalski<br \/>\nPrzewodnicz\u0105cy Ko\u0142a M &#8211; 4 mgr in\u017c. Jacek Wojs<br \/>\nPrzewodnicz\u0105cy Ko\u0142a M &#8211; 5 mgr in\u017c. Jan Ortyl<br \/>\nPrzewodnicz\u0105cy Ko\u0142a M &#8211; 6 mgr in\u017c. Ryszard Trela<br \/>\nPrzewodnicz\u0105cy Ko\u0142a M &#8211; 8 dr in\u017c. Jacek Skowron<br \/>\nPrzewodnicz\u0105cy Ko\u0142a Matematyki + UCK dr Antoni Marci\u0144ski<br \/>\nPrzewodnicz\u0105cy Ko\u0142a U &#8211; 3 dr in\u017c. Ma\u0142gorzata Duraj<br \/>\nPrzewodnicz\u0105cy Ko\u0142a \u015a &#8211; 1 mgr in\u017c. Stefan Sarna<br \/>\nPrzewodnicz\u0105ca Ko\u0142a \u015a &#8211; 2 dr in\u017c. El\u017cbieta Chrzanowska<br \/>\nPrzewodnicz\u0105cy Ko\u0142a \u015a- 3 mgr in\u017c. Krzysztof Lis<\/p>\n<h4 style=\"text-align: left;\"><span style=\"color: #ff0000;\">kadencja 1998 &#8211; 2002<\/span><\/h4>\n<p style=\"text-align: left;\">Przewodnicz\u0105ca Ko\u0142a A &#8211; 9 mgr Krystyna Romaniak<br \/>\nPrzewodnicz\u0105ca Ko\u0142a Architektury dr hab. in\u017c. arch. El\u017cbieta W\u0119c\u0142awowicz &#8211; Bilska prof. PK<br \/>\nPrzewodnicz\u0105ca Ko\u0142a Administracji Beata Nawrot<br \/>\nPrzewodnicz\u0105ca Ko\u0142a A &#8211; 8 dr in\u017c.arch. Ewa Heczko &#8211; Hy\u0142owa<br \/>\nPrzewodnicz\u0105cy Ko\u0142a Biblioteki mgr Edward S\u0142awi\u0144ski<br \/>\nPrzewodnicz\u0105ca Ko\u0142a Chemii dr in\u017c. Jolanta Polaczek<br \/>\nPrzewodnicz\u0105cy Ko\u0142a Wydz. Elektr. dr in\u017c. Wies\u0142aw Jakubas<br \/>\nPrzewodnicz\u0105cy Ko\u0142a L &#8211; 1 in\u017c. Marek Bielczyk<br \/>\nPrzewodnicz\u0105ca Ko\u0142a L &#8211; 2 mgr in\u017c. Marta Niemiec<br \/>\nPrzewodnicz\u0105cy Ko\u0142a L &#8211; 3 dr in\u017c. Zdzis\u0142aw Milian<br \/>\nPrzewodnicz\u0105cy Ko\u0142a L &#8211; 4 dr in\u017c. Marian Miko\u0142ajek<br \/>\nPrzewodnicz\u0105ca Ko\u0142a M &#8211; 1 dr in\u017c. Agnieszka Sadowska<br \/>\nPrzewodnicz\u0105cy Ko\u0142a M &#8211; 2 dr in\u017c. Jerzy Kowalski<br \/>\nPrzewodnicz\u0105cy Ko\u0142a M &#8211; 4 mgr in\u017c. Jacek Wojs<br \/>\nPrzewodnicz\u0105cy Ko\u0142a M &#8211; 5 mgr in\u017c. Jan Ortyl<br \/>\nPrzewodnicz\u0105cy Ko\u0142a M &#8211; 6 p.o. mgr in\u017c. Ryszard Trela<br \/>\nPrzewodnicz\u0105cy Ko\u0142a M &#8211; 8 dr in\u017c. Jacek Skowron<br \/>\nPrzewodnicz\u0105cy Ko\u0142a U &#8211; 2 + UCK dr Ludwik Byszewski od 1999 dr Antoni Marci\u0144ski<br \/>\nPrzewodnicz\u0105cy Ko\u0142a U &#8211; 3 dr in\u017c. Ma\u0142gorzata Duraj<br \/>\nPrzewodnicz\u0105cy Ko\u0142a W &#8211; 1 mgr in\u017c. Adam Jarz\u0105bek<br \/>\nPrzewodnicz\u0105ca Ko\u0142a W &#8211; 2 dr in\u017c. El\u017cbieta Chrzanowska<br \/>\nPrzewodnicz\u0105cy Ko\u0142a W- 3 mgr in\u017c. Krzysztof Lis<\/p>\n","protected":false},"excerpt":{"rendered":"<p>Przewodnicz\u0105cy K\u00f3\u0142 &nbsp; kadencja 2023 &#8211; 2028 Ko\u0142o Wydzia\u0142u Architektury &#8211;&nbsp;El\u017cbieta Waszczyszyn Ko\u0142o Sam. Zak\u0142. &hellip;<\/p>\n","protected":false},"author":1,"featured_media":0,"parent":0,"menu_order":0,"comment_status":"closed","ping_status":"closed","template":"","meta":{"ngg_post_thumbnail":0,"_mc_calendar":[],"footnotes":""},"class_list":["post-102","page","type-page","status-publish","hentry"],"_links":{"self":[{"href":"https:\/\/solidarnosc.pk.edu.pl\/index.php?rest_route=\/wp\/v2\/pages\/102","targetHints":{"allow":["GET"]}}],"collection":[{"href":"https:\/\/solidarnosc.pk.edu.pl\/index.php?rest_route=\/wp\/v2\/pages"}],"about":[{"href":"https:\/\/solidarnosc.pk.edu.pl\/index.php?rest_route=\/wp\/v2\/types\/page"}],"author":[{"embeddable":true,"href":"https:\/\/solidarnosc.pk.edu.pl\/index.php?rest_route=\/wp\/v2\/users\/1"}],"replies":[{"embeddable":true,"href":"https:\/\/solidarnosc.pk.edu.pl\/index.php?rest_route=%2Fwp%2Fv2%2Fcomments&post=102"}],"version-history":[{"count":9,"href":"https:\/\/solidarnosc.pk.edu.pl\/index.php?rest_route=\/wp\/v2\/pages\/102\/revisions"}],"predecessor-version":[{"id":5102,"href":"https:\/\/solidarnosc.pk.edu.pl\/index.php?rest_route=\/wp\/v2\/pages\/102\/revisions\/5102"}],"wp:attachment":[{"href":"https:\/\/solidarnosc.pk.edu.pl\/index.php?rest_route=%2Fwp%2Fv2%2Fmedia&parent=102"}],"curies":[{"name":"wp","href":"https:\/\/api.w.org\/{rel}","templated":true}]}}